{"id":26119,"date":"2026-01-14T14:29:50","date_gmt":"2026-01-14T14:29:50","guid":{"rendered":"https:\/\/madoskampas.lt\/?post_type=product&#038;p=26119"},"modified":"2026-03-31T11:07:32","modified_gmt":"2026-03-31T11:07:32","slug":"urban-volume-balloon-tipo-dzinsai-kw581","status":"publish","type":"product","link":"https:\/\/madoskampas.lt\/ru\/product-2\/urban-volume-balloon-tipo-dzinsai-kw581\/","title":{"rendered":"\u201eUrban Volume\u201c \u2013 balloon tipo d\u017einsai (KW581)"},"content":{"rendered":"<p data-start=\"335\" data-end=\"562\">Dr\u0105sus siluetas, kuriantis i\u0161skirtin\u012f \u012fvaizd\u012f. <strong data-start=\"382\" data-end=\"400\">\u201eUrban Volume\u201c<\/strong> balloon tipo d\u017einsai pasi\u017eymi auk\u0161tesniu liemeniu, platesniu kritimu per klubus ir lengvai siaur\u0117jan\u010dia apa\u010dia, tod\u0117l fig\u016bra atrodo moderniai ir labai stilingai.<\/p>\n<p data-start=\"564\" data-end=\"787\">\u0160is modelis suteikia laisvumo poj\u016bt\u012f, ta\u010diau i\u0161laiko ai\u0161ki\u0105 form\u0105. Puikus pasirinkimas toms, kurios m\u0117gsta \u0161iuolaikin\u0119 mad\u0105, komfort\u0105 ir nori savo garderobui suteikti charakterio. D\u017einsai lengvai tampa viso derinio akcentu.<\/p>","protected":false},"excerpt":{"rendered":"<p data-start=\"335\" data-end=\"562\">Dr\u0105sus siluetas, kuriantis i\u0161skirtin\u012f \u012fvaizd\u012f. <strong data-start=\"382\" data-end=\"400\">\u201eUrban Volume\u201c<\/strong> balloon tipo d\u017einsai pasi\u017eymi auk\u0161tesniu liemeniu, platesniu kritimu per klubus ir lengvai siaur\u0117jan\u010dia apa\u010dia, tod\u0117l fig\u016bra atrodo moderniai ir labai stilingai.<\/p>\n<p data-start=\"564\" data-end=\"787\">\u0160is modelis suteikia laisvumo poj\u016bt\u012f, ta\u010diau i\u0161laiko ai\u0161ki\u0105 form\u0105. Puikus pasirinkimas toms, kurios m\u0117gsta \u0161iuolaikin\u0119 mad\u0105, komfort\u0105 ir nori savo garderobui suteikti charakterio. D\u017einsai lengvai tampa viso derinio akcentu.<\/p>\n<hr data-start=\"789\" data-end=\"792\" \/>\n<h2 data-start=\"794\" data-end=\"814\">\ud83c\udf3f <strong data-start=\"800\" data-end=\"814\">Privalumai<\/strong><\/h2>\n<ul data-start=\"815\" data-end=\"1131\">\n<li data-start=\"815\" data-end=\"881\">\n<p data-start=\"817\" data-end=\"881\"><strong data-start=\"817\" data-end=\"842\">Balloon tipo siluetas<\/strong> \u2013 madingas, i\u0161skirtinis ir stilingas<\/p>\n<\/li>\n<li data-start=\"882\" data-end=\"949\">\n<p data-start=\"884\" data-end=\"949\"><strong data-start=\"884\" data-end=\"905\">Auk\u0161tesnis liemuo<\/strong> \u2013 pabr\u0117\u017eia liemen\u012f ir suteikia proporcij\u0173<\/p>\n<\/li>\n<li data-start=\"950\" data-end=\"996\">\n<p data-start=\"952\" data-end=\"996\"><strong data-start=\"952\" data-end=\"976\">Laisvesni per klubus<\/strong> \u2013 nevar\u017eo judesi\u0173<\/p>\n<\/li>\n<li data-start=\"997\" data-end=\"1082\">\n<p data-start=\"999\" data-end=\"1082\"><strong data-start=\"999\" data-end=\"1019\">Trumpesnis ilgis<\/strong> \u2013 puikiai tinka av\u0117ti su aulinukais ar sportiniais bateliais<\/p>\n<\/li>\n<li data-start=\"1083\" data-end=\"1131\">\n<p data-start=\"1085\" data-end=\"1131\">Idealiai tinka <strong data-start=\"1100\" data-end=\"1131\">miesto stiliui ir kasdienai<\/strong><\/p>\n<\/li>\n<li data-start=\"1083\" data-end=\"1131\">\n<h2 data-start=\"1486\" data-end=\"1508\">\ud83e\udd0d <strong data-start=\"1492\" data-end=\"1508\">Kaip derinti<\/strong><\/h2>\n<p data-start=\"1509\" data-end=\"1718\">Puikiai dera su trumpais kid moheros ar alpakos megztiniais, prigludusiomis palaidin\u0117mis ar \u012fki\u0161tais mar\u0161kiniais. Av\u0117kite aulinukus, loafers ar sportinius batelius \u2013 siluetas i\u0161liks madingas bet kuriuo atveju.<\/p>\n<table>\n<thead>\n<tr>\n<th>\u0420\u0430\u0437\u043c\u0435\u0440<\/th>\n<th>Liemuo<\/th>\n<th>Klubai<\/th>\n<th>Ilgis<\/th>\n<\/tr>\n<\/thead>\n<tbody>\n<tr>\n<td>XS<\/td>\n<td>31<\/td>\n<td>48<\/td>\n<td>97<\/td>\n<\/tr>\n<tr>\n<td>S<\/td>\n<td>33<\/td>\n<td>50<\/td>\n<td>98<\/td>\n<\/tr>\n<tr>\n<td>M<\/td>\n<td>36<\/td>\n<td>52<\/td>\n<td>101<\/td>\n<\/tr>\n<tr>\n<td>L<\/td>\n<td>37<\/td>\n<td>54<\/td>\n<td>102<\/td>\n<\/tr>\n<tr>\n<td>XL<\/td>\n<td>39<\/td>\n<td>56<\/td>\n<td>102<\/td>\n<\/tr>\n<\/tbody>\n<\/table>\n<\/li>\n<\/ul>","protected":false},"featured_media":26120,"comment_status":"open","ping_status":"closed","template":"","meta":{"_uag_custom_page_level_css":"","_monsterinsights_skip_tracking":false,"_monsterinsights_sitenote_active":false,"_monsterinsights_sitenote_note":"","_monsterinsights_sitenote_category":0},"product_brand":[],"product_cat":[66,67,95],"product_tag":[],"class_list":{"0":"post-26119","1":"product","2":"type-product","3":"status-publish","4":"has-post-thumbnail","6":"product_cat-drabuziai","7":"product_cat-dzinsai","8":"product_cat-naujausi","9":"tm-has-options","11":"first","12":"instock","13":"shipping-taxable","14":"purchasable","15":"product-type-variable"},"yoast_head":"<!-- This site is optimized with the Yoast SEO plugin v27.3 - https:\/\/yoast.com\/product\/yoast-seo-wordpress\/ -->\n<title>\u201eUrban Volume\u201c \u2013 balloon tipo d\u017einsai (KW581) - MadosKampas.lt<\/title>\n<meta name=\"robots\" content=\"index, follow, max-snippet:-1, max-image-preview:large, max-video-preview:-1\" \/>\n<link rel=\"canonical\" href=\"https:\/\/madoskampas.lt\/ru\/product-2\/urban-volume-balloon-tipo-dzinsai-kw581\/\" \/>\n<meta property=\"og:locale\" content=\"ru_RU\" \/>\n<meta property=\"og:type\" content=\"article\" \/>\n<meta property=\"og:title\" content=\"\u201eUrban Volume\u201c \u2013 balloon tipo d\u017einsai (KW581) - MadosKampas.lt\" \/>\n<meta property=\"og:description\" content=\"Dr\u0105sus siluetas, kuriantis i\u0161skirtin\u012f \u012fvaizd\u012f. \u201eUrban Volume\u201c balloon tipo d\u017einsai pasi\u017eymi auk\u0161tesniu liemeniu, platesniu kritimu per klubus ir lengvai siaur\u0117jan\u010dia apa\u010dia, tod\u0117l fig\u016bra atrodo moderniai ir labai stilingai. \u0160is modelis suteikia laisvumo poj\u016bt\u012f, ta\u010diau i\u0161laiko ai\u0161ki\u0105 form\u0105. Puikus pasirinkimas toms, kurios m\u0117gsta \u0161iuolaikin\u0119 mad\u0105, komfort\u0105 ir nori savo garderobui suteikti charakterio. D\u017einsai lengvai tampa viso derinio akcentu.     \ud83c\udf3f Privalumai    Balloon tipo siluetas \u2013 madingas, i\u0161skirtinis ir stilingas    Auk\u0161tesnis liemuo \u2013 pabr\u0117\u017eia liemen\u012f ir suteikia proporcij\u0173    Laisvesni per klubus \u2013 nevar\u017eo judesi\u0173    Trumpesnis ilgis \u2013 puikiai tinka av\u0117ti su aulinukais ar sportiniais bateliais    Idealiai tinka miesto stiliui ir kasdienai    \ud83e\udd0d Kaip derinti Puikiai dera su trumpais kid moheros ar alpakos megztiniais, prigludusiomis palaidin\u0117mis ar \u012fki\u0161tais mar\u0161kiniais. Av\u0117kite aulinukus, loafers ar sportinius batelius \u2013 siluetas i\u0161liks madingas bet kuriuo atveju.     Dydis Liemuo Klubai Ilgis     XS 31 48 97   S 33 50 98   M 36 52 101   L 37 54 102   XL 39 56 102\" \/>\n<meta property=\"og:url\" content=\"https:\/\/madoskampas.lt\/ru\/product-2\/urban-volume-balloon-tipo-dzinsai-kw581\/\" \/>\n<meta property=\"og:site_name\" content=\"MadosKampas.lt\" \/>\n<meta property=\"article:modified_time\" content=\"2026-03-31T11:07:32+00:00\" \/>\n<meta property=\"og:image\" content=\"https:\/\/madoskampas.lt\/wp-content\/uploads\/2026\/01\/IMG_0740-scaled.jpeg\" \/>\n\t<meta property=\"og:image:width\" content=\"1440\" \/>\n\t<meta property=\"og:image:height\" content=\"2560\" \/>\n\t<meta property=\"og:image:type\" content=\"image\/jpeg\" \/>\n<meta name=\"twitter:card\" content=\"summary_large_image\" \/>\n<meta name=\"twitter:label1\" content=\"\u041f\u0440\u0438\u043c\u0435\u0440\u043d\u043e\u0435 \u0432\u0440\u0435\u043c\u044f \u0434\u043b\u044f \u0447\u0442\u0435\u043d\u0438\u044f\" \/>\n\t<meta name=\"twitter:data1\" content=\"1 \u043c\u0438\u043d\u0443\u0442\u0430\" \/>\n<script type=\"application\/ld+json\" class=\"yoast-schema-graph\">{\"@context\":\"https:\\\/\\\/schema.org\",\"@graph\":[{\"@type\":\"WebPage\",\"@id\":\"https:\\\/\\\/madoskampas.lt\\\/produktas\\\/urban-volume-balloon-tipo-dzinsai-kw581\\\/\",\"url\":\"https:\\\/\\\/madoskampas.lt\\\/produktas\\\/urban-volume-balloon-tipo-dzinsai-kw581\\\/\",\"name\":\"\u201eUrban Volume\u201c \u2013 balloon tipo d\u017einsai (KW581) - MadosKampas.lt\",\"isPartOf\":{\"@id\":\"https:\\\/\\\/madoskampas.lt\\\/#website\"},\"primaryImageOfPage\":{\"@id\":\"https:\\\/\\\/madoskampas.lt\\\/produktas\\\/urban-volume-balloon-tipo-dzinsai-kw581\\\/#primaryimage\"},\"image\":{\"@id\":\"https:\\\/\\\/madoskampas.lt\\\/produktas\\\/urban-volume-balloon-tipo-dzinsai-kw581\\\/#primaryimage\"},\"thumbnailUrl\":\"https:\\\/\\\/madoskampas.lt\\\/wp-content\\\/uploads\\\/2026\\\/01\\\/IMG_0740-scaled.jpeg\",\"datePublished\":\"2026-01-14T14:29:50+00:00\",\"dateModified\":\"2026-03-31T11:07:32+00:00\",\"breadcrumb\":{\"@id\":\"https:\\\/\\\/madoskampas.lt\\\/produktas\\\/urban-volume-balloon-tipo-dzinsai-kw581\\\/#breadcrumb\"},\"inLanguage\":\"ru-RU\",\"potentialAction\":[{\"@type\":\"ReadAction\",\"target\":[\"https:\\\/\\\/madoskampas.lt\\\/produktas\\\/urban-volume-balloon-tipo-dzinsai-kw581\\\/\"]}]},{\"@type\":\"ImageObject\",\"inLanguage\":\"ru-RU\",\"@id\":\"https:\\\/\\\/madoskampas.lt\\\/produktas\\\/urban-volume-balloon-tipo-dzinsai-kw581\\\/#primaryimage\",\"url\":\"https:\\\/\\\/madoskampas.lt\\\/wp-content\\\/uploads\\\/2026\\\/01\\\/IMG_0740-scaled.jpeg\",\"contentUrl\":\"https:\\\/\\\/madoskampas.lt\\\/wp-content\\\/uploads\\\/2026\\\/01\\\/IMG_0740-scaled.jpeg\",\"width\":1440,\"height\":2560},{\"@type\":\"BreadcrumbList\",\"@id\":\"https:\\\/\\\/madoskampas.lt\\\/produktas\\\/urban-volume-balloon-tipo-dzinsai-kw581\\\/#breadcrumb\",\"itemListElement\":[{\"@type\":\"ListItem\",\"position\":1,\"name\":\"Home\",\"item\":\"https:\\\/\\\/madoskampas.lt\\\/\"},{\"@type\":\"ListItem\",\"position\":2,\"name\":\"Parduotuv\u0117\",\"item\":\"https:\\\/\\\/madoskampas.lt\\\/parduotuve-2\\\/\"},{\"@type\":\"ListItem\",\"position\":3,\"name\":\"\u201eUrban Volume\u201c \u2013 balloon tipo d\u017einsai (KW581)\"}]},{\"@type\":\"WebSite\",\"@id\":\"https:\\\/\\\/madoskampas.lt\\\/#website\",\"url\":\"https:\\\/\\\/madoskampas.lt\\\/\",\"name\":\"MadosKampas.lt\",\"description\":\"Stilingi drabu\u017eiai moterims\",\"potentialAction\":[{\"@type\":\"SearchAction\",\"target\":{\"@type\":\"EntryPoint\",\"urlTemplate\":\"https:\\\/\\\/madoskampas.lt\\\/?s={search_term_string}\"},\"query-input\":{\"@type\":\"PropertyValueSpecification\",\"valueRequired\":true,\"valueName\":\"search_term_string\"}}],\"inLanguage\":\"ru-RU\"}]}<\/script>\n<!-- \/ Yoast SEO plugin. -->","yoast_head_json":{"title":"\u201eUrban Volume\u201c \u2013 balloon tipo d\u017einsai (KW581) - MadosKampas.lt","robots":{"index":"index","follow":"follow","max-snippet":"max-snippet:-1","max-image-preview":"max-image-preview:large","max-video-preview":"max-video-preview:-1"},"canonical":"https:\/\/madoskampas.lt\/ru\/product-2\/urban-volume-balloon-tipo-dzinsai-kw581\/","og_locale":"ru_RU","og_type":"article","og_title":"\u201eUrban Volume\u201c \u2013 balloon tipo d\u017einsai (KW581) - MadosKampas.lt","og_description":"Dr\u0105sus siluetas, kuriantis i\u0161skirtin\u012f \u012fvaizd\u012f. \u201eUrban Volume\u201c balloon tipo d\u017einsai pasi\u017eymi auk\u0161tesniu liemeniu, platesniu kritimu per klubus ir lengvai siaur\u0117jan\u010dia apa\u010dia, tod\u0117l fig\u016bra atrodo moderniai ir labai stilingai. \u0160is modelis suteikia laisvumo poj\u016bt\u012f, ta\u010diau i\u0161laiko ai\u0161ki\u0105 form\u0105. Puikus pasirinkimas toms, kurios m\u0117gsta \u0161iuolaikin\u0119 mad\u0105, komfort\u0105 ir nori savo garderobui suteikti charakterio. D\u017einsai lengvai tampa viso derinio akcentu.     \ud83c\udf3f Privalumai    Balloon tipo siluetas \u2013 madingas, i\u0161skirtinis ir stilingas    Auk\u0161tesnis liemuo \u2013 pabr\u0117\u017eia liemen\u012f ir suteikia proporcij\u0173    Laisvesni per klubus \u2013 nevar\u017eo judesi\u0173    Trumpesnis ilgis \u2013 puikiai tinka av\u0117ti su aulinukais ar sportiniais bateliais    Idealiai tinka miesto stiliui ir kasdienai    \ud83e\udd0d Kaip derinti Puikiai dera su trumpais kid moheros ar alpakos megztiniais, prigludusiomis palaidin\u0117mis ar \u012fki\u0161tais mar\u0161kiniais. Av\u0117kite aulinukus, loafers ar sportinius batelius \u2013 siluetas i\u0161liks madingas bet kuriuo atveju.     Dydis Liemuo Klubai Ilgis     XS 31 48 97   S 33 50 98   M 36 52 101   L 37 54 102   XL 39 56 102","og_url":"https:\/\/madoskampas.lt\/ru\/product-2\/urban-volume-balloon-tipo-dzinsai-kw581\/","og_site_name":"MadosKampas.lt","article_modified_time":"2026-03-31T11:07:32+00:00","og_image":[{"width":1440,"height":2560,"url":"https:\/\/madoskampas.lt\/wp-content\/uploads\/2026\/01\/IMG_0740-scaled.jpeg","type":"image\/jpeg"}],"twitter_card":"summary_large_image","twitter_misc":{"\u041f\u0440\u0438\u043c\u0435\u0440\u043d\u043e\u0435 \u0432\u0440\u0435\u043c\u044f \u0434\u043b\u044f \u0447\u0442\u0435\u043d\u0438\u044f":"1 \u043c\u0438\u043d\u0443\u0442\u0430"},"schema":{"@context":"https:\/\/schema.org","@graph":[{"@type":"WebPage","@id":"https:\/\/madoskampas.lt\/produktas\/urban-volume-balloon-tipo-dzinsai-kw581\/","url":"https:\/\/madoskampas.lt\/produktas\/urban-volume-balloon-tipo-dzinsai-kw581\/","name":"\u201eUrban Volume\u201c \u2013 balloon tipo d\u017einsai (KW581) - MadosKampas.lt","isPartOf":{"@id":"https:\/\/madoskampas.lt\/#website"},"primaryImageOfPage":{"@id":"https:\/\/madoskampas.lt\/produktas\/urban-volume-balloon-tipo-dzinsai-kw581\/#primaryimage"},"image":{"@id":"https:\/\/madoskampas.lt\/produktas\/urban-volume-balloon-tipo-dzinsai-kw581\/#primaryimage"},"thumbnailUrl":"https:\/\/madoskampas.lt\/wp-content\/uploads\/2026\/01\/IMG_0740-scaled.jpeg","datePublished":"2026-01-14T14:29:50+00:00","dateModified":"2026-03-31T11:07:32+00:00","breadcrumb":{"@id":"https:\/\/madoskampas.lt\/produktas\/urban-volume-balloon-tipo-dzinsai-kw581\/#breadcrumb"},"inLanguage":"ru-RU","potentialAction":[{"@type":"ReadAction","target":["https:\/\/madoskampas.lt\/produktas\/urban-volume-balloon-tipo-dzinsai-kw581\/"]}]},{"@type":"ImageObject","inLanguage":"ru-RU","@id":"https:\/\/madoskampas.lt\/produktas\/urban-volume-balloon-tipo-dzinsai-kw581\/#primaryimage","url":"https:\/\/madoskampas.lt\/wp-content\/uploads\/2026\/01\/IMG_0740-scaled.jpeg","contentUrl":"https:\/\/madoskampas.lt\/wp-content\/uploads\/2026\/01\/IMG_0740-scaled.jpeg","width":1440,"height":2560},{"@type":"BreadcrumbList","@id":"https:\/\/madoskampas.lt\/produktas\/urban-volume-balloon-tipo-dzinsai-kw581\/#breadcrumb","itemListElement":[{"@type":"ListItem","position":1,"name":"Home","item":"https:\/\/madoskampas.lt\/"},{"@type":"ListItem","position":2,"name":"Parduotuv\u0117","item":"https:\/\/madoskampas.lt\/parduotuve-2\/"},{"@type":"ListItem","position":3,"name":"\u201eUrban Volume\u201c \u2013 balloon tipo d\u017einsai (KW581)"}]},{"@type":"WebSite","@id":"https:\/\/madoskampas.lt\/#website","url":"https:\/\/madoskampas.lt\/","name":"FashionKampas.lt","description":"\u0421\u0442\u0438\u043b\u044c\u043d\u0430\u044f \u043e\u0434\u0435\u0436\u0434\u0430 \u0434\u043b\u044f \u0436\u0435\u043d\u0449\u0438\u043d","potentialAction":[{"@type":"SearchAction","target":{"@type":"EntryPoint","urlTemplate":"https:\/\/madoskampas.lt\/?s={search_term_string}"},"query-input":{"@type":"PropertyValueSpecification","valueRequired":true,"valueName":"search_term_string"}}],"inLanguage":"ru-RU"}]}},"uagb_featured_image_src":{"full":["https:\/\/madoskampas.lt\/wp-content\/uploads\/2026\/01\/IMG_0740-scaled.jpeg",1440,2560,false],"thumbnail":["https:\/\/madoskampas.lt\/wp-content\/uploads\/2026\/01\/IMG_0740-150x150.jpeg",150,150,true],"medium":["https:\/\/madoskampas.lt\/wp-content\/uploads\/2026\/01\/IMG_0740-169x300.jpeg",169,300,true],"medium_large":["https:\/\/madoskampas.lt\/wp-content\/uploads\/2026\/01\/IMG_0740-768x1365.jpeg",768,1365,true],"large":["https:\/\/madoskampas.lt\/wp-content\/uploads\/2026\/01\/IMG_0740-576x1024.jpeg",576,1024,true],"1536x1536":["https:\/\/madoskampas.lt\/wp-content\/uploads\/2026\/01\/IMG_0740-864x1536.jpeg",864,1536,true],"2048x2048":["https:\/\/madoskampas.lt\/wp-content\/uploads\/2026\/01\/IMG_0740-1152x2048.jpeg",1152,2048,true],"trp-custom-language-flag":["https:\/\/madoskampas.lt\/wp-content\/uploads\/2026\/01\/IMG_0740-7x12.jpeg",7,12,true],"nova-image-square":["https:\/\/madoskampas.lt\/wp-content\/uploads\/2026\/01\/IMG_0740-1100x1100.jpeg",1100,1100,true],"mixtas-product-03":["https:\/\/madoskampas.lt\/wp-content\/uploads\/2026\/01\/IMG_0740-600x345.jpeg",600,345,true],"woocommerce_thumbnail":["https:\/\/madoskampas.lt\/wp-content\/uploads\/2026\/01\/IMG_0740-700x700.jpeg",700,700,true],"woocommerce_single":["https:\/\/madoskampas.lt\/wp-content\/uploads\/2026\/01\/IMG_0740-1000x1778.jpeg",1000,1778,true],"woocommerce_gallery_thumbnail":["https:\/\/madoskampas.lt\/wp-content\/uploads\/2026\/01\/IMG_0740-250x250.jpeg",250,250,true],"variation_swatches_image_size":["https:\/\/madoskampas.lt\/wp-content\/uploads\/2026\/01\/IMG_0740-50x50.jpeg",50,50,true],"variation_swatches_tooltip_size":["https:\/\/madoskampas.lt\/wp-content\/uploads\/2026\/01\/IMG_0740-100x100.jpeg",100,100,true]},"uagb_author_info":{"display_name":"algirdasbart","author_link":"https:\/\/madoskampas.lt\/ru\/author\/"},"uagb_comment_info":0,"uagb_excerpt":"Dr\u0105sus siluetas, kuriantis i\u0161skirtin\u012f \u012fvaizd\u012f. \u201eUrban Volume\u201c balloon tipo d\u017einsai pasi\u017eymi auk\u0161tesniu liemeniu, platesniu kritimu per klubus ir lengvai siaur\u0117jan\u010dia apa\u010dia, tod\u0117l fig\u016bra atrodo moderniai ir labai stilingai. \u0160is modelis suteikia laisvumo poj\u016bt\u012f, ta\u010diau i\u0161laiko ai\u0161ki\u0105 form\u0105. Puikus pasirinkimas toms, kurios m\u0117gsta \u0161iuolaikin\u0119 mad\u0105, komfort\u0105 ir nori savo garderobui suteikti charakterio. D\u017einsai lengvai tampa viso&hellip;","jetpack_sharing_enabled":true,"_links":{"self":[{"href":"https:\/\/madoskampas.lt\/ru\/wp-json\/wp\/v2\/product\/26119","targetHints":{"allow":["GET"]}}],"collection":[{"href":"https:\/\/madoskampas.lt\/ru\/wp-json\/wp\/v2\/product"}],"about":[{"href":"https:\/\/madoskampas.lt\/ru\/wp-json\/wp\/v2\/types\/product"}],"replies":[{"embeddable":true,"href":"https:\/\/madoskampas.lt\/ru\/wp-json\/wp\/v2\/comments?post=26119"}],"wp:featuredmedia":[{"embeddable":true,"href":"https:\/\/madoskampas.lt\/ru\/wp-json\/wp\/v2\/media\/26120"}],"wp:attachment":[{"href":"https:\/\/madoskampas.lt\/ru\/wp-json\/wp\/v2\/media?parent=26119"}],"wp:term":[{"taxonomy":"product_brand","embeddable":true,"href":"https:\/\/madoskampas.lt\/ru\/wp-json\/wp\/v2\/product_brand?post=26119"},{"taxonomy":"product_cat","embeddable":true,"href":"https:\/\/madoskampas.lt\/ru\/wp-json\/wp\/v2\/product_cat?post=26119"},{"taxonomy":"product_tag","embeddable":true,"href":"https:\/\/madoskampas.lt\/ru\/wp-json\/wp\/v2\/product_tag?post=26119"}],"curies":[{"name":"wp","href":"https:\/\/api.w.org\/{rel}","templated":true}]}}