{"id":26561,"date":"2026-01-22T10:43:58","date_gmt":"2026-01-22T10:43:58","guid":{"rendered":"https:\/\/madoskampas.lt\/?post_type=product&#038;p=26561"},"modified":"2026-04-02T11:04:32","modified_gmt":"2026-04-02T11:04:32","slug":"geliu-siuvinejimo-marskiniai-floral-grace","status":"publish","type":"product","link":"https:\/\/madoskampas.lt\/ru\/product-2\/geliu-siuvinejimo-marskiniai-floral-grace\/","title":{"rendered":"G\u0117li\u0173 siuvin\u0117jimo mar\u0161kiniai \u201eFloral Grace\u201c"},"content":{"rendered":"<p>Lengvi, eleganti\u0161ki mar\u0161kiniai su subtiliu g\u0117li\u0173 siuvin\u0117jimu, kurie suteikia \u012fvaizd\u017eiui i\u0161skirtinumo ir moteri\u0161ko \u0161velnumo. Permatomas, lengvai krentantis audinys kuria gaiv\u0173 siluet\u0105, o klasikin\u0117 apykakl\u0117 ir sagut\u0117s leid\u017eia mar\u0161kinius lengvai pritaikyti tiek kasdieniams, tiek eleganti\u0161kesniems deriniams.<\/p>","protected":false},"excerpt":{"rendered":"<p data-start=\"229\" data-end=\"551\">Lengvi, eleganti\u0161ki mar\u0161kiniai su subtiliu g\u0117li\u0173 siuvin\u0117jimu, kurie suteikia \u012fvaizd\u017eiui i\u0161skirtinumo ir moteri\u0161ko \u0161velnumo. Permatomas, lengvai krentantis audinys kuria gaiv\u0173 siluet\u0105, o klasikin\u0117 apykakl\u0117 ir sagut\u0117s leid\u017eia mar\u0161kinius lengvai pritaikyti tiek kasdieniams, tiek eleganti\u0161kesniems deriniams.<\/p>\n<p data-start=\"553\" data-end=\"725\">\u0160is modelis puikiai atrodo tiek laisvai d\u0117vimas, tiek dalinai \u012fki\u0161tas \u012f kelnes ar d\u017einsus. Idealiai tinka moteriai, kuri vertina detales, stili\u0173 ir lengv\u0105 prabangos poj\u016bt\u012f.<\/p>\n<p data-start=\"727\" data-end=\"749\">\ud83d\udccf <strong data-start=\"730\" data-end=\"742\">\u0420\u0430\u0437\u043c\u0435\u0440\u044b:<\/strong> S\u2013XL<\/p>\n<p data-start=\"751\" data-end=\"851\">\ud83c\udf38 <strong data-start=\"754\" data-end=\"851\">Mar\u0161kiniai, kurie subtiliai pabr\u0117\u017eia moteri\u0161kum\u0105 ir tampa i\u0161skirtiniu akcentu J\u016bs\u0173 garderobe.<\/strong><\/p>","protected":false},"featured_media":26540,"comment_status":"open","ping_status":"closed","template":"","meta":{"_uag_custom_page_level_css":"","_monsterinsights_skip_tracking":false,"_monsterinsights_sitenote_active":false,"_monsterinsights_sitenote_note":"","_monsterinsights_sitenote_category":0},"product_brand":[],"product_cat":[66,72,95],"product_tag":[],"class_list":{"0":"post-26561","1":"product","2":"type-product","3":"status-publish","4":"has-post-thumbnail","6":"product_cat-drabuziai","7":"product_cat-marskiniai","8":"product_cat-naujausi","9":"tm-has-options","11":"first","12":"instock","13":"sale","14":"shipping-taxable","15":"purchasable","16":"product-type-simple"},"yoast_head":"<!-- This site is optimized with the Yoast SEO plugin v27.3 - https:\/\/yoast.com\/product\/yoast-seo-wordpress\/ -->\n<title>G\u0117li\u0173 siuvin\u0117jimo mar\u0161kiniai \u201eFloral Grace\u201c - MadosKampas.lt<\/title>\n<meta name=\"robots\" content=\"index, follow, max-snippet:-1, max-image-preview:large, max-video-preview:-1\" \/>\n<link rel=\"canonical\" href=\"https:\/\/madoskampas.lt\/ru\/product-2\/geliu-siuvinejimo-marskiniai-floral-grace\/\" \/>\n<meta property=\"og:locale\" content=\"ru_RU\" \/>\n<meta property=\"og:type\" content=\"article\" \/>\n<meta property=\"og:title\" content=\"G\u0117li\u0173 siuvin\u0117jimo mar\u0161kiniai \u201eFloral Grace\u201c - MadosKampas.lt\" \/>\n<meta property=\"og:description\" content=\"Lengvi, eleganti\u0161ki mar\u0161kiniai su subtiliu g\u0117li\u0173 siuvin\u0117jimu, kurie suteikia \u012fvaizd\u017eiui i\u0161skirtinumo ir moteri\u0161ko \u0161velnumo. Permatomas, lengvai krentantis audinys kuria gaiv\u0173 siluet\u0105, o klasikin\u0117 apykakl\u0117 ir sagut\u0117s leid\u017eia mar\u0161kinius lengvai pritaikyti tiek kasdieniams, tiek eleganti\u0161kesniems deriniams. \u0160is modelis puikiai atrodo tiek laisvai d\u0117vimas, tiek dalinai \u012fki\u0161tas \u012f kelnes ar d\u017einsus. Idealiai tinka moteriai, kuri vertina detales, stili\u0173 ir lengv\u0105 prabangos poj\u016bt\u012f. \ud83d\udccf Dyd\u017eiai: S\u2013XL \ud83c\udf38 Mar\u0161kiniai, kurie subtiliai pabr\u0117\u017eia moteri\u0161kum\u0105 ir tampa i\u0161skirtiniu akcentu J\u016bs\u0173 garderobe.\" \/>\n<meta property=\"og:url\" content=\"https:\/\/madoskampas.lt\/ru\/product-2\/geliu-siuvinejimo-marskiniai-floral-grace\/\" \/>\n<meta property=\"og:site_name\" content=\"MadosKampas.lt\" \/>\n<meta property=\"article:modified_time\" content=\"2026-04-02T11:04:32+00:00\" \/>\n<meta property=\"og:image\" content=\"https:\/\/madoskampas.lt\/wp-content\/uploads\/2026\/01\/IMG_1697-scaled.jpeg\" \/>\n\t<meta property=\"og:image:width\" content=\"1440\" \/>\n\t<meta property=\"og:image:height\" content=\"2560\" \/>\n\t<meta property=\"og:image:type\" content=\"image\/jpeg\" \/>\n<meta name=\"twitter:card\" content=\"summary_large_image\" \/>\n<meta name=\"twitter:label1\" content=\"\u041f\u0440\u0438\u043c\u0435\u0440\u043d\u043e\u0435 \u0432\u0440\u0435\u043c\u044f \u0434\u043b\u044f \u0447\u0442\u0435\u043d\u0438\u044f\" \/>\n\t<meta name=\"twitter:data1\" content=\"1 \u043c\u0438\u043d\u0443\u0442\u0430\" \/>\n<script type=\"application\/ld+json\" class=\"yoast-schema-graph\">{\"@context\":\"https:\\\/\\\/schema.org\",\"@graph\":[{\"@type\":\"WebPage\",\"@id\":\"https:\\\/\\\/madoskampas.lt\\\/produktas\\\/geliu-siuvinejimo-marskiniai-floral-grace\\\/\",\"url\":\"https:\\\/\\\/madoskampas.lt\\\/produktas\\\/geliu-siuvinejimo-marskiniai-floral-grace\\\/\",\"name\":\"G\u0117li\u0173 siuvin\u0117jimo mar\u0161kiniai \u201eFloral Grace\u201c - MadosKampas.lt\",\"isPartOf\":{\"@id\":\"https:\\\/\\\/madoskampas.lt\\\/#website\"},\"primaryImageOfPage\":{\"@id\":\"https:\\\/\\\/madoskampas.lt\\\/produktas\\\/geliu-siuvinejimo-marskiniai-floral-grace\\\/#primaryimage\"},\"image\":{\"@id\":\"https:\\\/\\\/madoskampas.lt\\\/produktas\\\/geliu-siuvinejimo-marskiniai-floral-grace\\\/#primaryimage\"},\"thumbnailUrl\":\"https:\\\/\\\/madoskampas.lt\\\/wp-content\\\/uploads\\\/2026\\\/01\\\/IMG_1697-scaled.jpeg\",\"datePublished\":\"2026-01-22T10:43:58+00:00\",\"dateModified\":\"2026-04-02T11:04:32+00:00\",\"breadcrumb\":{\"@id\":\"https:\\\/\\\/madoskampas.lt\\\/produktas\\\/geliu-siuvinejimo-marskiniai-floral-grace\\\/#breadcrumb\"},\"inLanguage\":\"ru-RU\",\"potentialAction\":[{\"@type\":\"ReadAction\",\"target\":[\"https:\\\/\\\/madoskampas.lt\\\/produktas\\\/geliu-siuvinejimo-marskiniai-floral-grace\\\/\"]}]},{\"@type\":\"ImageObject\",\"inLanguage\":\"ru-RU\",\"@id\":\"https:\\\/\\\/madoskampas.lt\\\/produktas\\\/geliu-siuvinejimo-marskiniai-floral-grace\\\/#primaryimage\",\"url\":\"https:\\\/\\\/madoskampas.lt\\\/wp-content\\\/uploads\\\/2026\\\/01\\\/IMG_1697-scaled.jpeg\",\"contentUrl\":\"https:\\\/\\\/madoskampas.lt\\\/wp-content\\\/uploads\\\/2026\\\/01\\\/IMG_1697-scaled.jpeg\",\"width\":1440,\"height\":2560},{\"@type\":\"BreadcrumbList\",\"@id\":\"https:\\\/\\\/madoskampas.lt\\\/produktas\\\/geliu-siuvinejimo-marskiniai-floral-grace\\\/#breadcrumb\",\"itemListElement\":[{\"@type\":\"ListItem\",\"position\":1,\"name\":\"Home\",\"item\":\"https:\\\/\\\/madoskampas.lt\\\/\"},{\"@type\":\"ListItem\",\"position\":2,\"name\":\"Parduotuv\u0117\",\"item\":\"https:\\\/\\\/madoskampas.lt\\\/parduotuve-2\\\/\"},{\"@type\":\"ListItem\",\"position\":3,\"name\":\"G\u0117li\u0173 siuvin\u0117jimo mar\u0161kiniai \u201eFloral Grace\u201c\"}]},{\"@type\":\"WebSite\",\"@id\":\"https:\\\/\\\/madoskampas.lt\\\/#website\",\"url\":\"https:\\\/\\\/madoskampas.lt\\\/\",\"name\":\"MadosKampas.lt\",\"description\":\"Stilingi drabu\u017eiai moterims\",\"potentialAction\":[{\"@type\":\"SearchAction\",\"target\":{\"@type\":\"EntryPoint\",\"urlTemplate\":\"https:\\\/\\\/madoskampas.lt\\\/?s={search_term_string}\"},\"query-input\":{\"@type\":\"PropertyValueSpecification\",\"valueRequired\":true,\"valueName\":\"search_term_string\"}}],\"inLanguage\":\"ru-RU\"}]}<\/script>\n<!-- \/ Yoast SEO plugin. -->","yoast_head_json":{"title":"G\u0117li\u0173 siuvin\u0117jimo mar\u0161kiniai \u201eFloral Grace\u201c - MadosKampas.lt","robots":{"index":"index","follow":"follow","max-snippet":"max-snippet:-1","max-image-preview":"max-image-preview:large","max-video-preview":"max-video-preview:-1"},"canonical":"https:\/\/madoskampas.lt\/ru\/product-2\/geliu-siuvinejimo-marskiniai-floral-grace\/","og_locale":"ru_RU","og_type":"article","og_title":"G\u0117li\u0173 siuvin\u0117jimo mar\u0161kiniai \u201eFloral Grace\u201c - MadosKampas.lt","og_description":"Lengvi, eleganti\u0161ki mar\u0161kiniai su subtiliu g\u0117li\u0173 siuvin\u0117jimu, kurie suteikia \u012fvaizd\u017eiui i\u0161skirtinumo ir moteri\u0161ko \u0161velnumo. Permatomas, lengvai krentantis audinys kuria gaiv\u0173 siluet\u0105, o klasikin\u0117 apykakl\u0117 ir sagut\u0117s leid\u017eia mar\u0161kinius lengvai pritaikyti tiek kasdieniams, tiek eleganti\u0161kesniems deriniams. \u0160is modelis puikiai atrodo tiek laisvai d\u0117vimas, tiek dalinai \u012fki\u0161tas \u012f kelnes ar d\u017einsus. Idealiai tinka moteriai, kuri vertina detales, stili\u0173 ir lengv\u0105 prabangos poj\u016bt\u012f. \ud83d\udccf Dyd\u017eiai: S\u2013XL \ud83c\udf38 Mar\u0161kiniai, kurie subtiliai pabr\u0117\u017eia moteri\u0161kum\u0105 ir tampa i\u0161skirtiniu akcentu J\u016bs\u0173 garderobe.","og_url":"https:\/\/madoskampas.lt\/ru\/product-2\/geliu-siuvinejimo-marskiniai-floral-grace\/","og_site_name":"MadosKampas.lt","article_modified_time":"2026-04-02T11:04:32+00:00","og_image":[{"width":1440,"height":2560,"url":"https:\/\/madoskampas.lt\/wp-content\/uploads\/2026\/01\/IMG_1697-scaled.jpeg","type":"image\/jpeg"}],"twitter_card":"summary_large_image","twitter_misc":{"\u041f\u0440\u0438\u043c\u0435\u0440\u043d\u043e\u0435 \u0432\u0440\u0435\u043c\u044f \u0434\u043b\u044f \u0447\u0442\u0435\u043d\u0438\u044f":"1 \u043c\u0438\u043d\u0443\u0442\u0430"},"schema":{"@context":"https:\/\/schema.org","@graph":[{"@type":"WebPage","@id":"https:\/\/madoskampas.lt\/produktas\/geliu-siuvinejimo-marskiniai-floral-grace\/","url":"https:\/\/madoskampas.lt\/produktas\/geliu-siuvinejimo-marskiniai-floral-grace\/","name":"G\u0117li\u0173 siuvin\u0117jimo mar\u0161kiniai \u201eFloral Grace\u201c - MadosKampas.lt","isPartOf":{"@id":"https:\/\/madoskampas.lt\/#website"},"primaryImageOfPage":{"@id":"https:\/\/madoskampas.lt\/produktas\/geliu-siuvinejimo-marskiniai-floral-grace\/#primaryimage"},"image":{"@id":"https:\/\/madoskampas.lt\/produktas\/geliu-siuvinejimo-marskiniai-floral-grace\/#primaryimage"},"thumbnailUrl":"https:\/\/madoskampas.lt\/wp-content\/uploads\/2026\/01\/IMG_1697-scaled.jpeg","datePublished":"2026-01-22T10:43:58+00:00","dateModified":"2026-04-02T11:04:32+00:00","breadcrumb":{"@id":"https:\/\/madoskampas.lt\/produktas\/geliu-siuvinejimo-marskiniai-floral-grace\/#breadcrumb"},"inLanguage":"ru-RU","potentialAction":[{"@type":"ReadAction","target":["https:\/\/madoskampas.lt\/produktas\/geliu-siuvinejimo-marskiniai-floral-grace\/"]}]},{"@type":"ImageObject","inLanguage":"ru-RU","@id":"https:\/\/madoskampas.lt\/produktas\/geliu-siuvinejimo-marskiniai-floral-grace\/#primaryimage","url":"https:\/\/madoskampas.lt\/wp-content\/uploads\/2026\/01\/IMG_1697-scaled.jpeg","contentUrl":"https:\/\/madoskampas.lt\/wp-content\/uploads\/2026\/01\/IMG_1697-scaled.jpeg","width":1440,"height":2560},{"@type":"BreadcrumbList","@id":"https:\/\/madoskampas.lt\/produktas\/geliu-siuvinejimo-marskiniai-floral-grace\/#breadcrumb","itemListElement":[{"@type":"ListItem","position":1,"name":"Home","item":"https:\/\/madoskampas.lt\/"},{"@type":"ListItem","position":2,"name":"Parduotuv\u0117","item":"https:\/\/madoskampas.lt\/parduotuve-2\/"},{"@type":"ListItem","position":3,"name":"G\u0117li\u0173 siuvin\u0117jimo mar\u0161kiniai \u201eFloral Grace\u201c"}]},{"@type":"WebSite","@id":"https:\/\/madoskampas.lt\/#website","url":"https:\/\/madoskampas.lt\/","name":"FashionKampas.lt","description":"\u0421\u0442\u0438\u043b\u044c\u043d\u0430\u044f \u043e\u0434\u0435\u0436\u0434\u0430 \u0434\u043b\u044f \u0436\u0435\u043d\u0449\u0438\u043d","potentialAction":[{"@type":"SearchAction","target":{"@type":"EntryPoint","urlTemplate":"https:\/\/madoskampas.lt\/?s={search_term_string}"},"query-input":{"@type":"PropertyValueSpecification","valueRequired":true,"valueName":"search_term_string"}}],"inLanguage":"ru-RU"}]}},"uagb_featured_image_src":{"full":["https:\/\/madoskampas.lt\/wp-content\/uploads\/2026\/01\/IMG_1697-scaled.jpeg",1440,2560,false],"thumbnail":["https:\/\/madoskampas.lt\/wp-content\/uploads\/2026\/01\/IMG_1697-150x150.jpeg",150,150,true],"medium":["https:\/\/madoskampas.lt\/wp-content\/uploads\/2026\/01\/IMG_1697-169x300.jpeg",169,300,true],"medium_large":["https:\/\/madoskampas.lt\/wp-content\/uploads\/2026\/01\/IMG_1697-768x1365.jpeg",768,1365,true],"large":["https:\/\/madoskampas.lt\/wp-content\/uploads\/2026\/01\/IMG_1697-576x1024.jpeg",576,1024,true],"1536x1536":["https:\/\/madoskampas.lt\/wp-content\/uploads\/2026\/01\/IMG_1697-864x1536.jpeg",864,1536,true],"2048x2048":["https:\/\/madoskampas.lt\/wp-content\/uploads\/2026\/01\/IMG_1697-1152x2048.jpeg",1152,2048,true],"trp-custom-language-flag":["https:\/\/madoskampas.lt\/wp-content\/uploads\/2026\/01\/IMG_1697-7x12.jpeg",7,12,true],"nova-image-square":["https:\/\/madoskampas.lt\/wp-content\/uploads\/2026\/01\/IMG_1697-1100x1100.jpeg",1100,1100,true],"mixtas-product-03":["https:\/\/madoskampas.lt\/wp-content\/uploads\/2026\/01\/IMG_1697-600x345.jpeg",600,345,true],"woocommerce_thumbnail":["https:\/\/madoskampas.lt\/wp-content\/uploads\/2026\/01\/IMG_1697-700x700.jpeg",700,700,true],"woocommerce_single":["https:\/\/madoskampas.lt\/wp-content\/uploads\/2026\/01\/IMG_1697-1000x1778.jpeg",1000,1778,true],"woocommerce_gallery_thumbnail":["https:\/\/madoskampas.lt\/wp-content\/uploads\/2026\/01\/IMG_1697-250x250.jpeg",250,250,true],"variation_swatches_image_size":["https:\/\/madoskampas.lt\/wp-content\/uploads\/2026\/01\/IMG_1697-50x50.jpeg",50,50,true],"variation_swatches_tooltip_size":["https:\/\/madoskampas.lt\/wp-content\/uploads\/2026\/01\/IMG_1697-100x100.jpeg",100,100,true]},"uagb_author_info":{"display_name":"algirdasbart","author_link":"https:\/\/madoskampas.lt\/ru\/author\/"},"uagb_comment_info":0,"uagb_excerpt":"Lengvi, eleganti\u0161ki mar\u0161kiniai su subtiliu g\u0117li\u0173 siuvin\u0117jimu, kurie suteikia \u012fvaizd\u017eiui i\u0161skirtinumo ir moteri\u0161ko \u0161velnumo. Permatomas, lengvai krentantis audinys kuria gaiv\u0173 siluet\u0105, o klasikin\u0117 apykakl\u0117 ir sagut\u0117s leid\u017eia mar\u0161kinius lengvai pritaikyti tiek kasdieniams, tiek eleganti\u0161kesniems deriniams. \u0160is modelis puikiai atrodo tiek laisvai d\u0117vimas, tiek dalinai \u012fki\u0161tas \u012f kelnes ar d\u017einsus. Idealiai tinka moteriai, kuri vertina detales,&hellip;","jetpack_sharing_enabled":true,"_links":{"self":[{"href":"https:\/\/madoskampas.lt\/ru\/wp-json\/wp\/v2\/product\/26561","targetHints":{"allow":["GET"]}}],"collection":[{"href":"https:\/\/madoskampas.lt\/ru\/wp-json\/wp\/v2\/product"}],"about":[{"href":"https:\/\/madoskampas.lt\/ru\/wp-json\/wp\/v2\/types\/product"}],"replies":[{"embeddable":true,"href":"https:\/\/madoskampas.lt\/ru\/wp-json\/wp\/v2\/comments?post=26561"}],"wp:featuredmedia":[{"embeddable":true,"href":"https:\/\/madoskampas.lt\/ru\/wp-json\/wp\/v2\/media\/26540"}],"wp:attachment":[{"href":"https:\/\/madoskampas.lt\/ru\/wp-json\/wp\/v2\/media?parent=26561"}],"wp:term":[{"taxonomy":"product_brand","embeddable":true,"href":"https:\/\/madoskampas.lt\/ru\/wp-json\/wp\/v2\/product_brand?post=26561"},{"taxonomy":"product_cat","embeddable":true,"href":"https:\/\/madoskampas.lt\/ru\/wp-json\/wp\/v2\/product_cat?post=26561"},{"taxonomy":"product_tag","embeddable":true,"href":"https:\/\/madoskampas.lt\/ru\/wp-json\/wp\/v2\/product_tag?post=26561"}],"curies":[{"name":"wp","href":"https:\/\/api.w.org\/{rel}","templated":true}]}}