{"id":26625,"date":"2026-01-23T09:32:49","date_gmt":"2026-01-23T09:32:49","guid":{"rendered":"https:\/\/madoskampas.lt\/?post_type=product&#038;p=26625"},"modified":"2026-01-31T10:11:05","modified_gmt":"2026-01-31T10:11:05","slug":"liemene-su-reguliuojamais-raisteliais-modern-grace","status":"publish","type":"product","link":"https:\/\/madoskampas.lt\/ru\/product-2\/liemene-su-reguliuojamais-raisteliais-modern-grace\/","title":{"rendered":"Liemen\u0117 su reguliuojamais rai\u0161teliais \u201eModern Grace\u201c"},"content":{"rendered":"<p>Stilinga, asimetri\u0161ko kirpimo liemen\u0117, kuri subtiliai pabr\u0117\u017eia siluet\u0105 ir suteikia \u012fvaizd\u017eiui modernios elegancijos. Modelis i\u0161siskiria dekoratyviniais <strong data-start=\"418\" data-end=\"443\">\u0161oniniais rai\u0161teliais<\/strong>, leid\u017eian\u010diais reguliuoti liemen\u0117s plot\u012f pagal fig\u016br\u0105 \u2013 patogu ir labai esteti\u0161ka.<\/p>","protected":false},"excerpt":{"rendered":"<p data-start=\"249\" data-end=\"526\">Stilinga, asimetri\u0161ko kirpimo liemen\u0117, kuri subtiliai pabr\u0117\u017eia siluet\u0105 ir suteikia \u012fvaizd\u017eiui modernios elegancijos. Modelis i\u0161siskiria dekoratyviniais <strong data-start=\"418\" data-end=\"443\">\u0161oniniais rai\u0161teliais<\/strong>, leid\u017eian\u010diais reguliuoti liemen\u0117s plot\u012f pagal fig\u016br\u0105 \u2013 patogu ir labai esteti\u0161ka.<\/p>\n<p data-start=\"528\" data-end=\"744\">Liemen\u0117 puikiai tinka tiek kasdieniam, tiek oficialesniam \u012fvaizd\u017eiui: derinkite su keln\u0117mis, d\u017einsais ar sijonu. Minimalistinis dizainas ir \u0161varios linijos kuria rafinuot\u0105, pasitik\u0117jim\u0105 savimi spinduliuojant\u012f stili\u0173.<\/p>\n<p data-start=\"746\" data-end=\"818\">\ud83d\udda4 <strong data-start=\"749\" data-end=\"818\">Detal\u0117, kuri leid\u017eia prisitaikyti prie J\u016bs\u0173 fig\u016bros ir nuotaikos.<\/strong><\/p>","protected":false},"featured_media":26637,"comment_status":"open","ping_status":"closed","template":"","meta":{"_uag_custom_page_level_css":"","_monsterinsights_skip_tracking":false,"_monsterinsights_sitenote_active":false,"_monsterinsights_sitenote_note":"","_monsterinsights_sitenote_category":0},"product_brand":[],"product_cat":[66,71,95],"product_tag":[],"class_list":{"0":"post-26625","1":"product","2":"type-product","3":"status-publish","4":"has-post-thumbnail","6":"product_cat-drabuziai","7":"product_cat-liemenes","8":"product_cat-naujausi","9":"tm-has-options","11":"first","12":"instock","13":"shipping-taxable","14":"purchasable","15":"product-type-variable"},"yoast_head":"<!-- This site is optimized with the Yoast SEO plugin v27.3 - https:\/\/yoast.com\/product\/yoast-seo-wordpress\/ -->\n<title>Liemen\u0117 su reguliuojamais rai\u0161teliais \u201eModern Grace\u201c - MadosKampas.lt<\/title>\n<meta name=\"robots\" content=\"index, follow, max-snippet:-1, max-image-preview:large, max-video-preview:-1\" \/>\n<link rel=\"canonical\" href=\"https:\/\/madoskampas.lt\/ru\/product-2\/liemene-su-reguliuojamais-raisteliais-modern-grace\/\" \/>\n<meta property=\"og:locale\" content=\"ru_RU\" \/>\n<meta property=\"og:type\" content=\"article\" \/>\n<meta property=\"og:title\" content=\"Liemen\u0117 su reguliuojamais rai\u0161teliais \u201eModern Grace\u201c - MadosKampas.lt\" \/>\n<meta property=\"og:description\" content=\"Stilinga, asimetri\u0161ko kirpimo liemen\u0117, kuri subtiliai pabr\u0117\u017eia siluet\u0105 ir suteikia \u012fvaizd\u017eiui modernios elegancijos. Modelis i\u0161siskiria dekoratyviniais \u0161oniniais rai\u0161teliais, leid\u017eian\u010diais reguliuoti liemen\u0117s plot\u012f pagal fig\u016br\u0105 \u2013 patogu ir labai esteti\u0161ka. Liemen\u0117 puikiai tinka tiek kasdieniam, tiek oficialesniam \u012fvaizd\u017eiui: derinkite su keln\u0117mis, d\u017einsais ar sijonu. Minimalistinis dizainas ir \u0161varios linijos kuria rafinuot\u0105, pasitik\u0117jim\u0105 savimi spinduliuojant\u012f stili\u0173. \ud83d\udda4 Detal\u0117, kuri leid\u017eia prisitaikyti prie J\u016bs\u0173 fig\u016bros ir nuotaikos.\" \/>\n<meta property=\"og:url\" content=\"https:\/\/madoskampas.lt\/ru\/product-2\/liemene-su-reguliuojamais-raisteliais-modern-grace\/\" \/>\n<meta property=\"og:site_name\" content=\"MadosKampas.lt\" \/>\n<meta property=\"article:modified_time\" content=\"2026-01-31T10:11:05+00:00\" \/>\n<meta property=\"og:image\" content=\"https:\/\/madoskampas.lt\/wp-content\/uploads\/2026\/01\/IMG_1790-1.jpeg\" \/>\n\t<meta property=\"og:image:width\" content=\"1330\" \/>\n\t<meta property=\"og:image:height\" content=\"2364\" \/>\n\t<meta property=\"og:image:type\" content=\"image\/jpeg\" \/>\n<meta name=\"twitter:card\" content=\"summary_large_image\" \/>\n<meta name=\"twitter:label1\" content=\"\u041f\u0440\u0438\u043c\u0435\u0440\u043d\u043e\u0435 \u0432\u0440\u0435\u043c\u044f \u0434\u043b\u044f \u0447\u0442\u0435\u043d\u0438\u044f\" \/>\n\t<meta name=\"twitter:data1\" content=\"1 \u043c\u0438\u043d\u0443\u0442\u0430\" \/>\n<script type=\"application\/ld+json\" class=\"yoast-schema-graph\">{\"@context\":\"https:\\\/\\\/schema.org\",\"@graph\":[{\"@type\":\"WebPage\",\"@id\":\"https:\\\/\\\/madoskampas.lt\\\/produktas\\\/liemene-su-reguliuojamais-raisteliais-modern-grace\\\/\",\"url\":\"https:\\\/\\\/madoskampas.lt\\\/produktas\\\/liemene-su-reguliuojamais-raisteliais-modern-grace\\\/\",\"name\":\"Liemen\u0117 su reguliuojamais rai\u0161teliais \u201eModern Grace\u201c - MadosKampas.lt\",\"isPartOf\":{\"@id\":\"https:\\\/\\\/madoskampas.lt\\\/#website\"},\"primaryImageOfPage\":{\"@id\":\"https:\\\/\\\/madoskampas.lt\\\/produktas\\\/liemene-su-reguliuojamais-raisteliais-modern-grace\\\/#primaryimage\"},\"image\":{\"@id\":\"https:\\\/\\\/madoskampas.lt\\\/produktas\\\/liemene-su-reguliuojamais-raisteliais-modern-grace\\\/#primaryimage\"},\"thumbnailUrl\":\"https:\\\/\\\/madoskampas.lt\\\/wp-content\\\/uploads\\\/2026\\\/01\\\/IMG_1790-1.jpeg\",\"datePublished\":\"2026-01-23T09:32:49+00:00\",\"dateModified\":\"2026-01-31T10:11:05+00:00\",\"breadcrumb\":{\"@id\":\"https:\\\/\\\/madoskampas.lt\\\/produktas\\\/liemene-su-reguliuojamais-raisteliais-modern-grace\\\/#breadcrumb\"},\"inLanguage\":\"ru-RU\",\"potentialAction\":[{\"@type\":\"ReadAction\",\"target\":[\"https:\\\/\\\/madoskampas.lt\\\/produktas\\\/liemene-su-reguliuojamais-raisteliais-modern-grace\\\/\"]}]},{\"@type\":\"ImageObject\",\"inLanguage\":\"ru-RU\",\"@id\":\"https:\\\/\\\/madoskampas.lt\\\/produktas\\\/liemene-su-reguliuojamais-raisteliais-modern-grace\\\/#primaryimage\",\"url\":\"https:\\\/\\\/madoskampas.lt\\\/wp-content\\\/uploads\\\/2026\\\/01\\\/IMG_1790-1.jpeg\",\"contentUrl\":\"https:\\\/\\\/madoskampas.lt\\\/wp-content\\\/uploads\\\/2026\\\/01\\\/IMG_1790-1.jpeg\",\"width\":1330,\"height\":2364},{\"@type\":\"BreadcrumbList\",\"@id\":\"https:\\\/\\\/madoskampas.lt\\\/produktas\\\/liemene-su-reguliuojamais-raisteliais-modern-grace\\\/#breadcrumb\",\"itemListElement\":[{\"@type\":\"ListItem\",\"position\":1,\"name\":\"Home\",\"item\":\"https:\\\/\\\/madoskampas.lt\\\/\"},{\"@type\":\"ListItem\",\"position\":2,\"name\":\"Parduotuv\u0117\",\"item\":\"https:\\\/\\\/madoskampas.lt\\\/parduotuve-2\\\/\"},{\"@type\":\"ListItem\",\"position\":3,\"name\":\"Liemen\u0117 su reguliuojamais rai\u0161teliais \u201eModern Grace\u201c\"}]},{\"@type\":\"WebSite\",\"@id\":\"https:\\\/\\\/madoskampas.lt\\\/#website\",\"url\":\"https:\\\/\\\/madoskampas.lt\\\/\",\"name\":\"MadosKampas.lt\",\"description\":\"Stilingi drabu\u017eiai moterims\",\"potentialAction\":[{\"@type\":\"SearchAction\",\"target\":{\"@type\":\"EntryPoint\",\"urlTemplate\":\"https:\\\/\\\/madoskampas.lt\\\/?s={search_term_string}\"},\"query-input\":{\"@type\":\"PropertyValueSpecification\",\"valueRequired\":true,\"valueName\":\"search_term_string\"}}],\"inLanguage\":\"ru-RU\"}]}<\/script>\n<!-- \/ Yoast SEO plugin. -->","yoast_head_json":{"title":"Liemen\u0117 su reguliuojamais rai\u0161teliais \u201eModern Grace\u201c - MadosKampas.lt","robots":{"index":"index","follow":"follow","max-snippet":"max-snippet:-1","max-image-preview":"max-image-preview:large","max-video-preview":"max-video-preview:-1"},"canonical":"https:\/\/madoskampas.lt\/ru\/product-2\/liemene-su-reguliuojamais-raisteliais-modern-grace\/","og_locale":"ru_RU","og_type":"article","og_title":"Liemen\u0117 su reguliuojamais rai\u0161teliais \u201eModern Grace\u201c - MadosKampas.lt","og_description":"Stilinga, asimetri\u0161ko kirpimo liemen\u0117, kuri subtiliai pabr\u0117\u017eia siluet\u0105 ir suteikia \u012fvaizd\u017eiui modernios elegancijos. Modelis i\u0161siskiria dekoratyviniais \u0161oniniais rai\u0161teliais, leid\u017eian\u010diais reguliuoti liemen\u0117s plot\u012f pagal fig\u016br\u0105 \u2013 patogu ir labai esteti\u0161ka. Liemen\u0117 puikiai tinka tiek kasdieniam, tiek oficialesniam \u012fvaizd\u017eiui: derinkite su keln\u0117mis, d\u017einsais ar sijonu. Minimalistinis dizainas ir \u0161varios linijos kuria rafinuot\u0105, pasitik\u0117jim\u0105 savimi spinduliuojant\u012f stili\u0173. \ud83d\udda4 Detal\u0117, kuri leid\u017eia prisitaikyti prie J\u016bs\u0173 fig\u016bros ir nuotaikos.","og_url":"https:\/\/madoskampas.lt\/ru\/product-2\/liemene-su-reguliuojamais-raisteliais-modern-grace\/","og_site_name":"MadosKampas.lt","article_modified_time":"2026-01-31T10:11:05+00:00","og_image":[{"width":1330,"height":2364,"url":"https:\/\/madoskampas.lt\/wp-content\/uploads\/2026\/01\/IMG_1790-1.jpeg","type":"image\/jpeg"}],"twitter_card":"summary_large_image","twitter_misc":{"\u041f\u0440\u0438\u043c\u0435\u0440\u043d\u043e\u0435 \u0432\u0440\u0435\u043c\u044f \u0434\u043b\u044f \u0447\u0442\u0435\u043d\u0438\u044f":"1 \u043c\u0438\u043d\u0443\u0442\u0430"},"schema":{"@context":"https:\/\/schema.org","@graph":[{"@type":"WebPage","@id":"https:\/\/madoskampas.lt\/produktas\/liemene-su-reguliuojamais-raisteliais-modern-grace\/","url":"https:\/\/madoskampas.lt\/produktas\/liemene-su-reguliuojamais-raisteliais-modern-grace\/","name":"Liemen\u0117 su reguliuojamais rai\u0161teliais \u201eModern Grace\u201c - MadosKampas.lt","isPartOf":{"@id":"https:\/\/madoskampas.lt\/#website"},"primaryImageOfPage":{"@id":"https:\/\/madoskampas.lt\/produktas\/liemene-su-reguliuojamais-raisteliais-modern-grace\/#primaryimage"},"image":{"@id":"https:\/\/madoskampas.lt\/produktas\/liemene-su-reguliuojamais-raisteliais-modern-grace\/#primaryimage"},"thumbnailUrl":"https:\/\/madoskampas.lt\/wp-content\/uploads\/2026\/01\/IMG_1790-1.jpeg","datePublished":"2026-01-23T09:32:49+00:00","dateModified":"2026-01-31T10:11:05+00:00","breadcrumb":{"@id":"https:\/\/madoskampas.lt\/produktas\/liemene-su-reguliuojamais-raisteliais-modern-grace\/#breadcrumb"},"inLanguage":"ru-RU","potentialAction":[{"@type":"ReadAction","target":["https:\/\/madoskampas.lt\/produktas\/liemene-su-reguliuojamais-raisteliais-modern-grace\/"]}]},{"@type":"ImageObject","inLanguage":"ru-RU","@id":"https:\/\/madoskampas.lt\/produktas\/liemene-su-reguliuojamais-raisteliais-modern-grace\/#primaryimage","url":"https:\/\/madoskampas.lt\/wp-content\/uploads\/2026\/01\/IMG_1790-1.jpeg","contentUrl":"https:\/\/madoskampas.lt\/wp-content\/uploads\/2026\/01\/IMG_1790-1.jpeg","width":1330,"height":2364},{"@type":"BreadcrumbList","@id":"https:\/\/madoskampas.lt\/produktas\/liemene-su-reguliuojamais-raisteliais-modern-grace\/#breadcrumb","itemListElement":[{"@type":"ListItem","position":1,"name":"Home","item":"https:\/\/madoskampas.lt\/"},{"@type":"ListItem","position":2,"name":"Parduotuv\u0117","item":"https:\/\/madoskampas.lt\/parduotuve-2\/"},{"@type":"ListItem","position":3,"name":"Liemen\u0117 su reguliuojamais rai\u0161teliais \u201eModern Grace\u201c"}]},{"@type":"WebSite","@id":"https:\/\/madoskampas.lt\/#website","url":"https:\/\/madoskampas.lt\/","name":"FashionKampas.lt","description":"\u0421\u0442\u0438\u043b\u044c\u043d\u0430\u044f \u043e\u0434\u0435\u0436\u0434\u0430 \u0434\u043b\u044f \u0436\u0435\u043d\u0449\u0438\u043d","potentialAction":[{"@type":"SearchAction","target":{"@type":"EntryPoint","urlTemplate":"https:\/\/madoskampas.lt\/?s={search_term_string}"},"query-input":{"@type":"PropertyValueSpecification","valueRequired":true,"valueName":"search_term_string"}}],"inLanguage":"ru-RU"}]}},"uagb_featured_image_src":{"full":["https:\/\/madoskampas.lt\/wp-content\/uploads\/2026\/01\/IMG_1790-1.jpeg",1330,2364,false],"thumbnail":["https:\/\/madoskampas.lt\/wp-content\/uploads\/2026\/01\/IMG_1790-1-150x150.jpeg",150,150,true],"medium":["https:\/\/madoskampas.lt\/wp-content\/uploads\/2026\/01\/IMG_1790-1-169x300.jpeg",169,300,true],"medium_large":["https:\/\/madoskampas.lt\/wp-content\/uploads\/2026\/01\/IMG_1790-1-768x1365.jpeg",768,1365,true],"large":["https:\/\/madoskampas.lt\/wp-content\/uploads\/2026\/01\/IMG_1790-1-576x1024.jpeg",576,1024,true],"1536x1536":["https:\/\/madoskampas.lt\/wp-content\/uploads\/2026\/01\/IMG_1790-1-864x1536.jpeg",864,1536,true],"2048x2048":["https:\/\/madoskampas.lt\/wp-content\/uploads\/2026\/01\/IMG_1790-1-1152x2048.jpeg",1152,2048,true],"trp-custom-language-flag":["https:\/\/madoskampas.lt\/wp-content\/uploads\/2026\/01\/IMG_1790-1-7x12.jpeg",7,12,true],"nova-image-square":["https:\/\/madoskampas.lt\/wp-content\/uploads\/2026\/01\/IMG_1790-1-1100x1100.jpeg",1100,1100,true],"mixtas-product-03":["https:\/\/madoskampas.lt\/wp-content\/uploads\/2026\/01\/IMG_1790-1-600x345.jpeg",600,345,true],"woocommerce_thumbnail":["https:\/\/madoskampas.lt\/wp-content\/uploads\/2026\/01\/IMG_1790-1-700x700.jpeg",700,700,true],"woocommerce_single":["https:\/\/madoskampas.lt\/wp-content\/uploads\/2026\/01\/IMG_1790-1-1000x1777.jpeg",1000,1777,true],"woocommerce_gallery_thumbnail":["https:\/\/madoskampas.lt\/wp-content\/uploads\/2026\/01\/IMG_1790-1-250x250.jpeg",250,250,true],"variation_swatches_image_size":["https:\/\/madoskampas.lt\/wp-content\/uploads\/2026\/01\/IMG_1790-1-50x50.jpeg",50,50,true],"variation_swatches_tooltip_size":["https:\/\/madoskampas.lt\/wp-content\/uploads\/2026\/01\/IMG_1790-1-100x100.jpeg",100,100,true]},"uagb_author_info":{"display_name":"algirdasbart","author_link":"https:\/\/madoskampas.lt\/ru\/author\/"},"uagb_comment_info":0,"uagb_excerpt":"Stilinga, asimetri\u0161ko kirpimo liemen\u0117, kuri subtiliai pabr\u0117\u017eia siluet\u0105 ir suteikia \u012fvaizd\u017eiui modernios elegancijos. Modelis i\u0161siskiria dekoratyviniais \u0161oniniais rai\u0161teliais, leid\u017eian\u010diais reguliuoti liemen\u0117s plot\u012f pagal fig\u016br\u0105 \u2013 patogu ir labai esteti\u0161ka. Liemen\u0117 puikiai tinka tiek kasdieniam, tiek oficialesniam \u012fvaizd\u017eiui: derinkite su keln\u0117mis, d\u017einsais ar sijonu. Minimalistinis dizainas ir \u0161varios linijos kuria rafinuot\u0105, pasitik\u0117jim\u0105 savimi spinduliuojant\u012f stili\u0173. \ud83d\udda4&hellip;","jetpack_sharing_enabled":true,"_links":{"self":[{"href":"https:\/\/madoskampas.lt\/ru\/wp-json\/wp\/v2\/product\/26625","targetHints":{"allow":["GET"]}}],"collection":[{"href":"https:\/\/madoskampas.lt\/ru\/wp-json\/wp\/v2\/product"}],"about":[{"href":"https:\/\/madoskampas.lt\/ru\/wp-json\/wp\/v2\/types\/product"}],"replies":[{"embeddable":true,"href":"https:\/\/madoskampas.lt\/ru\/wp-json\/wp\/v2\/comments?post=26625"}],"wp:featuredmedia":[{"embeddable":true,"href":"https:\/\/madoskampas.lt\/ru\/wp-json\/wp\/v2\/media\/26637"}],"wp:attachment":[{"href":"https:\/\/madoskampas.lt\/ru\/wp-json\/wp\/v2\/media?parent=26625"}],"wp:term":[{"taxonomy":"product_brand","embeddable":true,"href":"https:\/\/madoskampas.lt\/ru\/wp-json\/wp\/v2\/product_brand?post=26625"},{"taxonomy":"product_cat","embeddable":true,"href":"https:\/\/madoskampas.lt\/ru\/wp-json\/wp\/v2\/product_cat?post=26625"},{"taxonomy":"product_tag","embeddable":true,"href":"https:\/\/madoskampas.lt\/ru\/wp-json\/wp\/v2\/product_tag?post=26625"}],"curies":[{"name":"wp","href":"https:\/\/api.w.org\/{rel}","templated":true}]}}