{"id":26736,"date":"2026-01-24T09:25:51","date_gmt":"2026-01-24T09:25:51","guid":{"rendered":"https:\/\/madoskampas.lt\/?post_type=product&#038;p=26736"},"modified":"2026-03-25T13:09:48","modified_gmt":"2026-03-25T13:09:48","slug":"soft-tailor-svarkas","status":"publish","type":"product","link":"https:\/\/madoskampas.lt\/ru\/product-2\/soft-tailor-svarkas\/","title":{"rendered":"\u0160varkas \u201eSoft Tailor\u201c"},"content":{"rendered":"<p data-start=\"338\" data-end=\"536\">Stilingas, lengvai krentantis \u0161varkas, kuris taps nepakei\u010diamu kasdieniu pasirinkimu. Klasikinio kirpimo, ta\u010diau mink\u0161tas ir komforti\u0161kas \u2013 puikiai dera tiek prie sijono, tiek prie kelni\u0173 ar d\u017eins\u0173.<\/p>\n<p data-start=\"538\" data-end=\"706\">Minimalistinis dizainas leid\u017eia j\u012f lengvai pritaikyti tiek darbui, tiek laisvalaikiui. D\u0117vimas atsegtas ar lengvai priglud\u0119s \u2013 visada atrodo tvarkingai ir eleganti\u0161kai.<\/p>","protected":false},"excerpt":{"rendered":"<p data-start=\"338\" data-end=\"536\">Stilingas, lengvai krentantis \u0161varkas, kuris taps nepakei\u010diamu kasdieniu pasirinkimu. Klasikinio kirpimo, ta\u010diau mink\u0161tas ir komforti\u0161kas \u2013 puikiai dera tiek prie sijono, tiek prie kelni\u0173 ar d\u017eins\u0173.<\/p>\n<p data-start=\"538\" data-end=\"706\">Minimalistinis dizainas leid\u017eia j\u012f lengvai pritaikyti tiek darbui, tiek laisvalaikiui. D\u0117vimas atsegtas ar lengvai priglud\u0119s \u2013 visada atrodo tvarkingai ir eleganti\u0161kai.<\/p>\n<p data-start=\"708\" data-end=\"720\"><strong data-start=\"708\" data-end=\"720\">\u041f\u043e\u0434\u0440\u043e\u0431\u043d\u043e\u0441\u0442\u0438:<\/strong><\/p>\n<ul data-start=\"721\" data-end=\"855\">\n<li data-start=\"721\" data-end=\"744\">\n<p data-start=\"723\" data-end=\"744\">Universalus modelis<\/p>\n<\/li>\n<li data-start=\"745\" data-end=\"768\">\n<p data-start=\"747\" data-end=\"768\">Dydis tinka <strong data-start=\"759\" data-end=\"766\">S\u2013M<\/strong><\/p>\n<\/li>\n<li data-start=\"769\" data-end=\"813\">\n<p data-start=\"771\" data-end=\"813\">Klasikinis siluetas su moderniu lengvumu<\/p>\n<\/li>\n<li data-start=\"814\" data-end=\"855\">\n<p data-start=\"816\" data-end=\"855\">Lengvai derinamas prie \u012fvairi\u0173 stili\u0173<\/p>\n<\/li>\n<\/ul>\n<p data-start=\"857\" data-end=\"922\">\ud83d\udda4 \u0160varkas, kuris \u201esusid\u0117lioja\u201c pats \u2013 u\u017esivelki ir viskas tinka.<\/p>","protected":false},"featured_media":27067,"comment_status":"open","ping_status":"closed","template":"","meta":{"_uag_custom_page_level_css":"","_monsterinsights_skip_tracking":false,"_monsterinsights_sitenote_active":false,"_monsterinsights_sitenote_note":"","_monsterinsights_sitenote_category":0},"product_brand":[],"product_cat":[66,95,79],"product_tag":[],"class_list":{"0":"post-26736","1":"product","2":"type-product","3":"status-publish","4":"has-post-thumbnail","6":"product_cat-drabuziai","7":"product_cat-naujausi","8":"product_cat-svarkai","9":"tm-has-options","11":"first","12":"instock","13":"shipping-taxable","14":"purchasable","15":"product-type-variable"},"yoast_head":"<!-- This site is optimized with the Yoast SEO plugin v27.3 - https:\/\/yoast.com\/product\/yoast-seo-wordpress\/ -->\n<title>\u0160varkas \u201eSoft Tailor\u201c - MadosKampas.lt<\/title>\n<meta name=\"robots\" content=\"index, follow, max-snippet:-1, max-image-preview:large, max-video-preview:-1\" \/>\n<link rel=\"canonical\" href=\"https:\/\/madoskampas.lt\/ru\/product-2\/soft-tailor-svarkas\/\" \/>\n<meta property=\"og:locale\" content=\"ru_RU\" \/>\n<meta property=\"og:type\" content=\"article\" \/>\n<meta property=\"og:title\" content=\"\u0160varkas \u201eSoft Tailor\u201c - MadosKampas.lt\" \/>\n<meta property=\"og:description\" content=\"Stilingas, lengvai krentantis \u0161varkas, kuris taps nepakei\u010diamu kasdieniu pasirinkimu. Klasikinio kirpimo, ta\u010diau mink\u0161tas ir komforti\u0161kas \u2013 puikiai dera tiek prie sijono, tiek prie kelni\u0173 ar d\u017eins\u0173. Minimalistinis dizainas leid\u017eia j\u012f lengvai pritaikyti tiek darbui, tiek laisvalaikiui. D\u0117vimas atsegtas ar lengvai priglud\u0119s \u2013 visada atrodo tvarkingai ir eleganti\u0161kai. Detal\u0117s:     Universalus modelis    Dydis tinka S\u2013M    Klasikinis siluetas su moderniu lengvumu    Lengvai derinamas prie \u012fvairi\u0173 stili\u0173   \ud83d\udda4 \u0160varkas, kuris \u201esusid\u0117lioja\u201c pats \u2013 u\u017esivelki ir viskas tinka.\" \/>\n<meta property=\"og:url\" content=\"https:\/\/madoskampas.lt\/ru\/product-2\/soft-tailor-svarkas\/\" \/>\n<meta property=\"og:site_name\" content=\"MadosKampas.lt\" \/>\n<meta property=\"article:modified_time\" content=\"2026-03-25T13:09:48+00:00\" \/>\n<meta property=\"og:image\" content=\"https:\/\/madoskampas.lt\/wp-content\/uploads\/2026\/01\/IMG_2057.jpeg\" \/>\n\t<meta property=\"og:image:width\" content=\"1330\" \/>\n\t<meta property=\"og:image:height\" content=\"2364\" \/>\n\t<meta property=\"og:image:type\" content=\"image\/jpeg\" \/>\n<meta name=\"twitter:card\" content=\"summary_large_image\" \/>\n<meta name=\"twitter:label1\" content=\"\u041f\u0440\u0438\u043c\u0435\u0440\u043d\u043e\u0435 \u0432\u0440\u0435\u043c\u044f \u0434\u043b\u044f \u0447\u0442\u0435\u043d\u0438\u044f\" \/>\n\t<meta name=\"twitter:data1\" content=\"1 \u043c\u0438\u043d\u0443\u0442\u0430\" \/>\n<script type=\"application\/ld+json\" class=\"yoast-schema-graph\">{\"@context\":\"https:\\\/\\\/schema.org\",\"@graph\":[{\"@type\":\"WebPage\",\"@id\":\"https:\\\/\\\/madoskampas.lt\\\/produktas\\\/soft-tailor-svarkas\\\/\",\"url\":\"https:\\\/\\\/madoskampas.lt\\\/produktas\\\/soft-tailor-svarkas\\\/\",\"name\":\"\u0160varkas \u201eSoft Tailor\u201c - MadosKampas.lt\",\"isPartOf\":{\"@id\":\"https:\\\/\\\/madoskampas.lt\\\/#website\"},\"primaryImageOfPage\":{\"@id\":\"https:\\\/\\\/madoskampas.lt\\\/produktas\\\/soft-tailor-svarkas\\\/#primaryimage\"},\"image\":{\"@id\":\"https:\\\/\\\/madoskampas.lt\\\/produktas\\\/soft-tailor-svarkas\\\/#primaryimage\"},\"thumbnailUrl\":\"https:\\\/\\\/madoskampas.lt\\\/wp-content\\\/uploads\\\/2026\\\/01\\\/img_2830-scaled.jpeg\",\"datePublished\":\"2026-01-24T09:25:51+00:00\",\"dateModified\":\"2026-03-25T13:09:48+00:00\",\"breadcrumb\":{\"@id\":\"https:\\\/\\\/madoskampas.lt\\\/produktas\\\/soft-tailor-svarkas\\\/#breadcrumb\"},\"inLanguage\":\"ru-RU\",\"potentialAction\":[{\"@type\":\"ReadAction\",\"target\":[\"https:\\\/\\\/madoskampas.lt\\\/produktas\\\/soft-tailor-svarkas\\\/\"]}]},{\"@type\":\"ImageObject\",\"inLanguage\":\"ru-RU\",\"@id\":\"https:\\\/\\\/madoskampas.lt\\\/produktas\\\/soft-tailor-svarkas\\\/#primaryimage\",\"url\":\"https:\\\/\\\/madoskampas.lt\\\/wp-content\\\/uploads\\\/2026\\\/01\\\/img_2830-scaled.jpeg\",\"contentUrl\":\"https:\\\/\\\/madoskampas.lt\\\/wp-content\\\/uploads\\\/2026\\\/01\\\/img_2830-scaled.jpeg\",\"width\":1440,\"height\":2560},{\"@type\":\"BreadcrumbList\",\"@id\":\"https:\\\/\\\/madoskampas.lt\\\/produktas\\\/soft-tailor-svarkas\\\/#breadcrumb\",\"itemListElement\":[{\"@type\":\"ListItem\",\"position\":1,\"name\":\"Home\",\"item\":\"https:\\\/\\\/madoskampas.lt\\\/\"},{\"@type\":\"ListItem\",\"position\":2,\"name\":\"Parduotuv\u0117\",\"item\":\"https:\\\/\\\/madoskampas.lt\\\/parduotuve-2\\\/\"},{\"@type\":\"ListItem\",\"position\":3,\"name\":\"\u0160varkas \u201eSoft Tailor\u201c\"}]},{\"@type\":\"WebSite\",\"@id\":\"https:\\\/\\\/madoskampas.lt\\\/#website\",\"url\":\"https:\\\/\\\/madoskampas.lt\\\/\",\"name\":\"MadosKampas.lt\",\"description\":\"Stilingi drabu\u017eiai moterims\",\"potentialAction\":[{\"@type\":\"SearchAction\",\"target\":{\"@type\":\"EntryPoint\",\"urlTemplate\":\"https:\\\/\\\/madoskampas.lt\\\/?s={search_term_string}\"},\"query-input\":{\"@type\":\"PropertyValueSpecification\",\"valueRequired\":true,\"valueName\":\"search_term_string\"}}],\"inLanguage\":\"ru-RU\"}]}<\/script>\n<!-- \/ Yoast SEO plugin. -->","yoast_head_json":{"title":"\u0160varkas \u201eSoft Tailor\u201c - MadosKampas.lt","robots":{"index":"index","follow":"follow","max-snippet":"max-snippet:-1","max-image-preview":"max-image-preview:large","max-video-preview":"max-video-preview:-1"},"canonical":"https:\/\/madoskampas.lt\/ru\/product-2\/soft-tailor-svarkas\/","og_locale":"ru_RU","og_type":"article","og_title":"\u0160varkas \u201eSoft Tailor\u201c - MadosKampas.lt","og_description":"Stilingas, lengvai krentantis \u0161varkas, kuris taps nepakei\u010diamu kasdieniu pasirinkimu. Klasikinio kirpimo, ta\u010diau mink\u0161tas ir komforti\u0161kas \u2013 puikiai dera tiek prie sijono, tiek prie kelni\u0173 ar d\u017eins\u0173. Minimalistinis dizainas leid\u017eia j\u012f lengvai pritaikyti tiek darbui, tiek laisvalaikiui. D\u0117vimas atsegtas ar lengvai priglud\u0119s \u2013 visada atrodo tvarkingai ir eleganti\u0161kai. Detal\u0117s:     Universalus modelis    Dydis tinka S\u2013M    Klasikinis siluetas su moderniu lengvumu    Lengvai derinamas prie \u012fvairi\u0173 stili\u0173   \ud83d\udda4 \u0160varkas, kuris \u201esusid\u0117lioja\u201c pats \u2013 u\u017esivelki ir viskas tinka.","og_url":"https:\/\/madoskampas.lt\/ru\/product-2\/soft-tailor-svarkas\/","og_site_name":"MadosKampas.lt","article_modified_time":"2026-03-25T13:09:48+00:00","og_image":[{"width":1330,"height":2364,"url":"https:\/\/madoskampas.lt\/wp-content\/uploads\/2026\/01\/IMG_2057.jpeg","type":"image\/jpeg"}],"twitter_card":"summary_large_image","twitter_misc":{"\u041f\u0440\u0438\u043c\u0435\u0440\u043d\u043e\u0435 \u0432\u0440\u0435\u043c\u044f \u0434\u043b\u044f \u0447\u0442\u0435\u043d\u0438\u044f":"1 \u043c\u0438\u043d\u0443\u0442\u0430"},"schema":{"@context":"https:\/\/schema.org","@graph":[{"@type":"WebPage","@id":"https:\/\/madoskampas.lt\/produktas\/soft-tailor-svarkas\/","url":"https:\/\/madoskampas.lt\/produktas\/soft-tailor-svarkas\/","name":"\u0160varkas \u201eSoft Tailor\u201c - MadosKampas.lt","isPartOf":{"@id":"https:\/\/madoskampas.lt\/#website"},"primaryImageOfPage":{"@id":"https:\/\/madoskampas.lt\/produktas\/soft-tailor-svarkas\/#primaryimage"},"image":{"@id":"https:\/\/madoskampas.lt\/produktas\/soft-tailor-svarkas\/#primaryimage"},"thumbnailUrl":"https:\/\/madoskampas.lt\/wp-content\/uploads\/2026\/01\/img_2830-scaled.jpeg","datePublished":"2026-01-24T09:25:51+00:00","dateModified":"2026-03-25T13:09:48+00:00","breadcrumb":{"@id":"https:\/\/madoskampas.lt\/produktas\/soft-tailor-svarkas\/#breadcrumb"},"inLanguage":"ru-RU","potentialAction":[{"@type":"ReadAction","target":["https:\/\/madoskampas.lt\/produktas\/soft-tailor-svarkas\/"]}]},{"@type":"ImageObject","inLanguage":"ru-RU","@id":"https:\/\/madoskampas.lt\/produktas\/soft-tailor-svarkas\/#primaryimage","url":"https:\/\/madoskampas.lt\/wp-content\/uploads\/2026\/01\/img_2830-scaled.jpeg","contentUrl":"https:\/\/madoskampas.lt\/wp-content\/uploads\/2026\/01\/img_2830-scaled.jpeg","width":1440,"height":2560},{"@type":"BreadcrumbList","@id":"https:\/\/madoskampas.lt\/produktas\/soft-tailor-svarkas\/#breadcrumb","itemListElement":[{"@type":"ListItem","position":1,"name":"Home","item":"https:\/\/madoskampas.lt\/"},{"@type":"ListItem","position":2,"name":"Parduotuv\u0117","item":"https:\/\/madoskampas.lt\/parduotuve-2\/"},{"@type":"ListItem","position":3,"name":"\u0160varkas \u201eSoft Tailor\u201c"}]},{"@type":"WebSite","@id":"https:\/\/madoskampas.lt\/#website","url":"https:\/\/madoskampas.lt\/","name":"FashionKampas.lt","description":"\u0421\u0442\u0438\u043b\u044c\u043d\u0430\u044f \u043e\u0434\u0435\u0436\u0434\u0430 \u0434\u043b\u044f \u0436\u0435\u043d\u0449\u0438\u043d","potentialAction":[{"@type":"SearchAction","target":{"@type":"EntryPoint","urlTemplate":"https:\/\/madoskampas.lt\/?s={search_term_string}"},"query-input":{"@type":"PropertyValueSpecification","valueRequired":true,"valueName":"search_term_string"}}],"inLanguage":"ru-RU"}]}},"uagb_featured_image_src":{"full":["https:\/\/madoskampas.lt\/wp-content\/uploads\/2026\/01\/img_2830-scaled.jpeg",1440,2560,false],"thumbnail":["https:\/\/madoskampas.lt\/wp-content\/uploads\/2026\/01\/img_2830-150x150.jpeg",150,150,true],"medium":["https:\/\/madoskampas.lt\/wp-content\/uploads\/2026\/01\/img_2830-169x300.jpeg",169,300,true],"medium_large":["https:\/\/madoskampas.lt\/wp-content\/uploads\/2026\/01\/img_2830-768x1365.jpeg",768,1365,true],"large":["https:\/\/madoskampas.lt\/wp-content\/uploads\/2026\/01\/img_2830-576x1024.jpeg",576,1024,true],"1536x1536":["https:\/\/madoskampas.lt\/wp-content\/uploads\/2026\/01\/img_2830-864x1536.jpeg",864,1536,true],"2048x2048":["https:\/\/madoskampas.lt\/wp-content\/uploads\/2026\/01\/img_2830-1152x2048.jpeg",1152,2048,true],"trp-custom-language-flag":["https:\/\/madoskampas.lt\/wp-content\/uploads\/2026\/01\/img_2830-7x12.jpeg",7,12,true],"nova-image-square":["https:\/\/madoskampas.lt\/wp-content\/uploads\/2026\/01\/img_2830-1100x1100.jpeg",1100,1100,true],"mixtas-product-03":["https:\/\/madoskampas.lt\/wp-content\/uploads\/2026\/01\/img_2830-600x345.jpeg",600,345,true],"woocommerce_thumbnail":["https:\/\/madoskampas.lt\/wp-content\/uploads\/2026\/01\/img_2830-700x700.jpeg",700,700,true],"woocommerce_single":["https:\/\/madoskampas.lt\/wp-content\/uploads\/2026\/01\/img_2830-1000x1777.jpeg",1000,1777,true],"woocommerce_gallery_thumbnail":["https:\/\/madoskampas.lt\/wp-content\/uploads\/2026\/01\/img_2830-250x250.jpeg",250,250,true],"variation_swatches_image_size":["https:\/\/madoskampas.lt\/wp-content\/uploads\/2026\/01\/img_2830-50x50.jpeg",50,50,true],"variation_swatches_tooltip_size":["https:\/\/madoskampas.lt\/wp-content\/uploads\/2026\/01\/img_2830-100x100.jpeg",100,100,true]},"uagb_author_info":{"display_name":"algirdasbart","author_link":"https:\/\/madoskampas.lt\/ru\/author\/"},"uagb_comment_info":0,"uagb_excerpt":"Stilingas, lengvai krentantis \u0161varkas, kuris taps nepakei\u010diamu kasdieniu pasirinkimu. Klasikinio kirpimo, ta\u010diau mink\u0161tas ir komforti\u0161kas \u2013 puikiai dera tiek prie sijono, tiek prie kelni\u0173 ar d\u017eins\u0173. Minimalistinis dizainas leid\u017eia j\u012f lengvai pritaikyti tiek darbui, tiek laisvalaikiui. D\u0117vimas atsegtas ar lengvai priglud\u0119s \u2013 visada atrodo tvarkingai ir eleganti\u0161kai. Detal\u0117s: Universalus modelis Dydis tinka S\u2013M Klasikinis siluetas&hellip;","jetpack_sharing_enabled":true,"_links":{"self":[{"href":"https:\/\/madoskampas.lt\/ru\/wp-json\/wp\/v2\/product\/26736","targetHints":{"allow":["GET"]}}],"collection":[{"href":"https:\/\/madoskampas.lt\/ru\/wp-json\/wp\/v2\/product"}],"about":[{"href":"https:\/\/madoskampas.lt\/ru\/wp-json\/wp\/v2\/types\/product"}],"replies":[{"embeddable":true,"href":"https:\/\/madoskampas.lt\/ru\/wp-json\/wp\/v2\/comments?post=26736"}],"wp:featuredmedia":[{"embeddable":true,"href":"https:\/\/madoskampas.lt\/ru\/wp-json\/wp\/v2\/media\/27067"}],"wp:attachment":[{"href":"https:\/\/madoskampas.lt\/ru\/wp-json\/wp\/v2\/media?parent=26736"}],"wp:term":[{"taxonomy":"product_brand","embeddable":true,"href":"https:\/\/madoskampas.lt\/ru\/wp-json\/wp\/v2\/product_brand?post=26736"},{"taxonomy":"product_cat","embeddable":true,"href":"https:\/\/madoskampas.lt\/ru\/wp-json\/wp\/v2\/product_cat?post=26736"},{"taxonomy":"product_tag","embeddable":true,"href":"https:\/\/madoskampas.lt\/ru\/wp-json\/wp\/v2\/product_tag?post=26736"}],"curies":[{"name":"wp","href":"https:\/\/api.w.org\/{rel}","templated":true}]}}