{"id":26748,"date":"2026-01-24T09:58:40","date_gmt":"2026-01-24T09:58:40","guid":{"rendered":"https:\/\/madoskampas.lt\/?post_type=product&#038;p=26748"},"modified":"2026-03-07T16:17:30","modified_gmt":"2026-03-07T16:17:30","slug":"sijonas-urban-pleat","status":"publish","type":"product","link":"https:\/\/madoskampas.lt\/ru\/product-2\/sijonas-urban-pleat\/","title":{"rendered":"Sijonas \u201eUrban Pleat\u201c"},"content":{"rendered":"<p>Trumpas, klostuotas sijonas, kuris gra\u017eiai krenta ir suteikia \u012fvaizd\u017eiui lengvo judesio. Auk\u0161tesnis liemuo subtiliai pabr\u0117\u017eia fig\u016br\u0105, o klasikin\u0117s klost\u0117s kuria tvarking\u0105, bet kartu ir modern\u0173 siluet\u0105. Puikiai dera tiek su palaidin\u0117mis, tiek su megztukais ar \u0161varkais \u2013 nuo kasdienio miesto stiliaus iki dr\u0105sesni\u0173 derini\u0173.<\/p>","protected":false},"excerpt":{"rendered":"<p data-start=\"199\" data-end=\"521\">Trumpas, klostuotas sijonas, kuris gra\u017eiai krenta ir suteikia \u012fvaizd\u017eiui lengvo judesio. Auk\u0161tesnis liemuo subtiliai pabr\u0117\u017eia fig\u016br\u0105, o klasikin\u0117s klost\u0117s kuria tvarking\u0105, bet kartu ir modern\u0173 siluet\u0105. Puikiai dera tiek su palaidin\u0117mis, tiek su megztukais ar \u0161varkais \u2013 nuo kasdienio miesto stiliaus iki dr\u0105sesni\u0173 derini\u0173.<\/p>\n<p data-start=\"523\" data-end=\"664\">\ud83d\udd39 Patogus ir lengvas<br data-start=\"544\" data-end=\"547\" \/>\ud83d\udd39 Gra\u017eiai laikosi forma<br data-start=\"571\" data-end=\"574\" \/>\ud83d\udd39 Tinka tiek laisvalaikiui, tiek miesto \u012fvaizd\u017eiui<br data-start=\"625\" data-end=\"628\" \/>\ud83d\udd39 Lengvai derinamas visais sezonais<\/p>","protected":false},"featured_media":26723,"comment_status":"open","ping_status":"closed","template":"","meta":{"_uag_custom_page_level_css":"","_monsterinsights_skip_tracking":false,"_monsterinsights_sitenote_active":false,"_monsterinsights_sitenote_note":"","_monsterinsights_sitenote_category":0},"product_brand":[],"product_cat":[66,95,75],"product_tag":[],"class_list":{"0":"post-26748","1":"product","2":"type-product","3":"status-publish","4":"has-post-thumbnail","6":"product_cat-drabuziai","7":"product_cat-naujausi","8":"product_cat-sijonai","9":"tm-has-options","11":"first","12":"instock","13":"shipping-taxable","14":"purchasable","15":"product-type-variable"},"yoast_head":"<!-- This site is optimized with the Yoast SEO plugin v27.3 - https:\/\/yoast.com\/product\/yoast-seo-wordpress\/ -->\n<title>Sijonas \u201eUrban Pleat\u201c - MadosKampas.lt<\/title>\n<meta name=\"robots\" content=\"index, follow, max-snippet:-1, max-image-preview:large, max-video-preview:-1\" \/>\n<link rel=\"canonical\" href=\"https:\/\/madoskampas.lt\/ru\/product-2\/sijonas-urban-pleat\/\" \/>\n<meta property=\"og:locale\" content=\"ru_RU\" \/>\n<meta property=\"og:type\" content=\"article\" \/>\n<meta property=\"og:title\" content=\"Sijonas \u201eUrban Pleat\u201c - MadosKampas.lt\" \/>\n<meta property=\"og:description\" content=\"Trumpas, klostuotas sijonas, kuris gra\u017eiai krenta ir suteikia \u012fvaizd\u017eiui lengvo judesio. Auk\u0161tesnis liemuo subtiliai pabr\u0117\u017eia fig\u016br\u0105, o klasikin\u0117s klost\u0117s kuria tvarking\u0105, bet kartu ir modern\u0173 siluet\u0105. Puikiai dera tiek su palaidin\u0117mis, tiek su megztukais ar \u0161varkais \u2013 nuo kasdienio miesto stiliaus iki dr\u0105sesni\u0173 derini\u0173. \ud83d\udd39 Patogus ir lengvas\ud83d\udd39 Gra\u017eiai laikosi forma\ud83d\udd39 Tinka tiek laisvalaikiui, tiek miesto \u012fvaizd\u017eiui\ud83d\udd39 Lengvai derinamas visais sezonais\" \/>\n<meta property=\"og:url\" content=\"https:\/\/madoskampas.lt\/ru\/product-2\/sijonas-urban-pleat\/\" \/>\n<meta property=\"og:site_name\" content=\"MadosKampas.lt\" \/>\n<meta property=\"article:modified_time\" content=\"2026-03-07T16:17:30+00:00\" \/>\n<meta property=\"og:image\" content=\"https:\/\/madoskampas.lt\/wp-content\/uploads\/2026\/01\/IMG_2077-1.jpeg\" \/>\n\t<meta property=\"og:image:width\" content=\"1330\" \/>\n\t<meta property=\"og:image:height\" content=\"2364\" \/>\n\t<meta property=\"og:image:type\" content=\"image\/jpeg\" \/>\n<meta name=\"twitter:card\" content=\"summary_large_image\" \/>\n<meta name=\"twitter:label1\" content=\"\u041f\u0440\u0438\u043c\u0435\u0440\u043d\u043e\u0435 \u0432\u0440\u0435\u043c\u044f \u0434\u043b\u044f \u0447\u0442\u0435\u043d\u0438\u044f\" \/>\n\t<meta name=\"twitter:data1\" content=\"1 \u043c\u0438\u043d\u0443\u0442\u0430\" \/>\n<script type=\"application\/ld+json\" class=\"yoast-schema-graph\">{\"@context\":\"https:\\\/\\\/schema.org\",\"@graph\":[{\"@type\":\"WebPage\",\"@id\":\"https:\\\/\\\/madoskampas.lt\\\/produktas\\\/sijonas-urban-pleat\\\/\",\"url\":\"https:\\\/\\\/madoskampas.lt\\\/produktas\\\/sijonas-urban-pleat\\\/\",\"name\":\"Sijonas \u201eUrban Pleat\u201c - MadosKampas.lt\",\"isPartOf\":{\"@id\":\"https:\\\/\\\/madoskampas.lt\\\/#website\"},\"primaryImageOfPage\":{\"@id\":\"https:\\\/\\\/madoskampas.lt\\\/produktas\\\/sijonas-urban-pleat\\\/#primaryimage\"},\"image\":{\"@id\":\"https:\\\/\\\/madoskampas.lt\\\/produktas\\\/sijonas-urban-pleat\\\/#primaryimage\"},\"thumbnailUrl\":\"https:\\\/\\\/madoskampas.lt\\\/wp-content\\\/uploads\\\/2026\\\/01\\\/IMG_2077-1.jpeg\",\"datePublished\":\"2026-01-24T09:58:40+00:00\",\"dateModified\":\"2026-03-07T16:17:30+00:00\",\"breadcrumb\":{\"@id\":\"https:\\\/\\\/madoskampas.lt\\\/produktas\\\/sijonas-urban-pleat\\\/#breadcrumb\"},\"inLanguage\":\"ru-RU\",\"potentialAction\":[{\"@type\":\"ReadAction\",\"target\":[\"https:\\\/\\\/madoskampas.lt\\\/produktas\\\/sijonas-urban-pleat\\\/\"]}]},{\"@type\":\"ImageObject\",\"inLanguage\":\"ru-RU\",\"@id\":\"https:\\\/\\\/madoskampas.lt\\\/produktas\\\/sijonas-urban-pleat\\\/#primaryimage\",\"url\":\"https:\\\/\\\/madoskampas.lt\\\/wp-content\\\/uploads\\\/2026\\\/01\\\/IMG_2077-1.jpeg\",\"contentUrl\":\"https:\\\/\\\/madoskampas.lt\\\/wp-content\\\/uploads\\\/2026\\\/01\\\/IMG_2077-1.jpeg\",\"width\":1330,\"height\":2364},{\"@type\":\"BreadcrumbList\",\"@id\":\"https:\\\/\\\/madoskampas.lt\\\/produktas\\\/sijonas-urban-pleat\\\/#breadcrumb\",\"itemListElement\":[{\"@type\":\"ListItem\",\"position\":1,\"name\":\"Home\",\"item\":\"https:\\\/\\\/madoskampas.lt\\\/\"},{\"@type\":\"ListItem\",\"position\":2,\"name\":\"Parduotuv\u0117\",\"item\":\"https:\\\/\\\/madoskampas.lt\\\/parduotuve-2\\\/\"},{\"@type\":\"ListItem\",\"position\":3,\"name\":\"Sijonas \u201eUrban Pleat\u201c\"}]},{\"@type\":\"WebSite\",\"@id\":\"https:\\\/\\\/madoskampas.lt\\\/#website\",\"url\":\"https:\\\/\\\/madoskampas.lt\\\/\",\"name\":\"MadosKampas.lt\",\"description\":\"Stilingi drabu\u017eiai moterims\",\"potentialAction\":[{\"@type\":\"SearchAction\",\"target\":{\"@type\":\"EntryPoint\",\"urlTemplate\":\"https:\\\/\\\/madoskampas.lt\\\/?s={search_term_string}\"},\"query-input\":{\"@type\":\"PropertyValueSpecification\",\"valueRequired\":true,\"valueName\":\"search_term_string\"}}],\"inLanguage\":\"ru-RU\"}]}<\/script>\n<!-- \/ Yoast SEO plugin. -->","yoast_head_json":{"title":"Sijonas \u201eUrban Pleat\u201c - MadosKampas.lt","robots":{"index":"index","follow":"follow","max-snippet":"max-snippet:-1","max-image-preview":"max-image-preview:large","max-video-preview":"max-video-preview:-1"},"canonical":"https:\/\/madoskampas.lt\/ru\/product-2\/sijonas-urban-pleat\/","og_locale":"ru_RU","og_type":"article","og_title":"Sijonas \u201eUrban Pleat\u201c - MadosKampas.lt","og_description":"Trumpas, klostuotas sijonas, kuris gra\u017eiai krenta ir suteikia \u012fvaizd\u017eiui lengvo judesio. Auk\u0161tesnis liemuo subtiliai pabr\u0117\u017eia fig\u016br\u0105, o klasikin\u0117s klost\u0117s kuria tvarking\u0105, bet kartu ir modern\u0173 siluet\u0105. Puikiai dera tiek su palaidin\u0117mis, tiek su megztukais ar \u0161varkais \u2013 nuo kasdienio miesto stiliaus iki dr\u0105sesni\u0173 derini\u0173. \ud83d\udd39 Patogus ir lengvas\ud83d\udd39 Gra\u017eiai laikosi forma\ud83d\udd39 Tinka tiek laisvalaikiui, tiek miesto \u012fvaizd\u017eiui\ud83d\udd39 Lengvai derinamas visais sezonais","og_url":"https:\/\/madoskampas.lt\/ru\/product-2\/sijonas-urban-pleat\/","og_site_name":"MadosKampas.lt","article_modified_time":"2026-03-07T16:17:30+00:00","og_image":[{"width":1330,"height":2364,"url":"https:\/\/madoskampas.lt\/wp-content\/uploads\/2026\/01\/IMG_2077-1.jpeg","type":"image\/jpeg"}],"twitter_card":"summary_large_image","twitter_misc":{"\u041f\u0440\u0438\u043c\u0435\u0440\u043d\u043e\u0435 \u0432\u0440\u0435\u043c\u044f \u0434\u043b\u044f \u0447\u0442\u0435\u043d\u0438\u044f":"1 \u043c\u0438\u043d\u0443\u0442\u0430"},"schema":{"@context":"https:\/\/schema.org","@graph":[{"@type":"WebPage","@id":"https:\/\/madoskampas.lt\/produktas\/sijonas-urban-pleat\/","url":"https:\/\/madoskampas.lt\/produktas\/sijonas-urban-pleat\/","name":"Sijonas \u201eUrban Pleat\u201c - MadosKampas.lt","isPartOf":{"@id":"https:\/\/madoskampas.lt\/#website"},"primaryImageOfPage":{"@id":"https:\/\/madoskampas.lt\/produktas\/sijonas-urban-pleat\/#primaryimage"},"image":{"@id":"https:\/\/madoskampas.lt\/produktas\/sijonas-urban-pleat\/#primaryimage"},"thumbnailUrl":"https:\/\/madoskampas.lt\/wp-content\/uploads\/2026\/01\/IMG_2077-1.jpeg","datePublished":"2026-01-24T09:58:40+00:00","dateModified":"2026-03-07T16:17:30+00:00","breadcrumb":{"@id":"https:\/\/madoskampas.lt\/produktas\/sijonas-urban-pleat\/#breadcrumb"},"inLanguage":"ru-RU","potentialAction":[{"@type":"ReadAction","target":["https:\/\/madoskampas.lt\/produktas\/sijonas-urban-pleat\/"]}]},{"@type":"ImageObject","inLanguage":"ru-RU","@id":"https:\/\/madoskampas.lt\/produktas\/sijonas-urban-pleat\/#primaryimage","url":"https:\/\/madoskampas.lt\/wp-content\/uploads\/2026\/01\/IMG_2077-1.jpeg","contentUrl":"https:\/\/madoskampas.lt\/wp-content\/uploads\/2026\/01\/IMG_2077-1.jpeg","width":1330,"height":2364},{"@type":"BreadcrumbList","@id":"https:\/\/madoskampas.lt\/produktas\/sijonas-urban-pleat\/#breadcrumb","itemListElement":[{"@type":"ListItem","position":1,"name":"Home","item":"https:\/\/madoskampas.lt\/"},{"@type":"ListItem","position":2,"name":"Parduotuv\u0117","item":"https:\/\/madoskampas.lt\/parduotuve-2\/"},{"@type":"ListItem","position":3,"name":"Sijonas \u201eUrban Pleat\u201c"}]},{"@type":"WebSite","@id":"https:\/\/madoskampas.lt\/#website","url":"https:\/\/madoskampas.lt\/","name":"FashionKampas.lt","description":"\u0421\u0442\u0438\u043b\u044c\u043d\u0430\u044f \u043e\u0434\u0435\u0436\u0434\u0430 \u0434\u043b\u044f \u0436\u0435\u043d\u0449\u0438\u043d","potentialAction":[{"@type":"SearchAction","target":{"@type":"EntryPoint","urlTemplate":"https:\/\/madoskampas.lt\/?s={search_term_string}"},"query-input":{"@type":"PropertyValueSpecification","valueRequired":true,"valueName":"search_term_string"}}],"inLanguage":"ru-RU"}]}},"uagb_featured_image_src":{"full":["https:\/\/madoskampas.lt\/wp-content\/uploads\/2026\/01\/IMG_2077-1.jpeg",1330,2364,false],"thumbnail":["https:\/\/madoskampas.lt\/wp-content\/uploads\/2026\/01\/IMG_2077-1-150x150.jpeg",150,150,true],"medium":["https:\/\/madoskampas.lt\/wp-content\/uploads\/2026\/01\/IMG_2077-1-169x300.jpeg",169,300,true],"medium_large":["https:\/\/madoskampas.lt\/wp-content\/uploads\/2026\/01\/IMG_2077-1-768x1365.jpeg",768,1365,true],"large":["https:\/\/madoskampas.lt\/wp-content\/uploads\/2026\/01\/IMG_2077-1-576x1024.jpeg",576,1024,true],"1536x1536":["https:\/\/madoskampas.lt\/wp-content\/uploads\/2026\/01\/IMG_2077-1-864x1536.jpeg",864,1536,true],"2048x2048":["https:\/\/madoskampas.lt\/wp-content\/uploads\/2026\/01\/IMG_2077-1-1152x2048.jpeg",1152,2048,true],"trp-custom-language-flag":["https:\/\/madoskampas.lt\/wp-content\/uploads\/2026\/01\/IMG_2077-1-7x12.jpeg",7,12,true],"nova-image-square":["https:\/\/madoskampas.lt\/wp-content\/uploads\/2026\/01\/IMG_2077-1-1100x1100.jpeg",1100,1100,true],"mixtas-product-03":["https:\/\/madoskampas.lt\/wp-content\/uploads\/2026\/01\/IMG_2077-1-600x345.jpeg",600,345,true],"woocommerce_thumbnail":["https:\/\/madoskampas.lt\/wp-content\/uploads\/2026\/01\/IMG_2077-1-700x700.jpeg",700,700,true],"woocommerce_single":["https:\/\/madoskampas.lt\/wp-content\/uploads\/2026\/01\/IMG_2077-1-1000x1777.jpeg",1000,1777,true],"woocommerce_gallery_thumbnail":["https:\/\/madoskampas.lt\/wp-content\/uploads\/2026\/01\/IMG_2077-1-250x250.jpeg",250,250,true],"variation_swatches_image_size":["https:\/\/madoskampas.lt\/wp-content\/uploads\/2026\/01\/IMG_2077-1-50x50.jpeg",50,50,true],"variation_swatches_tooltip_size":["https:\/\/madoskampas.lt\/wp-content\/uploads\/2026\/01\/IMG_2077-1-100x100.jpeg",100,100,true]},"uagb_author_info":{"display_name":"algirdasbart","author_link":"https:\/\/madoskampas.lt\/ru\/author\/"},"uagb_comment_info":0,"uagb_excerpt":"Trumpas, klostuotas sijonas, kuris gra\u017eiai krenta ir suteikia \u012fvaizd\u017eiui lengvo judesio. Auk\u0161tesnis liemuo subtiliai pabr\u0117\u017eia fig\u016br\u0105, o klasikin\u0117s klost\u0117s kuria tvarking\u0105, bet kartu ir modern\u0173 siluet\u0105. Puikiai dera tiek su palaidin\u0117mis, tiek su megztukais ar \u0161varkais \u2013 nuo kasdienio miesto stiliaus iki dr\u0105sesni\u0173 derini\u0173. \ud83d\udd39 Patogus ir lengvas\ud83d\udd39 Gra\u017eiai laikosi forma\ud83d\udd39 Tinka tiek laisvalaikiui, tiek&hellip;","jetpack_sharing_enabled":true,"_links":{"self":[{"href":"https:\/\/madoskampas.lt\/ru\/wp-json\/wp\/v2\/product\/26748","targetHints":{"allow":["GET"]}}],"collection":[{"href":"https:\/\/madoskampas.lt\/ru\/wp-json\/wp\/v2\/product"}],"about":[{"href":"https:\/\/madoskampas.lt\/ru\/wp-json\/wp\/v2\/types\/product"}],"replies":[{"embeddable":true,"href":"https:\/\/madoskampas.lt\/ru\/wp-json\/wp\/v2\/comments?post=26748"}],"wp:featuredmedia":[{"embeddable":true,"href":"https:\/\/madoskampas.lt\/ru\/wp-json\/wp\/v2\/media\/26723"}],"wp:attachment":[{"href":"https:\/\/madoskampas.lt\/ru\/wp-json\/wp\/v2\/media?parent=26748"}],"wp:term":[{"taxonomy":"product_brand","embeddable":true,"href":"https:\/\/madoskampas.lt\/ru\/wp-json\/wp\/v2\/product_brand?post=26748"},{"taxonomy":"product_cat","embeddable":true,"href":"https:\/\/madoskampas.lt\/ru\/wp-json\/wp\/v2\/product_cat?post=26748"},{"taxonomy":"product_tag","embeddable":true,"href":"https:\/\/madoskampas.lt\/ru\/wp-json\/wp\/v2\/product_tag?post=26748"}],"curies":[{"name":"wp","href":"https:\/\/api.w.org\/{rel}","templated":true}]}}