{"id":28019,"date":"2026-02-22T15:08:07","date_gmt":"2026-02-22T15:08:07","guid":{"rendered":"https:\/\/madoskampas.lt\/?post_type=product&#038;p=28019"},"modified":"2026-04-03T13:35:59","modified_gmt":"2026-04-03T13:35:59","slug":"ivory-mom-mom-fit-dzinsai","status":"publish","type":"product","link":"https:\/\/madoskampas.lt\/ru\/product-2\/ivory-mom-mom-fit-dzinsai\/","title":{"rendered":"\u201eIvory Mom\u201c  Mom Fit d\u017einsai"},"content":{"rendered":"<p data-start=\"178\" data-end=\"300\">Modern\u016bs, patog\u016bs ir lengvai derinami \u2013 \u201eIvory Mom\u201c d\u017einsai sukurti moteriai, kuri vertina stili\u0173 be kompromis\u0173 komfortui.<\/p>\n<p data-start=\"302\" data-end=\"510\">Mom fit modelis pasi\u017eymi auk\u0161tu liemeniu, kuris gra\u017eiai pabr\u0117\u017eia fig\u016br\u0105, ir laisvesniu kirpimu ties klubais. \u0160velniai siaur\u0117janti kle\u0161n\u0117 bei atlenkiamas apa\u010dios kra\u0161tas suteikia modern\u0173, \u0161iuolaiki\u0161k\u0105 siluet\u0105.<\/p>","protected":false},"excerpt":{"rendered":"<p data-start=\"178\" data-end=\"300\">Modern\u016bs, patog\u016bs ir lengvai derinami \u2013 \u201eIvory Mom\u201c d\u017einsai sukurti moteriai, kuri vertina stili\u0173 be kompromis\u0173 komfortui.<\/p>\n<p data-start=\"302\" data-end=\"510\">Mom fit modelis pasi\u017eymi auk\u0161tu liemeniu, kuris gra\u017eiai pabr\u0117\u017eia fig\u016br\u0105, ir laisvesniu kirpimu ties klubais. \u0160velniai siaur\u0117janti kle\u0161n\u0117 bei atlenkiamas apa\u010dios kra\u0161tas suteikia modern\u0173, \u0161iuolaiki\u0161k\u0105 siluet\u0105.<\/p>\n<p data-start=\"512\" data-end=\"663\">\u0160viesi dramblio kaulo spalva idealiai tinka pavasariui ir vasarai \u2013 puikiai dera tiek su eleganti\u0161ka palaidine, tiek su medvilniniu megztuku ar \u0161varku.<\/p>\n<p data-start=\"665\" data-end=\"740\">Tai d\u017einsai, kurie atrodo stilingai, bet jau\u010diasi itin patogiai vis\u0105 dien\u0105.<\/p>\n<hr data-start=\"742\" data-end=\"745\" \/>\n<h3 data-start=\"747\" data-end=\"771\">Kod\u0117l verta rinktis?<\/h3>\n<p data-start=\"773\" data-end=\"996\">\u2022 Mom fit \u2013 laisvesnis, bet fig\u016br\u0105 pabr\u0117\u017eiantis modelis<br data-start=\"828\" data-end=\"831\" \/>\u2022 Auk\u0161tas liemuo \u2013 i\u0161ry\u0161kina siluet\u0105<br data-start=\"867\" data-end=\"870\" \/>\u2022 Patogus kirpimas ties klubais<br data-start=\"901\" data-end=\"904\" \/>\u2022 \u0160velniai siaur\u0117janti kle\u0161n\u0117<br data-start=\"933\" data-end=\"936\" \/>\u2022 Stilingai atlenkiama apa\u010dia<br data-start=\"965\" data-end=\"968\" \/>\u2022 Universali \u0161viesi spalva<\/p>\n<table>\n<thead>\n<tr>\n<th>\u0420\u0430\u0437\u043c\u0435\u0440<\/th>\n<th>Liemuo<\/th>\n<th>Klubai<\/th>\n<th>Ilgis<\/th>\n<\/tr>\n<\/thead>\n<tbody>\n<tr>\n<td>XS<\/td>\n<td>34 cm<\/td>\n<td>47 cm<\/td>\n<td>97 cm<\/td>\n<\/tr>\n<tr>\n<td>S<\/td>\n<td>36 cm<\/td>\n<td>49 cm<\/td>\n<td>97 cm<\/td>\n<\/tr>\n<tr>\n<td>M<\/td>\n<td>36 cm<\/td>\n<td>52 \u0441\u043c<\/td>\n<td>98 cm<\/td>\n<\/tr>\n<tr>\n<td>L<\/td>\n<td>41 cm<\/td>\n<td>54 cm<\/td>\n<td>98 cm<\/td>\n<\/tr>\n<tr>\n<td>XL<\/td>\n<td>42 cm<\/td>\n<td>55 cm<\/td>\n<td>99 cm<\/td>\n<\/tr>\n<\/tbody>\n<\/table>","protected":false},"featured_media":30541,"comment_status":"open","ping_status":"closed","template":"","meta":{"_uag_custom_page_level_css":"","_monsterinsights_skip_tracking":false,"_monsterinsights_sitenote_active":false,"_monsterinsights_sitenote_note":"","_monsterinsights_sitenote_category":0},"product_brand":[],"product_cat":[66,67,95],"product_tag":[],"class_list":{"0":"post-28019","1":"product","2":"type-product","3":"status-publish","4":"has-post-thumbnail","6":"product_cat-drabuziai","7":"product_cat-dzinsai","8":"product_cat-naujausi","9":"tm-has-options","11":"first","12":"instock","13":"shipping-taxable","14":"purchasable","15":"product-type-variable"},"yoast_head":"<!-- This site is optimized with the Yoast SEO plugin v27.3 - https:\/\/yoast.com\/product\/yoast-seo-wordpress\/ -->\n<title>\u201eIvory Mom\u201c Mom Fit d\u017einsai - MadosKampas.lt<\/title>\n<meta name=\"robots\" content=\"index, follow, max-snippet:-1, max-image-preview:large, max-video-preview:-1\" \/>\n<link rel=\"canonical\" href=\"https:\/\/madoskampas.lt\/ru\/product-2\/ivory-mom-mom-fit-dzinsai\/\" \/>\n<meta property=\"og:locale\" content=\"ru_RU\" \/>\n<meta property=\"og:type\" content=\"article\" \/>\n<meta property=\"og:title\" content=\"\u201eIvory Mom\u201c Mom Fit d\u017einsai - MadosKampas.lt\" \/>\n<meta property=\"og:description\" content=\"Modern\u016bs, patog\u016bs ir lengvai derinami \u2013 \u201eIvory Mom\u201c d\u017einsai sukurti moteriai, kuri vertina stili\u0173 be kompromis\u0173 komfortui. Mom fit modelis pasi\u017eymi auk\u0161tu liemeniu, kuris gra\u017eiai pabr\u0117\u017eia fig\u016br\u0105, ir laisvesniu kirpimu ties klubais. \u0160velniai siaur\u0117janti kle\u0161n\u0117 bei atlenkiamas apa\u010dios kra\u0161tas suteikia modern\u0173, \u0161iuolaiki\u0161k\u0105 siluet\u0105. \u0160viesi dramblio kaulo spalva idealiai tinka pavasariui ir vasarai \u2013 puikiai dera tiek su eleganti\u0161ka palaidine, tiek su medvilniniu megztuku ar \u0161varku. Tai d\u017einsai, kurie atrodo stilingai, bet jau\u010diasi itin patogiai vis\u0105 dien\u0105.     Kod\u0117l verta rinktis? \u2022 Mom fit \u2013 laisvesnis, bet fig\u016br\u0105 pabr\u0117\u017eiantis modelis\u2022 Auk\u0161tas liemuo \u2013 i\u0161ry\u0161kina siluet\u0105\u2022 Patogus kirpimas ties klubais\u2022 \u0160velniai siaur\u0117janti kle\u0161n\u0117\u2022 Stilingai atlenkiama apa\u010dia\u2022 Universali \u0161viesi spalva     Dydis Liemuo Klubai Ilgis     XS 34 cm 47 cm 97 cm   S 36 cm 49 cm 97 cm   M 36 cm 52 cm 98 cm   L 41 cm 54 cm 98 cm   XL 42 cm 55 cm 99 cm\" \/>\n<meta property=\"og:url\" content=\"https:\/\/madoskampas.lt\/ru\/product-2\/ivory-mom-mom-fit-dzinsai\/\" \/>\n<meta property=\"og:site_name\" content=\"MadosKampas.lt\" \/>\n<meta property=\"article:modified_time\" content=\"2026-04-03T13:35:59+00:00\" \/>\n<meta property=\"og:image\" content=\"https:\/\/madoskampas.lt\/wp-content\/uploads\/2026\/02\/IMG_2619-scaled.jpeg\" \/>\n\t<meta property=\"og:image:width\" content=\"1920\" \/>\n\t<meta property=\"og:image:height\" content=\"2560\" \/>\n\t<meta property=\"og:image:type\" content=\"image\/jpeg\" \/>\n<meta name=\"twitter:card\" content=\"summary_large_image\" \/>\n<meta name=\"twitter:label1\" content=\"\u041f\u0440\u0438\u043c\u0435\u0440\u043d\u043e\u0435 \u0432\u0440\u0435\u043c\u044f \u0434\u043b\u044f \u0447\u0442\u0435\u043d\u0438\u044f\" \/>\n\t<meta name=\"twitter:data1\" content=\"1 \u043c\u0438\u043d\u0443\u0442\u0430\" \/>\n<script type=\"application\/ld+json\" class=\"yoast-schema-graph\">{\"@context\":\"https:\\\/\\\/schema.org\",\"@graph\":[{\"@type\":\"WebPage\",\"@id\":\"https:\\\/\\\/madoskampas.lt\\\/produktas\\\/ivory-mom-mom-fit-dzinsai\\\/\",\"url\":\"https:\\\/\\\/madoskampas.lt\\\/produktas\\\/ivory-mom-mom-fit-dzinsai\\\/\",\"name\":\"\u201eIvory Mom\u201c Mom Fit d\u017einsai - MadosKampas.lt\",\"isPartOf\":{\"@id\":\"https:\\\/\\\/madoskampas.lt\\\/#website\"},\"primaryImageOfPage\":{\"@id\":\"https:\\\/\\\/madoskampas.lt\\\/produktas\\\/ivory-mom-mom-fit-dzinsai\\\/#primaryimage\"},\"image\":{\"@id\":\"https:\\\/\\\/madoskampas.lt\\\/produktas\\\/ivory-mom-mom-fit-dzinsai\\\/#primaryimage\"},\"thumbnailUrl\":\"https:\\\/\\\/madoskampas.lt\\\/wp-content\\\/uploads\\\/2026\\\/02\\\/img_2927-scaled.jpeg\",\"datePublished\":\"2026-02-22T15:08:07+00:00\",\"dateModified\":\"2026-04-03T13:35:59+00:00\",\"breadcrumb\":{\"@id\":\"https:\\\/\\\/madoskampas.lt\\\/produktas\\\/ivory-mom-mom-fit-dzinsai\\\/#breadcrumb\"},\"inLanguage\":\"ru-RU\",\"potentialAction\":[{\"@type\":\"ReadAction\",\"target\":[\"https:\\\/\\\/madoskampas.lt\\\/produktas\\\/ivory-mom-mom-fit-dzinsai\\\/\"]}]},{\"@type\":\"ImageObject\",\"inLanguage\":\"ru-RU\",\"@id\":\"https:\\\/\\\/madoskampas.lt\\\/produktas\\\/ivory-mom-mom-fit-dzinsai\\\/#primaryimage\",\"url\":\"https:\\\/\\\/madoskampas.lt\\\/wp-content\\\/uploads\\\/2026\\\/02\\\/img_2927-scaled.jpeg\",\"contentUrl\":\"https:\\\/\\\/madoskampas.lt\\\/wp-content\\\/uploads\\\/2026\\\/02\\\/img_2927-scaled.jpeg\",\"width\":1920,\"height\":2560},{\"@type\":\"BreadcrumbList\",\"@id\":\"https:\\\/\\\/madoskampas.lt\\\/produktas\\\/ivory-mom-mom-fit-dzinsai\\\/#breadcrumb\",\"itemListElement\":[{\"@type\":\"ListItem\",\"position\":1,\"name\":\"Home\",\"item\":\"https:\\\/\\\/madoskampas.lt\\\/\"},{\"@type\":\"ListItem\",\"position\":2,\"name\":\"Parduotuv\u0117\",\"item\":\"https:\\\/\\\/madoskampas.lt\\\/parduotuve-2\\\/\"},{\"@type\":\"ListItem\",\"position\":3,\"name\":\"\u201eIvory Mom\u201c Mom Fit d\u017einsai\"}]},{\"@type\":\"WebSite\",\"@id\":\"https:\\\/\\\/madoskampas.lt\\\/#website\",\"url\":\"https:\\\/\\\/madoskampas.lt\\\/\",\"name\":\"MadosKampas.lt\",\"description\":\"Stilingi drabu\u017eiai moterims\",\"potentialAction\":[{\"@type\":\"SearchAction\",\"target\":{\"@type\":\"EntryPoint\",\"urlTemplate\":\"https:\\\/\\\/madoskampas.lt\\\/?s={search_term_string}\"},\"query-input\":{\"@type\":\"PropertyValueSpecification\",\"valueRequired\":true,\"valueName\":\"search_term_string\"}}],\"inLanguage\":\"ru-RU\"}]}<\/script>\n<!-- \/ Yoast SEO plugin. -->","yoast_head_json":{"title":"\u201eIvory Mom\u201c Mom Fit d\u017einsai - MadosKampas.lt","robots":{"index":"index","follow":"follow","max-snippet":"max-snippet:-1","max-image-preview":"max-image-preview:large","max-video-preview":"max-video-preview:-1"},"canonical":"https:\/\/madoskampas.lt\/ru\/product-2\/ivory-mom-mom-fit-dzinsai\/","og_locale":"ru_RU","og_type":"article","og_title":"\u201eIvory Mom\u201c Mom Fit d\u017einsai - MadosKampas.lt","og_description":"Modern\u016bs, patog\u016bs ir lengvai derinami \u2013 \u201eIvory Mom\u201c d\u017einsai sukurti moteriai, kuri vertina stili\u0173 be kompromis\u0173 komfortui. Mom fit modelis pasi\u017eymi auk\u0161tu liemeniu, kuris gra\u017eiai pabr\u0117\u017eia fig\u016br\u0105, ir laisvesniu kirpimu ties klubais. \u0160velniai siaur\u0117janti kle\u0161n\u0117 bei atlenkiamas apa\u010dios kra\u0161tas suteikia modern\u0173, \u0161iuolaiki\u0161k\u0105 siluet\u0105. \u0160viesi dramblio kaulo spalva idealiai tinka pavasariui ir vasarai \u2013 puikiai dera tiek su eleganti\u0161ka palaidine, tiek su medvilniniu megztuku ar \u0161varku. Tai d\u017einsai, kurie atrodo stilingai, bet jau\u010diasi itin patogiai vis\u0105 dien\u0105.     Kod\u0117l verta rinktis? \u2022 Mom fit \u2013 laisvesnis, bet fig\u016br\u0105 pabr\u0117\u017eiantis modelis\u2022 Auk\u0161tas liemuo \u2013 i\u0161ry\u0161kina siluet\u0105\u2022 Patogus kirpimas ties klubais\u2022 \u0160velniai siaur\u0117janti kle\u0161n\u0117\u2022 Stilingai atlenkiama apa\u010dia\u2022 Universali \u0161viesi spalva     Dydis Liemuo Klubai Ilgis     XS 34 cm 47 cm 97 cm   S 36 cm 49 cm 97 cm   M 36 cm 52 cm 98 cm   L 41 cm 54 cm 98 cm   XL 42 cm 55 cm 99 cm","og_url":"https:\/\/madoskampas.lt\/ru\/product-2\/ivory-mom-mom-fit-dzinsai\/","og_site_name":"MadosKampas.lt","article_modified_time":"2026-04-03T13:35:59+00:00","og_image":[{"width":1920,"height":2560,"url":"https:\/\/madoskampas.lt\/wp-content\/uploads\/2026\/02\/IMG_2619-scaled.jpeg","type":"image\/jpeg"}],"twitter_card":"summary_large_image","twitter_misc":{"\u041f\u0440\u0438\u043c\u0435\u0440\u043d\u043e\u0435 \u0432\u0440\u0435\u043c\u044f \u0434\u043b\u044f \u0447\u0442\u0435\u043d\u0438\u044f":"1 \u043c\u0438\u043d\u0443\u0442\u0430"},"schema":{"@context":"https:\/\/schema.org","@graph":[{"@type":"WebPage","@id":"https:\/\/madoskampas.lt\/produktas\/ivory-mom-mom-fit-dzinsai\/","url":"https:\/\/madoskampas.lt\/produktas\/ivory-mom-mom-fit-dzinsai\/","name":"\u201eIvory Mom\u201c Mom Fit d\u017einsai - MadosKampas.lt","isPartOf":{"@id":"https:\/\/madoskampas.lt\/#website"},"primaryImageOfPage":{"@id":"https:\/\/madoskampas.lt\/produktas\/ivory-mom-mom-fit-dzinsai\/#primaryimage"},"image":{"@id":"https:\/\/madoskampas.lt\/produktas\/ivory-mom-mom-fit-dzinsai\/#primaryimage"},"thumbnailUrl":"https:\/\/madoskampas.lt\/wp-content\/uploads\/2026\/02\/img_2927-scaled.jpeg","datePublished":"2026-02-22T15:08:07+00:00","dateModified":"2026-04-03T13:35:59+00:00","breadcrumb":{"@id":"https:\/\/madoskampas.lt\/produktas\/ivory-mom-mom-fit-dzinsai\/#breadcrumb"},"inLanguage":"ru-RU","potentialAction":[{"@type":"ReadAction","target":["https:\/\/madoskampas.lt\/produktas\/ivory-mom-mom-fit-dzinsai\/"]}]},{"@type":"ImageObject","inLanguage":"ru-RU","@id":"https:\/\/madoskampas.lt\/produktas\/ivory-mom-mom-fit-dzinsai\/#primaryimage","url":"https:\/\/madoskampas.lt\/wp-content\/uploads\/2026\/02\/img_2927-scaled.jpeg","contentUrl":"https:\/\/madoskampas.lt\/wp-content\/uploads\/2026\/02\/img_2927-scaled.jpeg","width":1920,"height":2560},{"@type":"BreadcrumbList","@id":"https:\/\/madoskampas.lt\/produktas\/ivory-mom-mom-fit-dzinsai\/#breadcrumb","itemListElement":[{"@type":"ListItem","position":1,"name":"Home","item":"https:\/\/madoskampas.lt\/"},{"@type":"ListItem","position":2,"name":"Parduotuv\u0117","item":"https:\/\/madoskampas.lt\/parduotuve-2\/"},{"@type":"ListItem","position":3,"name":"\u201eIvory Mom\u201c Mom Fit d\u017einsai"}]},{"@type":"WebSite","@id":"https:\/\/madoskampas.lt\/#website","url":"https:\/\/madoskampas.lt\/","name":"FashionKampas.lt","description":"\u0421\u0442\u0438\u043b\u044c\u043d\u0430\u044f \u043e\u0434\u0435\u0436\u0434\u0430 \u0434\u043b\u044f \u0436\u0435\u043d\u0449\u0438\u043d","potentialAction":[{"@type":"SearchAction","target":{"@type":"EntryPoint","urlTemplate":"https:\/\/madoskampas.lt\/?s={search_term_string}"},"query-input":{"@type":"PropertyValueSpecification","valueRequired":true,"valueName":"search_term_string"}}],"inLanguage":"ru-RU"}]}},"uagb_featured_image_src":{"full":["https:\/\/madoskampas.lt\/wp-content\/uploads\/2026\/02\/img_2927-scaled.jpeg",1920,2560,false],"thumbnail":["https:\/\/madoskampas.lt\/wp-content\/uploads\/2026\/02\/img_2927-150x150.jpeg",150,150,true],"medium":["https:\/\/madoskampas.lt\/wp-content\/uploads\/2026\/02\/img_2927-225x300.jpeg",225,300,true],"medium_large":["https:\/\/madoskampas.lt\/wp-content\/uploads\/2026\/02\/img_2927-768x1024.jpeg",768,1024,true],"large":["https:\/\/madoskampas.lt\/wp-content\/uploads\/2026\/02\/img_2927-768x1024.jpeg",768,1024,true],"1536x1536":["https:\/\/madoskampas.lt\/wp-content\/uploads\/2026\/02\/img_2927-1152x1536.jpeg",1152,1536,true],"2048x2048":["https:\/\/madoskampas.lt\/wp-content\/uploads\/2026\/02\/img_2927-1536x2048.jpeg",1536,2048,true],"trp-custom-language-flag":["https:\/\/madoskampas.lt\/wp-content\/uploads\/2026\/02\/img_2927-9x12.jpeg",9,12,true],"nova-image-square":["https:\/\/madoskampas.lt\/wp-content\/uploads\/2026\/02\/img_2927-1100x1100.jpeg",1100,1100,true],"mixtas-product-03":["https:\/\/madoskampas.lt\/wp-content\/uploads\/2026\/02\/img_2927-600x345.jpeg",600,345,true],"woocommerce_thumbnail":["https:\/\/madoskampas.lt\/wp-content\/uploads\/2026\/02\/img_2927-700x700.jpeg",700,700,true],"woocommerce_single":["https:\/\/madoskampas.lt\/wp-content\/uploads\/2026\/02\/img_2927-1000x1333.jpeg",1000,1333,true],"woocommerce_gallery_thumbnail":["https:\/\/madoskampas.lt\/wp-content\/uploads\/2026\/02\/img_2927-250x250.jpeg",250,250,true],"variation_swatches_image_size":["https:\/\/madoskampas.lt\/wp-content\/uploads\/2026\/02\/img_2927-50x50.jpeg",50,50,true],"variation_swatches_tooltip_size":["https:\/\/madoskampas.lt\/wp-content\/uploads\/2026\/02\/img_2927-100x100.jpeg",100,100,true]},"uagb_author_info":{"display_name":"algirdasbart","author_link":"https:\/\/madoskampas.lt\/ru\/author\/"},"uagb_comment_info":0,"uagb_excerpt":"Modern\u016bs, patog\u016bs ir lengvai derinami \u2013 \u201eIvory Mom\u201c d\u017einsai sukurti moteriai, kuri vertina stili\u0173 be kompromis\u0173 komfortui. Mom fit modelis pasi\u017eymi auk\u0161tu liemeniu, kuris gra\u017eiai pabr\u0117\u017eia fig\u016br\u0105, ir laisvesniu kirpimu ties klubais. \u0160velniai siaur\u0117janti kle\u0161n\u0117 bei atlenkiamas apa\u010dios kra\u0161tas suteikia modern\u0173, \u0161iuolaiki\u0161k\u0105 siluet\u0105. \u0160viesi dramblio kaulo spalva idealiai tinka pavasariui ir vasarai \u2013 puikiai dera&hellip;","jetpack_sharing_enabled":true,"_links":{"self":[{"href":"https:\/\/madoskampas.lt\/ru\/wp-json\/wp\/v2\/product\/28019","targetHints":{"allow":["GET"]}}],"collection":[{"href":"https:\/\/madoskampas.lt\/ru\/wp-json\/wp\/v2\/product"}],"about":[{"href":"https:\/\/madoskampas.lt\/ru\/wp-json\/wp\/v2\/types\/product"}],"replies":[{"embeddable":true,"href":"https:\/\/madoskampas.lt\/ru\/wp-json\/wp\/v2\/comments?post=28019"}],"wp:featuredmedia":[{"embeddable":true,"href":"https:\/\/madoskampas.lt\/ru\/wp-json\/wp\/v2\/media\/30541"}],"wp:attachment":[{"href":"https:\/\/madoskampas.lt\/ru\/wp-json\/wp\/v2\/media?parent=28019"}],"wp:term":[{"taxonomy":"product_brand","embeddable":true,"href":"https:\/\/madoskampas.lt\/ru\/wp-json\/wp\/v2\/product_brand?post=28019"},{"taxonomy":"product_cat","embeddable":true,"href":"https:\/\/madoskampas.lt\/ru\/wp-json\/wp\/v2\/product_cat?post=28019"},{"taxonomy":"product_tag","embeddable":true,"href":"https:\/\/madoskampas.lt\/ru\/wp-json\/wp\/v2\/product_tag?post=28019"}],"curies":[{"name":"wp","href":"https:\/\/api.w.org\/{rel}","templated":true}]}}