{"id":30106,"date":"2026-03-24T14:38:15","date_gmt":"2026-03-24T14:38:15","guid":{"rendered":"https:\/\/madoskampas.lt\/?post_type=product&#038;p=30106"},"modified":"2026-04-23T12:44:16","modified_gmt":"2026-04-23T12:44:16","slug":"jaukus-marskiniai-cozy-mood","status":"publish","type":"product","link":"https:\/\/madoskampas.lt\/ru\/product-2\/jaukus-marskiniai-cozy-mood\/","title":{"rendered":"Jauk\u016bs mar\u0161kiniai \u201eCozy Mood\u201c"},"content":{"rendered":"<p data-start=\"146\" data-end=\"285\">Yra drabu\u017eiai, kurie ne tik atrodo stilingai \u2013 jie kuria nuotaik\u0105.<br data-start=\"229\" data-end=\"232\" \/>\u0160ie mar\u0161kiniai \u2013 b\u016btent apie t\u0105 <em data-start=\"264\" data-end=\"284\">jauk\u0173, ram\u0173 stili\u0173<\/em>.<\/p>\n<p data-start=\"287\" data-end=\"536\">\u0160velnus, lengvai krentantis audinys ir klasikinis languotas ra\u0161tas sukuria subtiliai i\u0161baigt\u0105 \u012fvaizd\u012f. Jie nevar\u017eo, leid\u017eia jud\u0117ti laisvai ir puikiai tinka sluoksniavimui \u2013 vilk\u0117kite vienus arba derinkite su mar\u0161kin\u0117liais, megztiniais ar liemen\u0117mis.<\/p>","protected":false},"excerpt":{"rendered":"<p data-start=\"146\" data-end=\"285\">Yra drabu\u017eiai, kurie ne tik atrodo stilingai \u2013 jie kuria nuotaik\u0105.<br data-start=\"229\" data-end=\"232\" \/>\u0160ie mar\u0161kiniai \u2013 b\u016btent apie t\u0105 <em data-start=\"264\" data-end=\"284\">jauk\u0173, ram\u0173 stili\u0173<\/em>.<\/p>\n<p data-start=\"287\" data-end=\"536\">\u0160velnus, lengvai krentantis audinys ir klasikinis languotas ra\u0161tas sukuria subtiliai i\u0161baigt\u0105 \u012fvaizd\u012f. Jie nevar\u017eo, leid\u017eia jud\u0117ti laisvai ir puikiai tinka sluoksniavimui \u2013 vilk\u0117kite vienus arba derinkite su mar\u0161kin\u0117liais, megztiniais ar liemen\u0117mis.<\/p>\n<p data-start=\"538\" data-end=\"625\">Tai tas drabu\u017eis, kuris suteikia \u201eeffortless\u201c stili\u0173 \u2013 u\u017esidedi ir viskas tiesiog dera.<\/p>\n<hr data-start=\"627\" data-end=\"630\" \/>\n<p data-start=\"632\" data-end=\"840\"><strong data-start=\"632\" data-end=\"668\">Sud\u0117tis, kuri suteikia komfort\u0105:<\/strong><br data-start=\"668\" data-end=\"671\" \/>\u2022 <strong data-start=\"673\" data-end=\"692\">50% poliesteris<\/strong> \u2013 prakti\u0161kumas, ma\u017eiau glam\u017eosi<br data-start=\"724\" data-end=\"727\" \/>\u2022 <strong data-start=\"729\" data-end=\"744\">45% viskoz\u0117<\/strong> \u2013 \u0161velnumas ir lengvas, gra\u017eus kritimas<br data-start=\"784\" data-end=\"787\" \/>\u2022 <strong data-start=\"789\" data-end=\"805\">5% elastanas<\/strong> \u2013 lankstumas ir patogumas judant<\/p>\n<p data-start=\"842\" data-end=\"911\">\ud83d\udc49 Audinys, kuris atrodo lengvas, jaukus ir i\u0161laiko form\u0105 vis\u0105 dien\u0105.<\/p>\n<hr data-start=\"913\" data-end=\"916\" \/>\n<p data-start=\"918\" data-end=\"964\"><strong data-start=\"918\" data-end=\"928\">\u0420\u0430\u0437\u043c\u0435\u0440:<\/strong><br data-start=\"928\" data-end=\"931\" \/>\u2022 Universalus \u2013 tinka nuo S iki L<\/p>\n<hr data-start=\"966\" data-end=\"969\" \/>\n<p data-start=\"971\" data-end=\"1186\"><strong data-start=\"971\" data-end=\"996\">Kod\u0117l juos pamilsite:<\/strong><br data-start=\"996\" data-end=\"999\" \/>\u2022 \u0160velnus, jaukus audinys<br data-start=\"1024\" data-end=\"1027\" \/>\u2022 Stilingas, niekada nei\u0161einantis i\u0161 mados ra\u0161tas<br data-start=\"1076\" data-end=\"1079\" \/>\u2022 Puikiai tinka sluoksniavimui<br data-start=\"1109\" data-end=\"1112\" \/>\u2022 Laisvas, patogus siluetas<br data-start=\"1139\" data-end=\"1142\" \/>\u2022 Lengvai derinami kasdieniams \u012fvaizd\u017eiams<\/p>","protected":false},"featured_media":30145,"comment_status":"open","ping_status":"closed","template":"","meta":{"_uag_custom_page_level_css":"","_monsterinsights_skip_tracking":false,"_monsterinsights_sitenote_active":false,"_monsterinsights_sitenote_note":"","_monsterinsights_sitenote_category":0},"product_brand":[],"product_cat":[66,72,95],"product_tag":[],"class_list":{"0":"post-30106","1":"product","2":"type-product","3":"status-publish","4":"has-post-thumbnail","6":"product_cat-drabuziai","7":"product_cat-marskiniai","8":"product_cat-naujausi","9":"tm-has-options","11":"first","12":"instock","13":"shipping-taxable","14":"purchasable","15":"product-type-variable"},"yoast_head":"<!-- This site is optimized with the Yoast SEO plugin v27.6 - https:\/\/yoast.com\/product\/yoast-seo-wordpress\/ -->\n<title>Jauk\u016bs mar\u0161kiniai \u201eCozy Mood\u201c - MadosKampas.lt<\/title>\n<meta name=\"robots\" content=\"index, follow, max-snippet:-1, max-image-preview:large, max-video-preview:-1\" \/>\n<link rel=\"canonical\" href=\"https:\/\/madoskampas.lt\/ru\/product-2\/jaukus-marskiniai-cozy-mood\/\" \/>\n<meta property=\"og:locale\" content=\"ru_RU\" \/>\n<meta property=\"og:type\" content=\"article\" \/>\n<meta property=\"og:title\" content=\"Jauk\u016bs mar\u0161kiniai \u201eCozy Mood\u201c - MadosKampas.lt\" \/>\n<meta property=\"og:description\" content=\"Yra drabu\u017eiai, kurie ne tik atrodo stilingai \u2013 jie kuria nuotaik\u0105.\u0160ie mar\u0161kiniai \u2013 b\u016btent apie t\u0105 jauk\u0173, ram\u0173 stili\u0173. \u0160velnus, lengvai krentantis audinys ir klasikinis languotas ra\u0161tas sukuria subtiliai i\u0161baigt\u0105 \u012fvaizd\u012f. Jie nevar\u017eo, leid\u017eia jud\u0117ti laisvai ir puikiai tinka sluoksniavimui \u2013 vilk\u0117kite vienus arba derinkite su mar\u0161kin\u0117liais, megztiniais ar liemen\u0117mis. Tai tas drabu\u017eis, kuris suteikia \u201eeffortless\u201c stili\u0173 \u2013 u\u017esidedi ir viskas tiesiog dera.    Sud\u0117tis, kuri suteikia komfort\u0105:\u2022 50% poliesteris \u2013 prakti\u0161kumas, ma\u017eiau glam\u017eosi\u2022 45% viskoz\u0117 \u2013 \u0161velnumas ir lengvas, gra\u017eus kritimas\u2022 5% elastanas \u2013 lankstumas ir patogumas judant \ud83d\udc49 Audinys, kuris atrodo lengvas, jaukus ir i\u0161laiko form\u0105 vis\u0105 dien\u0105.    Dydis:\u2022 Universalus \u2013 tinka nuo S iki L    Kod\u0117l juos pamilsite:\u2022 \u0160velnus, jaukus audinys\u2022 Stilingas, niekada nei\u0161einantis i\u0161 mados ra\u0161tas\u2022 Puikiai tinka sluoksniavimui\u2022 Laisvas, patogus siluetas\u2022 Lengvai derinami kasdieniams \u012fvaizd\u017eiams\" \/>\n<meta property=\"og:url\" content=\"https:\/\/madoskampas.lt\/ru\/product-2\/jaukus-marskiniai-cozy-mood\/\" \/>\n<meta property=\"og:site_name\" content=\"MadosKampas.lt\" \/>\n<meta property=\"article:modified_time\" content=\"2026-04-23T12:44:16+00:00\" \/>\n<meta property=\"og:image\" content=\"https:\/\/madoskampas.lt\/wp-content\/uploads\/2026\/03\/IMG_1932-scaled.jpeg\" \/>\n\t<meta property=\"og:image:width\" content=\"1920\" \/>\n\t<meta property=\"og:image:height\" content=\"2560\" \/>\n\t<meta property=\"og:image:type\" content=\"image\/jpeg\" \/>\n<meta name=\"twitter:card\" content=\"summary_large_image\" \/>\n<meta name=\"twitter:label1\" content=\"\u041f\u0440\u0438\u043c\u0435\u0440\u043d\u043e\u0435 \u0432\u0440\u0435\u043c\u044f \u0434\u043b\u044f \u0447\u0442\u0435\u043d\u0438\u044f\" \/>\n\t<meta name=\"twitter:data1\" content=\"1 \u043c\u0438\u043d\u0443\u0442\u0430\" \/>\n<script type=\"application\/ld+json\" class=\"yoast-schema-graph\">{\"@context\":\"https:\\\/\\\/schema.org\",\"@graph\":[{\"@type\":\"WebPage\",\"@id\":\"https:\\\/\\\/madoskampas.lt\\\/produktas\\\/jaukus-marskiniai-cozy-mood\\\/\",\"url\":\"https:\\\/\\\/madoskampas.lt\\\/produktas\\\/jaukus-marskiniai-cozy-mood\\\/\",\"name\":\"Jauk\u016bs mar\u0161kiniai \u201eCozy Mood\u201c - MadosKampas.lt\",\"isPartOf\":{\"@id\":\"https:\\\/\\\/madoskampas.lt\\\/#website\"},\"primaryImageOfPage\":{\"@id\":\"https:\\\/\\\/madoskampas.lt\\\/produktas\\\/jaukus-marskiniai-cozy-mood\\\/#primaryimage\"},\"image\":{\"@id\":\"https:\\\/\\\/madoskampas.lt\\\/produktas\\\/jaukus-marskiniai-cozy-mood\\\/#primaryimage\"},\"thumbnailUrl\":\"https:\\\/\\\/madoskampas.lt\\\/wp-content\\\/uploads\\\/2026\\\/03\\\/img_2080-scaled.jpeg\",\"datePublished\":\"2026-03-24T14:38:15+00:00\",\"dateModified\":\"2026-04-23T12:44:16+00:00\",\"breadcrumb\":{\"@id\":\"https:\\\/\\\/madoskampas.lt\\\/produktas\\\/jaukus-marskiniai-cozy-mood\\\/#breadcrumb\"},\"inLanguage\":\"ru-RU\",\"potentialAction\":[{\"@type\":\"ReadAction\",\"target\":[\"https:\\\/\\\/madoskampas.lt\\\/produktas\\\/jaukus-marskiniai-cozy-mood\\\/\"]}]},{\"@type\":\"ImageObject\",\"inLanguage\":\"ru-RU\",\"@id\":\"https:\\\/\\\/madoskampas.lt\\\/produktas\\\/jaukus-marskiniai-cozy-mood\\\/#primaryimage\",\"url\":\"https:\\\/\\\/madoskampas.lt\\\/wp-content\\\/uploads\\\/2026\\\/03\\\/img_2080-scaled.jpeg\",\"contentUrl\":\"https:\\\/\\\/madoskampas.lt\\\/wp-content\\\/uploads\\\/2026\\\/03\\\/img_2080-scaled.jpeg\",\"width\":1920,\"height\":2560},{\"@type\":\"BreadcrumbList\",\"@id\":\"https:\\\/\\\/madoskampas.lt\\\/produktas\\\/jaukus-marskiniai-cozy-mood\\\/#breadcrumb\",\"itemListElement\":[{\"@type\":\"ListItem\",\"position\":1,\"name\":\"Home\",\"item\":\"https:\\\/\\\/madoskampas.lt\\\/\"},{\"@type\":\"ListItem\",\"position\":2,\"name\":\"Parduotuv\u0117\",\"item\":\"https:\\\/\\\/madoskampas.lt\\\/parduotuve-2\\\/\"},{\"@type\":\"ListItem\",\"position\":3,\"name\":\"Jauk\u016bs mar\u0161kiniai \u201eCozy Mood\u201c\"}]},{\"@type\":\"WebSite\",\"@id\":\"https:\\\/\\\/madoskampas.lt\\\/#website\",\"url\":\"https:\\\/\\\/madoskampas.lt\\\/\",\"name\":\"MadosKampas.lt\",\"description\":\"Stilingi drabu\u017eiai moterims\",\"potentialAction\":[{\"@type\":\"SearchAction\",\"target\":{\"@type\":\"EntryPoint\",\"urlTemplate\":\"https:\\\/\\\/madoskampas.lt\\\/?s={search_term_string}\"},\"query-input\":{\"@type\":\"PropertyValueSpecification\",\"valueRequired\":true,\"valueName\":\"search_term_string\"}}],\"inLanguage\":\"ru-RU\"}]}<\/script>\n<!-- \/ Yoast SEO plugin. -->","yoast_head_json":{"title":"Jauk\u016bs mar\u0161kiniai \u201eCozy Mood\u201c - MadosKampas.lt","robots":{"index":"index","follow":"follow","max-snippet":"max-snippet:-1","max-image-preview":"max-image-preview:large","max-video-preview":"max-video-preview:-1"},"canonical":"https:\/\/madoskampas.lt\/ru\/product-2\/jaukus-marskiniai-cozy-mood\/","og_locale":"ru_RU","og_type":"article","og_title":"Jauk\u016bs mar\u0161kiniai \u201eCozy Mood\u201c - MadosKampas.lt","og_description":"Yra drabu\u017eiai, kurie ne tik atrodo stilingai \u2013 jie kuria nuotaik\u0105.\u0160ie mar\u0161kiniai \u2013 b\u016btent apie t\u0105 jauk\u0173, ram\u0173 stili\u0173. \u0160velnus, lengvai krentantis audinys ir klasikinis languotas ra\u0161tas sukuria subtiliai i\u0161baigt\u0105 \u012fvaizd\u012f. Jie nevar\u017eo, leid\u017eia jud\u0117ti laisvai ir puikiai tinka sluoksniavimui \u2013 vilk\u0117kite vienus arba derinkite su mar\u0161kin\u0117liais, megztiniais ar liemen\u0117mis. Tai tas drabu\u017eis, kuris suteikia \u201eeffortless\u201c stili\u0173 \u2013 u\u017esidedi ir viskas tiesiog dera.    Sud\u0117tis, kuri suteikia komfort\u0105:\u2022 50% poliesteris \u2013 prakti\u0161kumas, ma\u017eiau glam\u017eosi\u2022 45% viskoz\u0117 \u2013 \u0161velnumas ir lengvas, gra\u017eus kritimas\u2022 5% elastanas \u2013 lankstumas ir patogumas judant \ud83d\udc49 Audinys, kuris atrodo lengvas, jaukus ir i\u0161laiko form\u0105 vis\u0105 dien\u0105.    Dydis:\u2022 Universalus \u2013 tinka nuo S iki L    Kod\u0117l juos pamilsite:\u2022 \u0160velnus, jaukus audinys\u2022 Stilingas, niekada nei\u0161einantis i\u0161 mados ra\u0161tas\u2022 Puikiai tinka sluoksniavimui\u2022 Laisvas, patogus siluetas\u2022 Lengvai derinami kasdieniams \u012fvaizd\u017eiams","og_url":"https:\/\/madoskampas.lt\/ru\/product-2\/jaukus-marskiniai-cozy-mood\/","og_site_name":"MadosKampas.lt","article_modified_time":"2026-04-23T12:44:16+00:00","og_image":[{"width":1920,"height":2560,"url":"https:\/\/madoskampas.lt\/wp-content\/uploads\/2026\/03\/IMG_1932-scaled.jpeg","type":"image\/jpeg"}],"twitter_card":"summary_large_image","twitter_misc":{"\u041f\u0440\u0438\u043c\u0435\u0440\u043d\u043e\u0435 \u0432\u0440\u0435\u043c\u044f \u0434\u043b\u044f \u0447\u0442\u0435\u043d\u0438\u044f":"1 \u043c\u0438\u043d\u0443\u0442\u0430"},"schema":{"@context":"https:\/\/schema.org","@graph":[{"@type":"WebPage","@id":"https:\/\/madoskampas.lt\/produktas\/jaukus-marskiniai-cozy-mood\/","url":"https:\/\/madoskampas.lt\/produktas\/jaukus-marskiniai-cozy-mood\/","name":"Jauk\u016bs mar\u0161kiniai \u201eCozy Mood\u201c - MadosKampas.lt","isPartOf":{"@id":"https:\/\/madoskampas.lt\/#website"},"primaryImageOfPage":{"@id":"https:\/\/madoskampas.lt\/produktas\/jaukus-marskiniai-cozy-mood\/#primaryimage"},"image":{"@id":"https:\/\/madoskampas.lt\/produktas\/jaukus-marskiniai-cozy-mood\/#primaryimage"},"thumbnailUrl":"https:\/\/madoskampas.lt\/wp-content\/uploads\/2026\/03\/img_2080-scaled.jpeg","datePublished":"2026-03-24T14:38:15+00:00","dateModified":"2026-04-23T12:44:16+00:00","breadcrumb":{"@id":"https:\/\/madoskampas.lt\/produktas\/jaukus-marskiniai-cozy-mood\/#breadcrumb"},"inLanguage":"ru-RU","potentialAction":[{"@type":"ReadAction","target":["https:\/\/madoskampas.lt\/produktas\/jaukus-marskiniai-cozy-mood\/"]}]},{"@type":"ImageObject","inLanguage":"ru-RU","@id":"https:\/\/madoskampas.lt\/produktas\/jaukus-marskiniai-cozy-mood\/#primaryimage","url":"https:\/\/madoskampas.lt\/wp-content\/uploads\/2026\/03\/img_2080-scaled.jpeg","contentUrl":"https:\/\/madoskampas.lt\/wp-content\/uploads\/2026\/03\/img_2080-scaled.jpeg","width":1920,"height":2560},{"@type":"BreadcrumbList","@id":"https:\/\/madoskampas.lt\/produktas\/jaukus-marskiniai-cozy-mood\/#breadcrumb","itemListElement":[{"@type":"ListItem","position":1,"name":"Home","item":"https:\/\/madoskampas.lt\/"},{"@type":"ListItem","position":2,"name":"Parduotuv\u0117","item":"https:\/\/madoskampas.lt\/parduotuve-2\/"},{"@type":"ListItem","position":3,"name":"Jauk\u016bs mar\u0161kiniai \u201eCozy Mood\u201c"}]},{"@type":"WebSite","@id":"https:\/\/madoskampas.lt\/#website","url":"https:\/\/madoskampas.lt\/","name":"FashionKampas.lt","description":"\u0421\u0442\u0438\u043b\u044c\u043d\u0430\u044f \u043e\u0434\u0435\u0436\u0434\u0430 \u0434\u043b\u044f \u0436\u0435\u043d\u0449\u0438\u043d","potentialAction":[{"@type":"SearchAction","target":{"@type":"EntryPoint","urlTemplate":"https:\/\/madoskampas.lt\/?s={search_term_string}"},"query-input":{"@type":"PropertyValueSpecification","valueRequired":true,"valueName":"search_term_string"}}],"inLanguage":"ru-RU"}]}},"uagb_featured_image_src":{"full":["https:\/\/madoskampas.lt\/wp-content\/uploads\/2026\/03\/img_2080-scaled.jpeg",1920,2560,false],"thumbnail":["https:\/\/madoskampas.lt\/wp-content\/uploads\/2026\/03\/img_2080-150x150.jpeg",150,150,true],"medium":["https:\/\/madoskampas.lt\/wp-content\/uploads\/2026\/03\/img_2080-225x300.jpeg",225,300,true],"medium_large":["https:\/\/madoskampas.lt\/wp-content\/uploads\/2026\/03\/img_2080-768x1024.jpeg",768,1024,true],"large":["https:\/\/madoskampas.lt\/wp-content\/uploads\/2026\/03\/img_2080-768x1024.jpeg",768,1024,true],"1536x1536":["https:\/\/madoskampas.lt\/wp-content\/uploads\/2026\/03\/img_2080-1152x1536.jpeg",1152,1536,true],"2048x2048":["https:\/\/madoskampas.lt\/wp-content\/uploads\/2026\/03\/img_2080-1536x2048.jpeg",1536,2048,true],"trp-custom-language-flag":["https:\/\/madoskampas.lt\/wp-content\/uploads\/2026\/03\/img_2080-9x12.jpeg",9,12,true],"nova-image-square":["https:\/\/madoskampas.lt\/wp-content\/uploads\/2026\/03\/img_2080-1100x1100.jpeg",1100,1100,true],"mixtas-product-03":["https:\/\/madoskampas.lt\/wp-content\/uploads\/2026\/03\/img_2080-600x345.jpeg",600,345,true],"woocommerce_thumbnail":["https:\/\/madoskampas.lt\/wp-content\/uploads\/2026\/03\/img_2080-700x700.jpeg",700,700,true],"woocommerce_single":["https:\/\/madoskampas.lt\/wp-content\/uploads\/2026\/03\/img_2080-1000x1333.jpeg",1000,1333,true],"woocommerce_gallery_thumbnail":["https:\/\/madoskampas.lt\/wp-content\/uploads\/2026\/03\/img_2080-250x250.jpeg",250,250,true],"variation_swatches_image_size":["https:\/\/madoskampas.lt\/wp-content\/uploads\/2026\/03\/img_2080-50x50.jpeg",50,50,true],"variation_swatches_tooltip_size":["https:\/\/madoskampas.lt\/wp-content\/uploads\/2026\/03\/img_2080-100x100.jpeg",100,100,true]},"uagb_author_info":{"display_name":"algirdasbart","author_link":"https:\/\/madoskampas.lt\/ru\/author\/"},"uagb_comment_info":0,"uagb_excerpt":"Yra drabu\u017eiai, kurie ne tik atrodo stilingai \u2013 jie kuria nuotaik\u0105.\u0160ie mar\u0161kiniai \u2013 b\u016btent apie t\u0105 jauk\u0173, ram\u0173 stili\u0173. \u0160velnus, lengvai krentantis audinys ir klasikinis languotas ra\u0161tas sukuria subtiliai i\u0161baigt\u0105 \u012fvaizd\u012f. Jie nevar\u017eo, leid\u017eia jud\u0117ti laisvai ir puikiai tinka sluoksniavimui \u2013 vilk\u0117kite vienus arba derinkite su mar\u0161kin\u0117liais, megztiniais ar liemen\u0117mis. Tai tas drabu\u017eis, kuris suteikia&hellip;","jetpack_sharing_enabled":true,"_links":{"self":[{"href":"https:\/\/madoskampas.lt\/ru\/wp-json\/wp\/v2\/product\/30106","targetHints":{"allow":["GET"]}}],"collection":[{"href":"https:\/\/madoskampas.lt\/ru\/wp-json\/wp\/v2\/product"}],"about":[{"href":"https:\/\/madoskampas.lt\/ru\/wp-json\/wp\/v2\/types\/product"}],"replies":[{"embeddable":true,"href":"https:\/\/madoskampas.lt\/ru\/wp-json\/wp\/v2\/comments?post=30106"}],"wp:featuredmedia":[{"embeddable":true,"href":"https:\/\/madoskampas.lt\/ru\/wp-json\/wp\/v2\/media\/30145"}],"wp:attachment":[{"href":"https:\/\/madoskampas.lt\/ru\/wp-json\/wp\/v2\/media?parent=30106"}],"wp:term":[{"taxonomy":"product_brand","embeddable":true,"href":"https:\/\/madoskampas.lt\/ru\/wp-json\/wp\/v2\/product_brand?post=30106"},{"taxonomy":"product_cat","embeddable":true,"href":"https:\/\/madoskampas.lt\/ru\/wp-json\/wp\/v2\/product_cat?post=30106"},{"taxonomy":"product_tag","embeddable":true,"href":"https:\/\/madoskampas.lt\/ru\/wp-json\/wp\/v2\/product_tag?post=30106"}],"curies":[{"name":"wp","href":"https:\/\/api.w.org\/{rel}","templated":true}]}}