{"id":30324,"date":"2026-03-27T09:04:54","date_gmt":"2026-03-27T09:04:54","guid":{"rendered":"https:\/\/madoskampas.lt\/?post_type=product&#038;p=30324"},"modified":"2026-03-27T09:12:20","modified_gmt":"2026-03-27T09:12:20","slug":"pukine-liemene-urban-puff","status":"publish","type":"product","link":"https:\/\/madoskampas.lt\/ru\/product-2\/pukine-liemene-urban-puff\/","title":{"rendered":"P\u016bkin\u0117 liemen\u0117 \u201eUrban Puff\u201c"},"content":{"rendered":"<p data-start=\"132\" data-end=\"194\">Lengvumas, kuris \u0161ildo \u2013 ir atrodo stilingai.<\/p>\n<p data-start=\"196\" data-end=\"369\">\u0160i p\u016bkin\u0117 liemen\u0117 \u2013 tas sluoksnis, kurio visada reikia. Lengva, bet jauki, ji suteikia \u0161ilumos neapsunkindama ir leid\u017eia kurti lengvus, modernius derinius kiekvienai dienai.<\/p>","protected":false},"excerpt":{"rendered":"<p data-start=\"132\" data-end=\"194\">Lengvumas, kuris \u0161ildo \u2013 ir atrodo stilingai.<\/p>\n<p data-start=\"196\" data-end=\"369\">\u0160i p\u016bkin\u0117 liemen\u0117 \u2013 tas sluoksnis, kurio visada reikia. Lengva, bet jauki, ji suteikia \u0161ilumos neapsunkindama ir leid\u017eia kurti lengvus, modernius derinius kiekvienai dienai.<\/p>\n<p data-start=\"371\" data-end=\"588\">Auk\u0161ta apykakl\u0117 saugo nuo v\u0117jo, o laisvesnis siluetas suteikia komforto ir \u201emiesto stiliaus\u201c poj\u016bt\u012f. Puikiai dera tiek su megztiniais, tiek su mar\u0161kiniais ar net lengvesn\u0117mis suknel\u0117mis \u2013 tikras garderobo \u201emust have\u201c.<\/p>\n<p data-start=\"590\" data-end=\"673\">Spalvos \u2013 nuo \u0161velni\u0173 iki sodresni\u0173 \u2013 lengvai pritaikomos skirtingiems \u012fvaizd\u017eiams.<\/p>\n<hr data-start=\"675\" data-end=\"678\" \/>\n<p data-start=\"680\" data-end=\"866\"><strong data-start=\"680\" data-end=\"703\">Kod\u0117l j\u0105 pamilsite:<\/strong><br data-start=\"703\" data-end=\"706\" \/>\u2022 Lengva, bet \u0161ilta<br data-start=\"725\" data-end=\"728\" \/>\u2022 Stilingas, modernus siluetas<br data-start=\"758\" data-end=\"761\" \/>\u2022 Auk\u0161ta apykakl\u0117 \u2013 papildomas jaukumas<br data-start=\"800\" data-end=\"803\" \/>\u2022 Puikiai tinka sluoksniavimui<br data-start=\"833\" data-end=\"836\" \/>\u2022 Lengvai derinama kasdienai<\/p>\n<p data-start=\"680\" data-end=\"866\">Dydis tinka S-L<\/p>","protected":false},"featured_media":30326,"comment_status":"open","ping_status":"closed","template":"","meta":{"_uag_custom_page_level_css":"","_monsterinsights_skip_tracking":false,"_monsterinsights_sitenote_active":false,"_monsterinsights_sitenote_note":"","_monsterinsights_sitenote_category":0},"product_brand":[],"product_cat":[66,71,95],"product_tag":[],"class_list":{"0":"post-30324","1":"product","2":"type-product","3":"status-publish","4":"has-post-thumbnail","6":"product_cat-drabuziai","7":"product_cat-liemenes","8":"product_cat-naujausi","9":"tm-has-options","11":"first","12":"instock","13":"shipping-taxable","14":"purchasable","15":"product-type-variable"},"yoast_head":"<!-- This site is optimized with the Yoast SEO plugin v27.6 - https:\/\/yoast.com\/product\/yoast-seo-wordpress\/ -->\n<title>P\u016bkin\u0117 liemen\u0117 \u201eUrban Puff\u201c - MadosKampas.lt<\/title>\n<meta name=\"robots\" content=\"index, follow, max-snippet:-1, max-image-preview:large, max-video-preview:-1\" \/>\n<link rel=\"canonical\" href=\"https:\/\/madoskampas.lt\/ru\/product-2\/pukine-liemene-urban-puff\/\" \/>\n<meta property=\"og:locale\" content=\"ru_RU\" \/>\n<meta property=\"og:type\" content=\"article\" \/>\n<meta property=\"og:title\" content=\"P\u016bkin\u0117 liemen\u0117 \u201eUrban Puff\u201c - MadosKampas.lt\" \/>\n<meta property=\"og:description\" content=\"Lengvumas, kuris \u0161ildo \u2013 ir atrodo stilingai. \u0160i p\u016bkin\u0117 liemen\u0117 \u2013 tas sluoksnis, kurio visada reikia. Lengva, bet jauki, ji suteikia \u0161ilumos neapsunkindama ir leid\u017eia kurti lengvus, modernius derinius kiekvienai dienai. Auk\u0161ta apykakl\u0117 saugo nuo v\u0117jo, o laisvesnis siluetas suteikia komforto ir \u201emiesto stiliaus\u201c poj\u016bt\u012f. Puikiai dera tiek su megztiniais, tiek su mar\u0161kiniais ar net lengvesn\u0117mis suknel\u0117mis \u2013 tikras garderobo \u201emust have\u201c. Spalvos \u2013 nuo \u0161velni\u0173 iki sodresni\u0173 \u2013 lengvai pritaikomos skirtingiems \u012fvaizd\u017eiams.    Kod\u0117l j\u0105 pamilsite:\u2022 Lengva, bet \u0161ilta\u2022 Stilingas, modernus siluetas\u2022 Auk\u0161ta apykakl\u0117 \u2013 papildomas jaukumas\u2022 Puikiai tinka sluoksniavimui\u2022 Lengvai derinama kasdienai Dydis tinka S-L\" \/>\n<meta property=\"og:url\" content=\"https:\/\/madoskampas.lt\/ru\/product-2\/pukine-liemene-urban-puff\/\" \/>\n<meta property=\"og:site_name\" content=\"MadosKampas.lt\" \/>\n<meta property=\"article:modified_time\" content=\"2026-03-27T09:12:20+00:00\" \/>\n<meta property=\"og:image\" content=\"https:\/\/madoskampas.lt\/wp-content\/uploads\/2026\/03\/IMG_2509-2-scaled.jpeg\" \/>\n\t<meta property=\"og:image:width\" content=\"1920\" \/>\n\t<meta property=\"og:image:height\" content=\"2560\" \/>\n\t<meta property=\"og:image:type\" content=\"image\/jpeg\" \/>\n<meta name=\"twitter:card\" content=\"summary_large_image\" \/>\n<meta name=\"twitter:label1\" content=\"\u041f\u0440\u0438\u043c\u0435\u0440\u043d\u043e\u0435 \u0432\u0440\u0435\u043c\u044f \u0434\u043b\u044f \u0447\u0442\u0435\u043d\u0438\u044f\" \/>\n\t<meta name=\"twitter:data1\" content=\"1 \u043c\u0438\u043d\u0443\u0442\u0430\" \/>\n<script type=\"application\/ld+json\" class=\"yoast-schema-graph\">{\"@context\":\"https:\\\/\\\/schema.org\",\"@graph\":[{\"@type\":\"WebPage\",\"@id\":\"https:\\\/\\\/madoskampas.lt\\\/produktas\\\/pukine-liemene-urban-puff\\\/\",\"url\":\"https:\\\/\\\/madoskampas.lt\\\/produktas\\\/pukine-liemene-urban-puff\\\/\",\"name\":\"P\u016bkin\u0117 liemen\u0117 \u201eUrban Puff\u201c - MadosKampas.lt\",\"isPartOf\":{\"@id\":\"https:\\\/\\\/madoskampas.lt\\\/#website\"},\"primaryImageOfPage\":{\"@id\":\"https:\\\/\\\/madoskampas.lt\\\/produktas\\\/pukine-liemene-urban-puff\\\/#primaryimage\"},\"image\":{\"@id\":\"https:\\\/\\\/madoskampas.lt\\\/produktas\\\/pukine-liemene-urban-puff\\\/#primaryimage\"},\"thumbnailUrl\":\"https:\\\/\\\/madoskampas.lt\\\/wp-content\\\/uploads\\\/2026\\\/03\\\/IMG_2509-2-scaled.jpeg\",\"datePublished\":\"2026-03-27T09:04:54+00:00\",\"dateModified\":\"2026-03-27T09:12:20+00:00\",\"breadcrumb\":{\"@id\":\"https:\\\/\\\/madoskampas.lt\\\/produktas\\\/pukine-liemene-urban-puff\\\/#breadcrumb\"},\"inLanguage\":\"ru-RU\",\"potentialAction\":[{\"@type\":\"ReadAction\",\"target\":[\"https:\\\/\\\/madoskampas.lt\\\/produktas\\\/pukine-liemene-urban-puff\\\/\"]}]},{\"@type\":\"ImageObject\",\"inLanguage\":\"ru-RU\",\"@id\":\"https:\\\/\\\/madoskampas.lt\\\/produktas\\\/pukine-liemene-urban-puff\\\/#primaryimage\",\"url\":\"https:\\\/\\\/madoskampas.lt\\\/wp-content\\\/uploads\\\/2026\\\/03\\\/IMG_2509-2-scaled.jpeg\",\"contentUrl\":\"https:\\\/\\\/madoskampas.lt\\\/wp-content\\\/uploads\\\/2026\\\/03\\\/IMG_2509-2-scaled.jpeg\",\"width\":1920,\"height\":2560},{\"@type\":\"BreadcrumbList\",\"@id\":\"https:\\\/\\\/madoskampas.lt\\\/produktas\\\/pukine-liemene-urban-puff\\\/#breadcrumb\",\"itemListElement\":[{\"@type\":\"ListItem\",\"position\":1,\"name\":\"Home\",\"item\":\"https:\\\/\\\/madoskampas.lt\\\/\"},{\"@type\":\"ListItem\",\"position\":2,\"name\":\"Parduotuv\u0117\",\"item\":\"https:\\\/\\\/madoskampas.lt\\\/parduotuve-2\\\/\"},{\"@type\":\"ListItem\",\"position\":3,\"name\":\"P\u016bkin\u0117 liemen\u0117 \u201eUrban Puff\u201c\"}]},{\"@type\":\"WebSite\",\"@id\":\"https:\\\/\\\/madoskampas.lt\\\/#website\",\"url\":\"https:\\\/\\\/madoskampas.lt\\\/\",\"name\":\"MadosKampas.lt\",\"description\":\"Stilingi drabu\u017eiai moterims\",\"potentialAction\":[{\"@type\":\"SearchAction\",\"target\":{\"@type\":\"EntryPoint\",\"urlTemplate\":\"https:\\\/\\\/madoskampas.lt\\\/?s={search_term_string}\"},\"query-input\":{\"@type\":\"PropertyValueSpecification\",\"valueRequired\":true,\"valueName\":\"search_term_string\"}}],\"inLanguage\":\"ru-RU\"}]}<\/script>\n<!-- \/ Yoast SEO plugin. -->","yoast_head_json":{"title":"P\u016bkin\u0117 liemen\u0117 \u201eUrban Puff\u201c - MadosKampas.lt","robots":{"index":"index","follow":"follow","max-snippet":"max-snippet:-1","max-image-preview":"max-image-preview:large","max-video-preview":"max-video-preview:-1"},"canonical":"https:\/\/madoskampas.lt\/ru\/product-2\/pukine-liemene-urban-puff\/","og_locale":"ru_RU","og_type":"article","og_title":"P\u016bkin\u0117 liemen\u0117 \u201eUrban Puff\u201c - MadosKampas.lt","og_description":"Lengvumas, kuris \u0161ildo \u2013 ir atrodo stilingai. \u0160i p\u016bkin\u0117 liemen\u0117 \u2013 tas sluoksnis, kurio visada reikia. Lengva, bet jauki, ji suteikia \u0161ilumos neapsunkindama ir leid\u017eia kurti lengvus, modernius derinius kiekvienai dienai. Auk\u0161ta apykakl\u0117 saugo nuo v\u0117jo, o laisvesnis siluetas suteikia komforto ir \u201emiesto stiliaus\u201c poj\u016bt\u012f. Puikiai dera tiek su megztiniais, tiek su mar\u0161kiniais ar net lengvesn\u0117mis suknel\u0117mis \u2013 tikras garderobo \u201emust have\u201c. Spalvos \u2013 nuo \u0161velni\u0173 iki sodresni\u0173 \u2013 lengvai pritaikomos skirtingiems \u012fvaizd\u017eiams.    Kod\u0117l j\u0105 pamilsite:\u2022 Lengva, bet \u0161ilta\u2022 Stilingas, modernus siluetas\u2022 Auk\u0161ta apykakl\u0117 \u2013 papildomas jaukumas\u2022 Puikiai tinka sluoksniavimui\u2022 Lengvai derinama kasdienai Dydis tinka S-L","og_url":"https:\/\/madoskampas.lt\/ru\/product-2\/pukine-liemene-urban-puff\/","og_site_name":"MadosKampas.lt","article_modified_time":"2026-03-27T09:12:20+00:00","og_image":[{"width":1920,"height":2560,"url":"https:\/\/madoskampas.lt\/wp-content\/uploads\/2026\/03\/IMG_2509-2-scaled.jpeg","type":"image\/jpeg"}],"twitter_card":"summary_large_image","twitter_misc":{"\u041f\u0440\u0438\u043c\u0435\u0440\u043d\u043e\u0435 \u0432\u0440\u0435\u043c\u044f \u0434\u043b\u044f \u0447\u0442\u0435\u043d\u0438\u044f":"1 \u043c\u0438\u043d\u0443\u0442\u0430"},"schema":{"@context":"https:\/\/schema.org","@graph":[{"@type":"WebPage","@id":"https:\/\/madoskampas.lt\/produktas\/pukine-liemene-urban-puff\/","url":"https:\/\/madoskampas.lt\/produktas\/pukine-liemene-urban-puff\/","name":"P\u016bkin\u0117 liemen\u0117 \u201eUrban Puff\u201c - MadosKampas.lt","isPartOf":{"@id":"https:\/\/madoskampas.lt\/#website"},"primaryImageOfPage":{"@id":"https:\/\/madoskampas.lt\/produktas\/pukine-liemene-urban-puff\/#primaryimage"},"image":{"@id":"https:\/\/madoskampas.lt\/produktas\/pukine-liemene-urban-puff\/#primaryimage"},"thumbnailUrl":"https:\/\/madoskampas.lt\/wp-content\/uploads\/2026\/03\/IMG_2509-2-scaled.jpeg","datePublished":"2026-03-27T09:04:54+00:00","dateModified":"2026-03-27T09:12:20+00:00","breadcrumb":{"@id":"https:\/\/madoskampas.lt\/produktas\/pukine-liemene-urban-puff\/#breadcrumb"},"inLanguage":"ru-RU","potentialAction":[{"@type":"ReadAction","target":["https:\/\/madoskampas.lt\/produktas\/pukine-liemene-urban-puff\/"]}]},{"@type":"ImageObject","inLanguage":"ru-RU","@id":"https:\/\/madoskampas.lt\/produktas\/pukine-liemene-urban-puff\/#primaryimage","url":"https:\/\/madoskampas.lt\/wp-content\/uploads\/2026\/03\/IMG_2509-2-scaled.jpeg","contentUrl":"https:\/\/madoskampas.lt\/wp-content\/uploads\/2026\/03\/IMG_2509-2-scaled.jpeg","width":1920,"height":2560},{"@type":"BreadcrumbList","@id":"https:\/\/madoskampas.lt\/produktas\/pukine-liemene-urban-puff\/#breadcrumb","itemListElement":[{"@type":"ListItem","position":1,"name":"Home","item":"https:\/\/madoskampas.lt\/"},{"@type":"ListItem","position":2,"name":"Parduotuv\u0117","item":"https:\/\/madoskampas.lt\/parduotuve-2\/"},{"@type":"ListItem","position":3,"name":"P\u016bkin\u0117 liemen\u0117 \u201eUrban Puff\u201c"}]},{"@type":"WebSite","@id":"https:\/\/madoskampas.lt\/#website","url":"https:\/\/madoskampas.lt\/","name":"FashionKampas.lt","description":"\u0421\u0442\u0438\u043b\u044c\u043d\u0430\u044f \u043e\u0434\u0435\u0436\u0434\u0430 \u0434\u043b\u044f \u0436\u0435\u043d\u0449\u0438\u043d","potentialAction":[{"@type":"SearchAction","target":{"@type":"EntryPoint","urlTemplate":"https:\/\/madoskampas.lt\/?s={search_term_string}"},"query-input":{"@type":"PropertyValueSpecification","valueRequired":true,"valueName":"search_term_string"}}],"inLanguage":"ru-RU"}]}},"uagb_featured_image_src":{"full":["https:\/\/madoskampas.lt\/wp-content\/uploads\/2026\/03\/IMG_2509-2-scaled.jpeg",1920,2560,false],"thumbnail":["https:\/\/madoskampas.lt\/wp-content\/uploads\/2026\/03\/IMG_2509-2-150x150.jpeg",150,150,true],"medium":["https:\/\/madoskampas.lt\/wp-content\/uploads\/2026\/03\/IMG_2509-2-225x300.jpeg",225,300,true],"medium_large":["https:\/\/madoskampas.lt\/wp-content\/uploads\/2026\/03\/IMG_2509-2-768x1024.jpeg",768,1024,true],"large":["https:\/\/madoskampas.lt\/wp-content\/uploads\/2026\/03\/IMG_2509-2-768x1024.jpeg",768,1024,true],"1536x1536":["https:\/\/madoskampas.lt\/wp-content\/uploads\/2026\/03\/IMG_2509-2-1152x1536.jpeg",1152,1536,true],"2048x2048":["https:\/\/madoskampas.lt\/wp-content\/uploads\/2026\/03\/IMG_2509-2-1536x2048.jpeg",1536,2048,true],"trp-custom-language-flag":["https:\/\/madoskampas.lt\/wp-content\/uploads\/2026\/03\/IMG_2509-2-9x12.jpeg",9,12,true],"nova-image-square":["https:\/\/madoskampas.lt\/wp-content\/uploads\/2026\/03\/IMG_2509-2-1100x1100.jpeg",1100,1100,true],"mixtas-product-03":["https:\/\/madoskampas.lt\/wp-content\/uploads\/2026\/03\/IMG_2509-2-600x345.jpeg",600,345,true],"woocommerce_thumbnail":["https:\/\/madoskampas.lt\/wp-content\/uploads\/2026\/03\/IMG_2509-2-700x700.jpeg",700,700,true],"woocommerce_single":["https:\/\/madoskampas.lt\/wp-content\/uploads\/2026\/03\/IMG_2509-2-1000x1333.jpeg",1000,1333,true],"woocommerce_gallery_thumbnail":["https:\/\/madoskampas.lt\/wp-content\/uploads\/2026\/03\/IMG_2509-2-250x250.jpeg",250,250,true],"variation_swatches_image_size":["https:\/\/madoskampas.lt\/wp-content\/uploads\/2026\/03\/IMG_2509-2-50x50.jpeg",50,50,true],"variation_swatches_tooltip_size":["https:\/\/madoskampas.lt\/wp-content\/uploads\/2026\/03\/IMG_2509-2-100x100.jpeg",100,100,true]},"uagb_author_info":{"display_name":"algirdasbart","author_link":"https:\/\/madoskampas.lt\/ru\/author\/"},"uagb_comment_info":0,"uagb_excerpt":"Lengvumas, kuris \u0161ildo \u2013 ir atrodo stilingai. \u0160i p\u016bkin\u0117 liemen\u0117 \u2013 tas sluoksnis, kurio visada reikia. Lengva, bet jauki, ji suteikia \u0161ilumos neapsunkindama ir leid\u017eia kurti lengvus, modernius derinius kiekvienai dienai. Auk\u0161ta apykakl\u0117 saugo nuo v\u0117jo, o laisvesnis siluetas suteikia komforto ir \u201emiesto stiliaus\u201c poj\u016bt\u012f. Puikiai dera tiek su megztiniais, tiek su mar\u0161kiniais ar net&hellip;","jetpack_sharing_enabled":true,"_links":{"self":[{"href":"https:\/\/madoskampas.lt\/ru\/wp-json\/wp\/v2\/product\/30324","targetHints":{"allow":["GET"]}}],"collection":[{"href":"https:\/\/madoskampas.lt\/ru\/wp-json\/wp\/v2\/product"}],"about":[{"href":"https:\/\/madoskampas.lt\/ru\/wp-json\/wp\/v2\/types\/product"}],"replies":[{"embeddable":true,"href":"https:\/\/madoskampas.lt\/ru\/wp-json\/wp\/v2\/comments?post=30324"}],"wp:featuredmedia":[{"embeddable":true,"href":"https:\/\/madoskampas.lt\/ru\/wp-json\/wp\/v2\/media\/30326"}],"wp:attachment":[{"href":"https:\/\/madoskampas.lt\/ru\/wp-json\/wp\/v2\/media?parent=30324"}],"wp:term":[{"taxonomy":"product_brand","embeddable":true,"href":"https:\/\/madoskampas.lt\/ru\/wp-json\/wp\/v2\/product_brand?post=30324"},{"taxonomy":"product_cat","embeddable":true,"href":"https:\/\/madoskampas.lt\/ru\/wp-json\/wp\/v2\/product_cat?post=30324"},{"taxonomy":"product_tag","embeddable":true,"href":"https:\/\/madoskampas.lt\/ru\/wp-json\/wp\/v2\/product_tag?post=30324"}],"curies":[{"name":"wp","href":"https:\/\/api.w.org\/{rel}","templated":true}]}}