{"id":31979,"date":"2026-04-23T10:50:09","date_gmt":"2026-04-23T10:50:09","guid":{"rendered":"https:\/\/madoskampas.lt\/?post_type=product&#038;p=31979"},"modified":"2026-04-29T21:55:26","modified_gmt":"2026-04-29T21:55:26","slug":"everyday-mom-fit-dzinsai-588","status":"publish","type":"product","link":"https:\/\/madoskampas.lt\/ru\/product-2\/everyday-mom-fit-dzinsai-588\/","title":{"rendered":"\u201eEveryday&#8221; Mom Fit d\u017einsai (588)"},"content":{"rendered":"<p>Klasika, kuri niekada nei\u0161eina i\u0161 mados \u2013 mom fit d\u017einsai, sukurti patogumui ir stiliui kasdien.<\/p>\n<p>\u0160iek tiek laisvesnis siluetas suteikia lengvumo poj\u016bt\u012f, o auk\u0161tesnis liemuo gra\u017eiai formuoja fig\u016br\u0105 ir leid\u017eia jaustis u\u017etikrintai.<\/p>","protected":false},"excerpt":{"rendered":"<p data-start=\"74\" data-end=\"302\">Klasika, kuri niekada nei\u0161eina i\u0161 mados \u2013 mom fit d\u017einsai, sukurti patogumui ir stiliui kasdien. \u0160iek tiek laisvesnis siluetas suteikia lengvumo poj\u016bt\u012f, o auk\u0161tesnis liemuo gra\u017eiai formuoja fig\u016br\u0105 ir leid\u017eia jaustis u\u017etikrintai.<\/p>\n<p data-start=\"304\" data-end=\"487\">Tai d\u017einsai, kurie dera prie visko \u2013 nuo romanti\u0161k\u0173 palaidini\u0173 iki basic mar\u0161kin\u0117li\u0173. Lengvai \u201ekrentanti\u201c forma ir galimyb\u0117 atlenkti kle\u0161nes suteikia modernumo ir laisvumo \u012fvaizd\u017eiui.<\/p>\n<p data-start=\"489\" data-end=\"672\">\u2022 Mom fit modelis \u2013 laisvesnis, bet i\u0161laikantis form\u0105<br data-start=\"542\" data-end=\"545\" \/>\u2022 Auk\u0161tesnis liemuo \u2013 patogumui ir gra\u017eiam siluetui<br data-start=\"596\" data-end=\"599\" \/>\u2022 Lengvai derinami \u2013 tiks tiek kasdienai, tiek stilingesniems deriniams<\/p>\n<p data-start=\"674\" data-end=\"744\" data-is-last-node=\"\" data-is-only-node=\"\">Tobulas pasirinkimas, kai norisi atrodyti stilingai \ud83d\udc99<\/p>\n<hr data-start=\"780\" data-end=\"783\" \/>\n<h3 data-section-id=\"37jezx\" data-start=\"785\" data-end=\"802\">I\u0161matavimai<\/h3>\n<div class=\"TyagGW_tableContainer\">\n<div class=\"group TyagGW_tableWrapper flex flex-col-reverse w-fit\" tabindex=\"-1\">\n<table class=\"w-fit min-w-(--thread-content-width)\" data-start=\"804\" data-end=\"1049\">\n<thead data-start=\"804\" data-end=\"839\">\n<tr data-start=\"804\" data-end=\"839\">\n<th class=\"\" data-start=\"804\" data-end=\"812\" data-col-size=\"sm\">\u0420\u0430\u0437\u043c\u0435\u0440<\/th>\n<th class=\"\" data-start=\"812\" data-end=\"821\" data-col-size=\"sm\">Liemuo<\/th>\n<th class=\"\" data-start=\"821\" data-end=\"830\" data-col-size=\"sm\">Klubai<\/th>\n<th class=\"\" data-start=\"830\" data-end=\"839\" data-col-size=\"sm\">Ilgis<\/th>\n<\/tr>\n<\/thead>\n<tbody data-start=\"875\" data-end=\"1049\">\n<tr data-start=\"875\" data-end=\"909\">\n<td data-start=\"875\" data-end=\"882\" data-col-size=\"sm\">XS<\/td>\n<td data-start=\"882\" data-end=\"891\" data-col-size=\"sm\">33 cm<\/td>\n<td data-start=\"891\" data-end=\"900\" data-col-size=\"sm\">45 cm<\/td>\n<td data-start=\"900\" data-end=\"909\" data-col-size=\"sm\">97 cm<\/td>\n<\/tr>\n<tr data-start=\"910\" data-end=\"944\">\n<td data-start=\"910\" data-end=\"917\" data-col-size=\"sm\">S<\/td>\n<td data-start=\"917\" data-end=\"926\" data-col-size=\"sm\">35 cm<\/td>\n<td data-start=\"926\" data-end=\"935\" data-col-size=\"sm\">47 cm<\/td>\n<td data-start=\"935\" data-end=\"944\" data-col-size=\"sm\">97 cm<\/td>\n<\/tr>\n<tr data-start=\"945\" data-end=\"979\">\n<td data-start=\"945\" data-end=\"952\" data-col-size=\"sm\">M<\/td>\n<td data-start=\"952\" data-end=\"961\" data-col-size=\"sm\">37 cm<\/td>\n<td data-start=\"961\" data-end=\"970\" data-col-size=\"sm\">50 cm<\/td>\n<td data-start=\"970\" data-end=\"979\" data-col-size=\"sm\">98 cm<\/td>\n<\/tr>\n<tr data-start=\"980\" data-end=\"1014\">\n<td data-start=\"980\" data-end=\"987\" data-col-size=\"sm\">L<\/td>\n<td data-start=\"987\" data-end=\"996\" data-col-size=\"sm\">40 cm<\/td>\n<td data-start=\"996\" data-end=\"1005\" data-col-size=\"sm\">52 \u0441\u043c<\/td>\n<td data-start=\"1005\" data-end=\"1014\" data-col-size=\"sm\">98 cm<\/td>\n<\/tr>\n<tr data-start=\"1015\" data-end=\"1049\">\n<td data-start=\"1015\" data-end=\"1022\" data-col-size=\"sm\">XL<\/td>\n<td data-start=\"1022\" data-end=\"1031\" data-col-size=\"sm\">42 cm<\/td>\n<td data-start=\"1031\" data-end=\"1040\" data-col-size=\"sm\">55 cm<\/td>\n<td data-start=\"1040\" data-end=\"1049\" data-col-size=\"sm\">99 cm<\/td>\n<\/tr>\n<\/tbody>\n<\/table>\n<\/div>\n<\/div>\n<hr data-start=\"1051\" data-end=\"1054\" \/>\n<p data-start=\"1056\" data-end=\"1152\" data-is-last-node=\"\" data-is-only-node=\"\">","protected":false},"featured_media":31945,"comment_status":"open","ping_status":"closed","template":"","meta":{"_uag_custom_page_level_css":"","_monsterinsights_skip_tracking":false,"_monsterinsights_sitenote_active":false,"_monsterinsights_sitenote_note":"","_monsterinsights_sitenote_category":0},"product_brand":[],"product_cat":[66,67],"product_tag":[],"class_list":{"0":"post-31979","1":"product","2":"type-product","3":"status-publish","4":"has-post-thumbnail","6":"product_cat-drabuziai","7":"product_cat-dzinsai","8":"tm-has-options","10":"first","11":"instock","12":"shipping-taxable","13":"purchasable","14":"product-type-variable"},"yoast_head":"<!-- This site is optimized with the Yoast SEO plugin v27.5 - https:\/\/yoast.com\/product\/yoast-seo-wordpress\/ -->\n<title>\u201eEveryday&quot; Mom Fit d\u017einsai (588) - MadosKampas.lt<\/title>\n<meta name=\"robots\" content=\"index, follow, max-snippet:-1, max-image-preview:large, max-video-preview:-1\" \/>\n<link rel=\"canonical\" href=\"https:\/\/madoskampas.lt\/ru\/product-2\/everyday-mom-fit-dzinsai-588\/\" \/>\n<meta property=\"og:locale\" content=\"ru_RU\" \/>\n<meta property=\"og:type\" content=\"article\" \/>\n<meta property=\"og:title\" content=\"\u201eEveryday&quot; Mom Fit d\u017einsai (588) - MadosKampas.lt\" \/>\n<meta property=\"og:description\" content=\"Klasika, kuri niekada nei\u0161eina i\u0161 mados \u2013 mom fit d\u017einsai, sukurti patogumui ir stiliui kasdien. \u0160iek tiek laisvesnis siluetas suteikia lengvumo poj\u016bt\u012f, o auk\u0161tesnis liemuo gra\u017eiai formuoja fig\u016br\u0105 ir leid\u017eia jaustis u\u017etikrintai. Tai d\u017einsai, kurie dera prie visko \u2013 nuo romanti\u0161k\u0173 palaidini\u0173 iki basic mar\u0161kin\u0117li\u0173. Lengvai \u201ekrentanti\u201c forma ir galimyb\u0117 atlenkti kle\u0161nes suteikia modernumo ir laisvumo \u012fvaizd\u017eiui. \u2022 Mom fit modelis \u2013 laisvesnis, bet i\u0161laikantis form\u0105\u2022 Auk\u0161tesnis liemuo \u2013 patogumui ir gra\u017eiam siluetui\u2022 Lengvai derinami \u2013 tiks tiek kasdienai, tiek stilingesniems deriniams Tobulas pasirinkimas, kai norisi atrodyti stilingai \ud83d\udc99     I\u0161matavimai      Dydis Liemuo Klubai Ilgis     XS 33 cm 45 cm 97 cm   S 35 cm 47 cm 97 cm   M 37 cm 50 cm 98 cm   L 40 cm 52 cm 98 cm   XL 42 cm 55 cm 99 cm\" \/>\n<meta property=\"og:url\" content=\"https:\/\/madoskampas.lt\/ru\/product-2\/everyday-mom-fit-dzinsai-588\/\" \/>\n<meta property=\"og:site_name\" content=\"MadosKampas.lt\" \/>\n<meta property=\"article:modified_time\" content=\"2026-04-29T21:55:26+00:00\" \/>\n<meta property=\"og:image\" content=\"https:\/\/madoskampas.lt\/wp-content\/uploads\/2026\/04\/IMG_6367-scaled.jpeg\" \/>\n\t<meta property=\"og:image:width\" content=\"1920\" \/>\n\t<meta property=\"og:image:height\" content=\"2560\" \/>\n\t<meta property=\"og:image:type\" content=\"image\/jpeg\" \/>\n<meta name=\"twitter:card\" content=\"summary_large_image\" \/>\n<meta name=\"twitter:label1\" content=\"\u041f\u0440\u0438\u043c\u0435\u0440\u043d\u043e\u0435 \u0432\u0440\u0435\u043c\u044f \u0434\u043b\u044f \u0447\u0442\u0435\u043d\u0438\u044f\" \/>\n\t<meta name=\"twitter:data1\" content=\"1 \u043c\u0438\u043d\u0443\u0442\u0430\" \/>\n<script type=\"application\/ld+json\" class=\"yoast-schema-graph\">{\"@context\":\"https:\\\/\\\/schema.org\",\"@graph\":[{\"@type\":\"WebPage\",\"@id\":\"https:\\\/\\\/madoskampas.lt\\\/produktas\\\/everyday-mom-fit-dzinsai-588\\\/\",\"url\":\"https:\\\/\\\/madoskampas.lt\\\/produktas\\\/everyday-mom-fit-dzinsai-588\\\/\",\"name\":\"\u201eEveryday\\\" Mom Fit d\u017einsai (588) - MadosKampas.lt\",\"isPartOf\":{\"@id\":\"https:\\\/\\\/madoskampas.lt\\\/#website\"},\"primaryImageOfPage\":{\"@id\":\"https:\\\/\\\/madoskampas.lt\\\/produktas\\\/everyday-mom-fit-dzinsai-588\\\/#primaryimage\"},\"image\":{\"@id\":\"https:\\\/\\\/madoskampas.lt\\\/produktas\\\/everyday-mom-fit-dzinsai-588\\\/#primaryimage\"},\"thumbnailUrl\":\"https:\\\/\\\/madoskampas.lt\\\/wp-content\\\/uploads\\\/2026\\\/04\\\/IMG_6367-scaled.jpeg\",\"datePublished\":\"2026-04-23T10:50:09+00:00\",\"dateModified\":\"2026-04-29T21:55:26+00:00\",\"breadcrumb\":{\"@id\":\"https:\\\/\\\/madoskampas.lt\\\/produktas\\\/everyday-mom-fit-dzinsai-588\\\/#breadcrumb\"},\"inLanguage\":\"ru-RU\",\"potentialAction\":[{\"@type\":\"ReadAction\",\"target\":[\"https:\\\/\\\/madoskampas.lt\\\/produktas\\\/everyday-mom-fit-dzinsai-588\\\/\"]}]},{\"@type\":\"ImageObject\",\"inLanguage\":\"ru-RU\",\"@id\":\"https:\\\/\\\/madoskampas.lt\\\/produktas\\\/everyday-mom-fit-dzinsai-588\\\/#primaryimage\",\"url\":\"https:\\\/\\\/madoskampas.lt\\\/wp-content\\\/uploads\\\/2026\\\/04\\\/IMG_6367-scaled.jpeg\",\"contentUrl\":\"https:\\\/\\\/madoskampas.lt\\\/wp-content\\\/uploads\\\/2026\\\/04\\\/IMG_6367-scaled.jpeg\",\"width\":1920,\"height\":2560},{\"@type\":\"BreadcrumbList\",\"@id\":\"https:\\\/\\\/madoskampas.lt\\\/produktas\\\/everyday-mom-fit-dzinsai-588\\\/#breadcrumb\",\"itemListElement\":[{\"@type\":\"ListItem\",\"position\":1,\"name\":\"Home\",\"item\":\"https:\\\/\\\/madoskampas.lt\\\/\"},{\"@type\":\"ListItem\",\"position\":2,\"name\":\"Parduotuv\u0117\",\"item\":\"https:\\\/\\\/madoskampas.lt\\\/parduotuve-2\\\/\"},{\"@type\":\"ListItem\",\"position\":3,\"name\":\"\u201eEveryday&#8221; Mom Fit d\u017einsai (588)\"}]},{\"@type\":\"WebSite\",\"@id\":\"https:\\\/\\\/madoskampas.lt\\\/#website\",\"url\":\"https:\\\/\\\/madoskampas.lt\\\/\",\"name\":\"MadosKampas.lt\",\"description\":\"Stilingi drabu\u017eiai moterims\",\"potentialAction\":[{\"@type\":\"SearchAction\",\"target\":{\"@type\":\"EntryPoint\",\"urlTemplate\":\"https:\\\/\\\/madoskampas.lt\\\/?s={search_term_string}\"},\"query-input\":{\"@type\":\"PropertyValueSpecification\",\"valueRequired\":true,\"valueName\":\"search_term_string\"}}],\"inLanguage\":\"ru-RU\"}]}<\/script>\n<!-- \/ Yoast SEO plugin. -->","yoast_head_json":{"title":"\u201eEveryday\" Mom Fit d\u017einsai (588) - MadosKampas.lt","robots":{"index":"index","follow":"follow","max-snippet":"max-snippet:-1","max-image-preview":"max-image-preview:large","max-video-preview":"max-video-preview:-1"},"canonical":"https:\/\/madoskampas.lt\/ru\/product-2\/everyday-mom-fit-dzinsai-588\/","og_locale":"ru_RU","og_type":"article","og_title":"\u201eEveryday\" Mom Fit d\u017einsai (588) - MadosKampas.lt","og_description":"Klasika, kuri niekada nei\u0161eina i\u0161 mados \u2013 mom fit d\u017einsai, sukurti patogumui ir stiliui kasdien. \u0160iek tiek laisvesnis siluetas suteikia lengvumo poj\u016bt\u012f, o auk\u0161tesnis liemuo gra\u017eiai formuoja fig\u016br\u0105 ir leid\u017eia jaustis u\u017etikrintai. Tai d\u017einsai, kurie dera prie visko \u2013 nuo romanti\u0161k\u0173 palaidini\u0173 iki basic mar\u0161kin\u0117li\u0173. Lengvai \u201ekrentanti\u201c forma ir galimyb\u0117 atlenkti kle\u0161nes suteikia modernumo ir laisvumo \u012fvaizd\u017eiui. \u2022 Mom fit modelis \u2013 laisvesnis, bet i\u0161laikantis form\u0105\u2022 Auk\u0161tesnis liemuo \u2013 patogumui ir gra\u017eiam siluetui\u2022 Lengvai derinami \u2013 tiks tiek kasdienai, tiek stilingesniems deriniams Tobulas pasirinkimas, kai norisi atrodyti stilingai \ud83d\udc99     I\u0161matavimai      Dydis Liemuo Klubai Ilgis     XS 33 cm 45 cm 97 cm   S 35 cm 47 cm 97 cm   M 37 cm 50 cm 98 cm   L 40 cm 52 cm 98 cm   XL 42 cm 55 cm 99 cm","og_url":"https:\/\/madoskampas.lt\/ru\/product-2\/everyday-mom-fit-dzinsai-588\/","og_site_name":"MadosKampas.lt","article_modified_time":"2026-04-29T21:55:26+00:00","og_image":[{"width":1920,"height":2560,"url":"https:\/\/madoskampas.lt\/wp-content\/uploads\/2026\/04\/IMG_6367-scaled.jpeg","type":"image\/jpeg"}],"twitter_card":"summary_large_image","twitter_misc":{"\u041f\u0440\u0438\u043c\u0435\u0440\u043d\u043e\u0435 \u0432\u0440\u0435\u043c\u044f \u0434\u043b\u044f \u0447\u0442\u0435\u043d\u0438\u044f":"1 \u043c\u0438\u043d\u0443\u0442\u0430"},"schema":{"@context":"https:\/\/schema.org","@graph":[{"@type":"WebPage","@id":"https:\/\/madoskampas.lt\/produktas\/everyday-mom-fit-dzinsai-588\/","url":"https:\/\/madoskampas.lt\/produktas\/everyday-mom-fit-dzinsai-588\/","name":"\u201eEveryday\" Mom Fit d\u017einsai (588) - MadosKampas.lt","isPartOf":{"@id":"https:\/\/madoskampas.lt\/#website"},"primaryImageOfPage":{"@id":"https:\/\/madoskampas.lt\/produktas\/everyday-mom-fit-dzinsai-588\/#primaryimage"},"image":{"@id":"https:\/\/madoskampas.lt\/produktas\/everyday-mom-fit-dzinsai-588\/#primaryimage"},"thumbnailUrl":"https:\/\/madoskampas.lt\/wp-content\/uploads\/2026\/04\/IMG_6367-scaled.jpeg","datePublished":"2026-04-23T10:50:09+00:00","dateModified":"2026-04-29T21:55:26+00:00","breadcrumb":{"@id":"https:\/\/madoskampas.lt\/produktas\/everyday-mom-fit-dzinsai-588\/#breadcrumb"},"inLanguage":"ru-RU","potentialAction":[{"@type":"ReadAction","target":["https:\/\/madoskampas.lt\/produktas\/everyday-mom-fit-dzinsai-588\/"]}]},{"@type":"ImageObject","inLanguage":"ru-RU","@id":"https:\/\/madoskampas.lt\/produktas\/everyday-mom-fit-dzinsai-588\/#primaryimage","url":"https:\/\/madoskampas.lt\/wp-content\/uploads\/2026\/04\/IMG_6367-scaled.jpeg","contentUrl":"https:\/\/madoskampas.lt\/wp-content\/uploads\/2026\/04\/IMG_6367-scaled.jpeg","width":1920,"height":2560},{"@type":"BreadcrumbList","@id":"https:\/\/madoskampas.lt\/produktas\/everyday-mom-fit-dzinsai-588\/#breadcrumb","itemListElement":[{"@type":"ListItem","position":1,"name":"Home","item":"https:\/\/madoskampas.lt\/"},{"@type":"ListItem","position":2,"name":"Parduotuv\u0117","item":"https:\/\/madoskampas.lt\/parduotuve-2\/"},{"@type":"ListItem","position":3,"name":"\u201eEveryday&#8221; Mom Fit d\u017einsai (588)"}]},{"@type":"WebSite","@id":"https:\/\/madoskampas.lt\/#website","url":"https:\/\/madoskampas.lt\/","name":"FashionKampas.lt","description":"\u0421\u0442\u0438\u043b\u044c\u043d\u0430\u044f \u043e\u0434\u0435\u0436\u0434\u0430 \u0434\u043b\u044f \u0436\u0435\u043d\u0449\u0438\u043d","potentialAction":[{"@type":"SearchAction","target":{"@type":"EntryPoint","urlTemplate":"https:\/\/madoskampas.lt\/?s={search_term_string}"},"query-input":{"@type":"PropertyValueSpecification","valueRequired":true,"valueName":"search_term_string"}}],"inLanguage":"ru-RU"}]}},"uagb_featured_image_src":{"full":["https:\/\/madoskampas.lt\/wp-content\/uploads\/2026\/04\/IMG_6367-scaled.jpeg",1920,2560,false],"thumbnail":["https:\/\/madoskampas.lt\/wp-content\/uploads\/2026\/04\/IMG_6367-150x150.jpeg",150,150,true],"medium":["https:\/\/madoskampas.lt\/wp-content\/uploads\/2026\/04\/IMG_6367-225x300.jpeg",225,300,true],"medium_large":["https:\/\/madoskampas.lt\/wp-content\/uploads\/2026\/04\/IMG_6367-768x1024.jpeg",768,1024,true],"large":["https:\/\/madoskampas.lt\/wp-content\/uploads\/2026\/04\/IMG_6367-768x1024.jpeg",768,1024,true],"1536x1536":["https:\/\/madoskampas.lt\/wp-content\/uploads\/2026\/04\/IMG_6367-1152x1536.jpeg",1152,1536,true],"2048x2048":["https:\/\/madoskampas.lt\/wp-content\/uploads\/2026\/04\/IMG_6367-1536x2048.jpeg",1536,2048,true],"trp-custom-language-flag":["https:\/\/madoskampas.lt\/wp-content\/uploads\/2026\/04\/IMG_6367-9x12.jpeg",9,12,true],"nova-image-square":["https:\/\/madoskampas.lt\/wp-content\/uploads\/2026\/04\/IMG_6367-1100x1100.jpeg",1100,1100,true],"mixtas-product-03":["https:\/\/madoskampas.lt\/wp-content\/uploads\/2026\/04\/IMG_6367-600x345.jpeg",600,345,true],"woocommerce_thumbnail":["https:\/\/madoskampas.lt\/wp-content\/uploads\/2026\/04\/IMG_6367-700x700.jpeg",700,700,true],"woocommerce_single":["https:\/\/madoskampas.lt\/wp-content\/uploads\/2026\/04\/IMG_6367-1000x1333.jpeg",1000,1333,true],"woocommerce_gallery_thumbnail":["https:\/\/madoskampas.lt\/wp-content\/uploads\/2026\/04\/IMG_6367-250x250.jpeg",250,250,true],"variation_swatches_image_size":["https:\/\/madoskampas.lt\/wp-content\/uploads\/2026\/04\/IMG_6367-50x50.jpeg",50,50,true],"variation_swatches_tooltip_size":["https:\/\/madoskampas.lt\/wp-content\/uploads\/2026\/04\/IMG_6367-100x100.jpeg",100,100,true]},"uagb_author_info":{"display_name":"algirdasbart","author_link":"https:\/\/madoskampas.lt\/ru\/author\/"},"uagb_comment_info":0,"uagb_excerpt":"Klasika, kuri niekada nei\u0161eina i\u0161 mados \u2013 mom fit d\u017einsai, sukurti patogumui ir stiliui kasdien. \u0160iek tiek laisvesnis siluetas suteikia lengvumo poj\u016bt\u012f, o auk\u0161tesnis liemuo gra\u017eiai formuoja fig\u016br\u0105 ir leid\u017eia jaustis u\u017etikrintai. Tai d\u017einsai, kurie dera prie visko \u2013 nuo romanti\u0161k\u0173 palaidini\u0173 iki basic mar\u0161kin\u0117li\u0173. Lengvai \u201ekrentanti\u201c forma ir galimyb\u0117 atlenkti kle\u0161nes suteikia modernumo ir&hellip;","jetpack_sharing_enabled":true,"_links":{"self":[{"href":"https:\/\/madoskampas.lt\/ru\/wp-json\/wp\/v2\/product\/31979","targetHints":{"allow":["GET"]}}],"collection":[{"href":"https:\/\/madoskampas.lt\/ru\/wp-json\/wp\/v2\/product"}],"about":[{"href":"https:\/\/madoskampas.lt\/ru\/wp-json\/wp\/v2\/types\/product"}],"replies":[{"embeddable":true,"href":"https:\/\/madoskampas.lt\/ru\/wp-json\/wp\/v2\/comments?post=31979"}],"wp:featuredmedia":[{"embeddable":true,"href":"https:\/\/madoskampas.lt\/ru\/wp-json\/wp\/v2\/media\/31945"}],"wp:attachment":[{"href":"https:\/\/madoskampas.lt\/ru\/wp-json\/wp\/v2\/media?parent=31979"}],"wp:term":[{"taxonomy":"product_brand","embeddable":true,"href":"https:\/\/madoskampas.lt\/ru\/wp-json\/wp\/v2\/product_brand?post=31979"},{"taxonomy":"product_cat","embeddable":true,"href":"https:\/\/madoskampas.lt\/ru\/wp-json\/wp\/v2\/product_cat?post=31979"},{"taxonomy":"product_tag","embeddable":true,"href":"https:\/\/madoskampas.lt\/ru\/wp-json\/wp\/v2\/product_tag?post=31979"}],"curies":[{"name":"wp","href":"https:\/\/api.w.org\/{rel}","templated":true}]}}