{"id":31985,"date":"2026-04-23T10:59:35","date_gmt":"2026-04-23T10:59:35","guid":{"rendered":"https:\/\/madoskampas.lt\/?post_type=product&#038;p=31985"},"modified":"2026-05-01T09:31:36","modified_gmt":"2026-05-01T09:31:36","slug":"urban-wide-kreminiai-dzinsai-modernus-siluetas-kasdienai-007","status":"publish","type":"product","link":"https:\/\/madoskampas.lt\/ru\/product-2\/urban-wide-kreminiai-dzinsai-modernus-siluetas-kasdienai-007\/","title":{"rendered":"Urban Wide kreminiai d\u017einsai \u2013 modernus siluetas kasdienai (007)"},"content":{"rendered":"<p data-start=\"167\" data-end=\"378\">\u0160ie d\u017einsai \u2013 tai tas modelis, kuris i\u0161 karto sukuria stiling\u0105 ir \u0161iuolaiki\u0161k\u0105 \u012fvaizd\u012f. Plati kle\u0161n\u0117, lengvai krentantis audinys ir subtilios si\u016bli\u0173 detal\u0117s vizualiai ilgina kojas bei suteikia siluetui lengvumo.<\/p>\n<p data-start=\"380\" data-end=\"499\">Tai d\u017einsai, kuriuos apsivilkus viskas atrodo \u201esud\u0117liota\u201c \u2013 tiek su paprastu megztuku, tiek su eleganti\u0161kesniu deriniu.<\/p>","protected":false},"excerpt":{"rendered":"<p data-start=\"167\" data-end=\"378\">\u0160ie d\u017einsai \u2013 tai tas modelis, kuris i\u0161 karto sukuria stiling\u0105 ir \u0161iuolaiki\u0161k\u0105 \u012fvaizd\u012f. Plati kle\u0161n\u0117, lengvai krentantis audinys ir subtilios si\u016bli\u0173 detal\u0117s vizualiai ilgina kojas bei suteikia siluetui lengvumo.<\/p>\n<p data-start=\"380\" data-end=\"499\">Tai d\u017einsai, kuriuos apsivilkus viskas atrodo \u201esud\u0117liota\u201c \u2013 tiek su paprastu megztuku, tiek su eleganti\u0161kesniu deriniu.<\/p>\n<p data-start=\"501\" data-end=\"577\">Puikus pasirinkimas, kai norisi patogumo, bet kartu ir i\u0161skirtinio stiliaus.<\/p>\n<p data-start=\"579\" data-end=\"844\">\u2728 Kod\u0117l juos pamilsite:<br \/>\n\u2022 Plati kle\u0161n\u0117 \u2013 ilgina ir gra\u017eiai formuoja siluet\u0105<br data-start=\"654\" data-end=\"657\" \/>\u2022 Modernios si\u016bli\u0173 detal\u0117s \u2013 suteikia i\u0161skirtinumo<br data-start=\"707\" data-end=\"710\" \/>\u2022 Patog\u016bs ir nevar\u017eantys judesi\u0173<br data-start=\"742\" data-end=\"745\" \/>\u2022 Lengvai derinami kasdieniams ir stilingesniems deriniams<br data-start=\"803\" data-end=\"806\" \/>\u2022 Tobulas pasirinkimas visam sezonui<\/p>\n<p data-start=\"846\" data-end=\"863\">\ud83d\udccf \u0420\u0430\u0437\u043c\u0435\u0440\u044b:<\/p>\n<div class=\"TyagGW_tableContainer\">\n<div class=\"group TyagGW_tableWrapper flex flex-col-reverse w-fit\">\n<table class=\"w-fit min-w-(--thread-content-width)\" data-start=\"865\" data-end=\"1115\">\n<thead data-start=\"865\" data-end=\"900\">\n<tr data-start=\"865\" data-end=\"900\">\n<th class=\"\" data-start=\"865\" data-end=\"873\" data-col-size=\"sm\">\u0420\u0430\u0437\u043c\u0435\u0440<\/th>\n<th class=\"\" data-start=\"873\" data-end=\"882\" data-col-size=\"sm\">Liemuo<\/th>\n<th class=\"\" data-start=\"882\" data-end=\"891\" data-col-size=\"sm\">Klubai<\/th>\n<th class=\"\" data-start=\"891\" data-end=\"900\" data-col-size=\"sm\">Ilgis<\/th>\n<\/tr>\n<\/thead>\n<tbody data-start=\"936\" data-end=\"1115\">\n<tr data-start=\"936\" data-end=\"971\">\n<td data-start=\"936\" data-end=\"943\" data-col-size=\"sm\">XS<\/td>\n<td data-start=\"943\" data-end=\"952\" data-col-size=\"sm\">31 cm<\/td>\n<td data-start=\"952\" data-end=\"961\" data-col-size=\"sm\">45 cm<\/td>\n<td data-start=\"961\" data-end=\"971\" data-col-size=\"sm\">107 \u0441\u043c<\/td>\n<\/tr>\n<tr data-start=\"972\" data-end=\"1007\">\n<td data-start=\"972\" data-end=\"979\" data-col-size=\"sm\">S<\/td>\n<td data-col-size=\"sm\" data-start=\"979\" data-end=\"988\">32 cm<\/td>\n<td data-col-size=\"sm\" data-start=\"988\" data-end=\"997\">46 cm<\/td>\n<td data-col-size=\"sm\" data-start=\"997\" data-end=\"1007\">107 \u0441\u043c<\/td>\n<\/tr>\n<tr data-start=\"1008\" data-end=\"1043\">\n<td data-start=\"1008\" data-end=\"1015\" data-col-size=\"sm\">M<\/td>\n<td data-col-size=\"sm\" data-start=\"1015\" data-end=\"1024\">35 cm<\/td>\n<td data-col-size=\"sm\" data-start=\"1024\" data-end=\"1033\">50 cm<\/td>\n<td data-col-size=\"sm\" data-start=\"1033\" data-end=\"1043\">108 cm<\/td>\n<\/tr>\n<tr data-start=\"1044\" data-end=\"1079\">\n<td data-start=\"1044\" data-end=\"1051\" data-col-size=\"sm\">L<\/td>\n<td data-col-size=\"sm\" data-start=\"1051\" data-end=\"1060\">37 cm<\/td>\n<td data-col-size=\"sm\" data-start=\"1060\" data-end=\"1069\">52 \u0441\u043c<\/td>\n<td data-col-size=\"sm\" data-start=\"1069\" data-end=\"1079\">108 cm<\/td>\n<\/tr>\n<tr data-start=\"1080\" data-end=\"1115\">\n<td data-start=\"1080\" data-end=\"1087\" data-col-size=\"sm\">XL<\/td>\n<td data-col-size=\"sm\" data-start=\"1087\" data-end=\"1096\">39 cm<\/td>\n<td data-col-size=\"sm\" data-start=\"1096\" data-end=\"1105\">55 cm<\/td>\n<td data-col-size=\"sm\" data-start=\"1105\" data-end=\"1115\">108 cm<\/td>\n<\/tr>\n<\/tbody>\n<\/table>\n<\/div>\n<\/div>","protected":false},"featured_media":31956,"comment_status":"open","ping_status":"closed","template":"","meta":{"_uag_custom_page_level_css":"","_monsterinsights_skip_tracking":false,"_monsterinsights_sitenote_active":false,"_monsterinsights_sitenote_note":"","_monsterinsights_sitenote_category":0},"product_brand":[],"product_cat":[66,67,95],"product_tag":[],"class_list":{"0":"post-31985","1":"product","2":"type-product","3":"status-publish","4":"has-post-thumbnail","6":"product_cat-drabuziai","7":"product_cat-dzinsai","8":"product_cat-naujausi","9":"tm-has-options","11":"first","12":"instock","13":"shipping-taxable","14":"purchasable","15":"product-type-variable"},"yoast_head":"<!-- This site is optimized with the Yoast SEO plugin v27.5 - https:\/\/yoast.com\/product\/yoast-seo-wordpress\/ -->\n<title>Urban Wide kreminiai d\u017einsai \u2013 modernus siluetas kasdienai (007) - MadosKampas.lt<\/title>\n<meta name=\"robots\" content=\"index, follow, max-snippet:-1, max-image-preview:large, max-video-preview:-1\" \/>\n<link rel=\"canonical\" href=\"https:\/\/madoskampas.lt\/ru\/product-2\/urban-wide-kreminiai-dzinsai-modernus-siluetas-kasdienai-007\/\" \/>\n<meta property=\"og:locale\" content=\"ru_RU\" \/>\n<meta property=\"og:type\" content=\"article\" \/>\n<meta property=\"og:title\" content=\"Urban Wide kreminiai d\u017einsai \u2013 modernus siluetas kasdienai (007) - MadosKampas.lt\" \/>\n<meta property=\"og:description\" content=\"\u0160ie d\u017einsai \u2013 tai tas modelis, kuris i\u0161 karto sukuria stiling\u0105 ir \u0161iuolaiki\u0161k\u0105 \u012fvaizd\u012f. Plati kle\u0161n\u0117, lengvai krentantis audinys ir subtilios si\u016bli\u0173 detal\u0117s vizualiai ilgina kojas bei suteikia siluetui lengvumo. Tai d\u017einsai, kuriuos apsivilkus viskas atrodo \u201esud\u0117liota\u201c \u2013 tiek su paprastu megztuku, tiek su eleganti\u0161kesniu deriniu. Puikus pasirinkimas, kai norisi patogumo, bet kartu ir i\u0161skirtinio stiliaus. \u2728 Kod\u0117l juos pamilsite: \u2022 Plati kle\u0161n\u0117 \u2013 ilgina ir gra\u017eiai formuoja siluet\u0105\u2022 Modernios si\u016bli\u0173 detal\u0117s \u2013 suteikia i\u0161skirtinumo\u2022 Patog\u016bs ir nevar\u017eantys judesi\u0173\u2022 Lengvai derinami kasdieniams ir stilingesniems deriniams\u2022 Tobulas pasirinkimas visam sezonui \ud83d\udccf I\u0161matavimai:       Dydis Liemuo Klubai Ilgis     XS 31 cm 45 cm 107 cm   S 32 cm 46 cm 107 cm   M 35 cm 50 cm 108 cm   L 37 cm 52 cm 108 cm   XL 39 cm 55 cm 108 cm\" \/>\n<meta property=\"og:url\" content=\"https:\/\/madoskampas.lt\/ru\/product-2\/urban-wide-kreminiai-dzinsai-modernus-siluetas-kasdienai-007\/\" \/>\n<meta property=\"og:site_name\" content=\"MadosKampas.lt\" \/>\n<meta property=\"article:modified_time\" content=\"2026-05-01T09:31:36+00:00\" \/>\n<meta property=\"og:image\" content=\"https:\/\/madoskampas.lt\/wp-content\/uploads\/2026\/04\/IMG_6421-scaled.jpeg\" \/>\n\t<meta property=\"og:image:width\" content=\"1920\" \/>\n\t<meta property=\"og:image:height\" content=\"2560\" \/>\n\t<meta property=\"og:image:type\" content=\"image\/jpeg\" \/>\n<meta name=\"twitter:card\" content=\"summary_large_image\" \/>\n<meta name=\"twitter:label1\" content=\"\u041f\u0440\u0438\u043c\u0435\u0440\u043d\u043e\u0435 \u0432\u0440\u0435\u043c\u044f \u0434\u043b\u044f \u0447\u0442\u0435\u043d\u0438\u044f\" \/>\n\t<meta name=\"twitter:data1\" content=\"1 \u043c\u0438\u043d\u0443\u0442\u0430\" \/>\n<script type=\"application\/ld+json\" class=\"yoast-schema-graph\">{\"@context\":\"https:\\\/\\\/schema.org\",\"@graph\":[{\"@type\":\"WebPage\",\"@id\":\"https:\\\/\\\/madoskampas.lt\\\/produktas\\\/urban-wide-kreminiai-dzinsai-modernus-siluetas-kasdienai-007\\\/\",\"url\":\"https:\\\/\\\/madoskampas.lt\\\/produktas\\\/urban-wide-kreminiai-dzinsai-modernus-siluetas-kasdienai-007\\\/\",\"name\":\"Urban Wide kreminiai d\u017einsai \u2013 modernus siluetas kasdienai (007) - MadosKampas.lt\",\"isPartOf\":{\"@id\":\"https:\\\/\\\/madoskampas.lt\\\/#website\"},\"primaryImageOfPage\":{\"@id\":\"https:\\\/\\\/madoskampas.lt\\\/produktas\\\/urban-wide-kreminiai-dzinsai-modernus-siluetas-kasdienai-007\\\/#primaryimage\"},\"image\":{\"@id\":\"https:\\\/\\\/madoskampas.lt\\\/produktas\\\/urban-wide-kreminiai-dzinsai-modernus-siluetas-kasdienai-007\\\/#primaryimage\"},\"thumbnailUrl\":\"https:\\\/\\\/madoskampas.lt\\\/wp-content\\\/uploads\\\/2026\\\/04\\\/IMG_6421-scaled.jpeg\",\"datePublished\":\"2026-04-23T10:59:35+00:00\",\"dateModified\":\"2026-05-01T09:31:36+00:00\",\"breadcrumb\":{\"@id\":\"https:\\\/\\\/madoskampas.lt\\\/produktas\\\/urban-wide-kreminiai-dzinsai-modernus-siluetas-kasdienai-007\\\/#breadcrumb\"},\"inLanguage\":\"ru-RU\",\"potentialAction\":[{\"@type\":\"ReadAction\",\"target\":[\"https:\\\/\\\/madoskampas.lt\\\/produktas\\\/urban-wide-kreminiai-dzinsai-modernus-siluetas-kasdienai-007\\\/\"]}]},{\"@type\":\"ImageObject\",\"inLanguage\":\"ru-RU\",\"@id\":\"https:\\\/\\\/madoskampas.lt\\\/produktas\\\/urban-wide-kreminiai-dzinsai-modernus-siluetas-kasdienai-007\\\/#primaryimage\",\"url\":\"https:\\\/\\\/madoskampas.lt\\\/wp-content\\\/uploads\\\/2026\\\/04\\\/IMG_6421-scaled.jpeg\",\"contentUrl\":\"https:\\\/\\\/madoskampas.lt\\\/wp-content\\\/uploads\\\/2026\\\/04\\\/IMG_6421-scaled.jpeg\",\"width\":1920,\"height\":2560},{\"@type\":\"BreadcrumbList\",\"@id\":\"https:\\\/\\\/madoskampas.lt\\\/produktas\\\/urban-wide-kreminiai-dzinsai-modernus-siluetas-kasdienai-007\\\/#breadcrumb\",\"itemListElement\":[{\"@type\":\"ListItem\",\"position\":1,\"name\":\"Home\",\"item\":\"https:\\\/\\\/madoskampas.lt\\\/\"},{\"@type\":\"ListItem\",\"position\":2,\"name\":\"Parduotuv\u0117\",\"item\":\"https:\\\/\\\/madoskampas.lt\\\/parduotuve-2\\\/\"},{\"@type\":\"ListItem\",\"position\":3,\"name\":\"Urban Wide kreminiai d\u017einsai \u2013 modernus siluetas kasdienai (007)\"}]},{\"@type\":\"WebSite\",\"@id\":\"https:\\\/\\\/madoskampas.lt\\\/#website\",\"url\":\"https:\\\/\\\/madoskampas.lt\\\/\",\"name\":\"MadosKampas.lt\",\"description\":\"Stilingi drabu\u017eiai moterims\",\"potentialAction\":[{\"@type\":\"SearchAction\",\"target\":{\"@type\":\"EntryPoint\",\"urlTemplate\":\"https:\\\/\\\/madoskampas.lt\\\/?s={search_term_string}\"},\"query-input\":{\"@type\":\"PropertyValueSpecification\",\"valueRequired\":true,\"valueName\":\"search_term_string\"}}],\"inLanguage\":\"ru-RU\"}]}<\/script>\n<!-- \/ Yoast SEO plugin. -->","yoast_head_json":{"title":"Urban Wide kreminiai d\u017einsai \u2013 modernus siluetas kasdienai (007) - MadosKampas.lt","robots":{"index":"index","follow":"follow","max-snippet":"max-snippet:-1","max-image-preview":"max-image-preview:large","max-video-preview":"max-video-preview:-1"},"canonical":"https:\/\/madoskampas.lt\/ru\/product-2\/urban-wide-kreminiai-dzinsai-modernus-siluetas-kasdienai-007\/","og_locale":"ru_RU","og_type":"article","og_title":"Urban Wide kreminiai d\u017einsai \u2013 modernus siluetas kasdienai (007) - MadosKampas.lt","og_description":"\u0160ie d\u017einsai \u2013 tai tas modelis, kuris i\u0161 karto sukuria stiling\u0105 ir \u0161iuolaiki\u0161k\u0105 \u012fvaizd\u012f. Plati kle\u0161n\u0117, lengvai krentantis audinys ir subtilios si\u016bli\u0173 detal\u0117s vizualiai ilgina kojas bei suteikia siluetui lengvumo. Tai d\u017einsai, kuriuos apsivilkus viskas atrodo \u201esud\u0117liota\u201c \u2013 tiek su paprastu megztuku, tiek su eleganti\u0161kesniu deriniu. Puikus pasirinkimas, kai norisi patogumo, bet kartu ir i\u0161skirtinio stiliaus. \u2728 Kod\u0117l juos pamilsite: \u2022 Plati kle\u0161n\u0117 \u2013 ilgina ir gra\u017eiai formuoja siluet\u0105\u2022 Modernios si\u016bli\u0173 detal\u0117s \u2013 suteikia i\u0161skirtinumo\u2022 Patog\u016bs ir nevar\u017eantys judesi\u0173\u2022 Lengvai derinami kasdieniams ir stilingesniems deriniams\u2022 Tobulas pasirinkimas visam sezonui \ud83d\udccf I\u0161matavimai:       Dydis Liemuo Klubai Ilgis     XS 31 cm 45 cm 107 cm   S 32 cm 46 cm 107 cm   M 35 cm 50 cm 108 cm   L 37 cm 52 cm 108 cm   XL 39 cm 55 cm 108 cm","og_url":"https:\/\/madoskampas.lt\/ru\/product-2\/urban-wide-kreminiai-dzinsai-modernus-siluetas-kasdienai-007\/","og_site_name":"MadosKampas.lt","article_modified_time":"2026-05-01T09:31:36+00:00","og_image":[{"width":1920,"height":2560,"url":"https:\/\/madoskampas.lt\/wp-content\/uploads\/2026\/04\/IMG_6421-scaled.jpeg","type":"image\/jpeg"}],"twitter_card":"summary_large_image","twitter_misc":{"\u041f\u0440\u0438\u043c\u0435\u0440\u043d\u043e\u0435 \u0432\u0440\u0435\u043c\u044f \u0434\u043b\u044f \u0447\u0442\u0435\u043d\u0438\u044f":"1 \u043c\u0438\u043d\u0443\u0442\u0430"},"schema":{"@context":"https:\/\/schema.org","@graph":[{"@type":"WebPage","@id":"https:\/\/madoskampas.lt\/produktas\/urban-wide-kreminiai-dzinsai-modernus-siluetas-kasdienai-007\/","url":"https:\/\/madoskampas.lt\/produktas\/urban-wide-kreminiai-dzinsai-modernus-siluetas-kasdienai-007\/","name":"Urban Wide kreminiai d\u017einsai \u2013 modernus siluetas kasdienai (007) - MadosKampas.lt","isPartOf":{"@id":"https:\/\/madoskampas.lt\/#website"},"primaryImageOfPage":{"@id":"https:\/\/madoskampas.lt\/produktas\/urban-wide-kreminiai-dzinsai-modernus-siluetas-kasdienai-007\/#primaryimage"},"image":{"@id":"https:\/\/madoskampas.lt\/produktas\/urban-wide-kreminiai-dzinsai-modernus-siluetas-kasdienai-007\/#primaryimage"},"thumbnailUrl":"https:\/\/madoskampas.lt\/wp-content\/uploads\/2026\/04\/IMG_6421-scaled.jpeg","datePublished":"2026-04-23T10:59:35+00:00","dateModified":"2026-05-01T09:31:36+00:00","breadcrumb":{"@id":"https:\/\/madoskampas.lt\/produktas\/urban-wide-kreminiai-dzinsai-modernus-siluetas-kasdienai-007\/#breadcrumb"},"inLanguage":"ru-RU","potentialAction":[{"@type":"ReadAction","target":["https:\/\/madoskampas.lt\/produktas\/urban-wide-kreminiai-dzinsai-modernus-siluetas-kasdienai-007\/"]}]},{"@type":"ImageObject","inLanguage":"ru-RU","@id":"https:\/\/madoskampas.lt\/produktas\/urban-wide-kreminiai-dzinsai-modernus-siluetas-kasdienai-007\/#primaryimage","url":"https:\/\/madoskampas.lt\/wp-content\/uploads\/2026\/04\/IMG_6421-scaled.jpeg","contentUrl":"https:\/\/madoskampas.lt\/wp-content\/uploads\/2026\/04\/IMG_6421-scaled.jpeg","width":1920,"height":2560},{"@type":"BreadcrumbList","@id":"https:\/\/madoskampas.lt\/produktas\/urban-wide-kreminiai-dzinsai-modernus-siluetas-kasdienai-007\/#breadcrumb","itemListElement":[{"@type":"ListItem","position":1,"name":"Home","item":"https:\/\/madoskampas.lt\/"},{"@type":"ListItem","position":2,"name":"Parduotuv\u0117","item":"https:\/\/madoskampas.lt\/parduotuve-2\/"},{"@type":"ListItem","position":3,"name":"Urban Wide kreminiai d\u017einsai \u2013 modernus siluetas kasdienai (007)"}]},{"@type":"WebSite","@id":"https:\/\/madoskampas.lt\/#website","url":"https:\/\/madoskampas.lt\/","name":"FashionKampas.lt","description":"\u0421\u0442\u0438\u043b\u044c\u043d\u0430\u044f \u043e\u0434\u0435\u0436\u0434\u0430 \u0434\u043b\u044f \u0436\u0435\u043d\u0449\u0438\u043d","potentialAction":[{"@type":"SearchAction","target":{"@type":"EntryPoint","urlTemplate":"https:\/\/madoskampas.lt\/?s={search_term_string}"},"query-input":{"@type":"PropertyValueSpecification","valueRequired":true,"valueName":"search_term_string"}}],"inLanguage":"ru-RU"}]}},"uagb_featured_image_src":{"full":["https:\/\/madoskampas.lt\/wp-content\/uploads\/2026\/04\/IMG_6421-scaled.jpeg",1920,2560,false],"thumbnail":["https:\/\/madoskampas.lt\/wp-content\/uploads\/2026\/04\/IMG_6421-150x150.jpeg",150,150,true],"medium":["https:\/\/madoskampas.lt\/wp-content\/uploads\/2026\/04\/IMG_6421-225x300.jpeg",225,300,true],"medium_large":["https:\/\/madoskampas.lt\/wp-content\/uploads\/2026\/04\/IMG_6421-768x1024.jpeg",768,1024,true],"large":["https:\/\/madoskampas.lt\/wp-content\/uploads\/2026\/04\/IMG_6421-768x1024.jpeg",768,1024,true],"1536x1536":["https:\/\/madoskampas.lt\/wp-content\/uploads\/2026\/04\/IMG_6421-1152x1536.jpeg",1152,1536,true],"2048x2048":["https:\/\/madoskampas.lt\/wp-content\/uploads\/2026\/04\/IMG_6421-1536x2048.jpeg",1536,2048,true],"trp-custom-language-flag":["https:\/\/madoskampas.lt\/wp-content\/uploads\/2026\/04\/IMG_6421-9x12.jpeg",9,12,true],"nova-image-square":["https:\/\/madoskampas.lt\/wp-content\/uploads\/2026\/04\/IMG_6421-1100x1100.jpeg",1100,1100,true],"mixtas-product-03":["https:\/\/madoskampas.lt\/wp-content\/uploads\/2026\/04\/IMG_6421-600x345.jpeg",600,345,true],"woocommerce_thumbnail":["https:\/\/madoskampas.lt\/wp-content\/uploads\/2026\/04\/IMG_6421-700x700.jpeg",700,700,true],"woocommerce_single":["https:\/\/madoskampas.lt\/wp-content\/uploads\/2026\/04\/IMG_6421-1000x1333.jpeg",1000,1333,true],"woocommerce_gallery_thumbnail":["https:\/\/madoskampas.lt\/wp-content\/uploads\/2026\/04\/IMG_6421-250x250.jpeg",250,250,true],"variation_swatches_image_size":["https:\/\/madoskampas.lt\/wp-content\/uploads\/2026\/04\/IMG_6421-50x50.jpeg",50,50,true],"variation_swatches_tooltip_size":["https:\/\/madoskampas.lt\/wp-content\/uploads\/2026\/04\/IMG_6421-100x100.jpeg",100,100,true]},"uagb_author_info":{"display_name":"algirdasbart","author_link":"https:\/\/madoskampas.lt\/ru\/author\/"},"uagb_comment_info":0,"uagb_excerpt":"\u0160ie d\u017einsai \u2013 tai tas modelis, kuris i\u0161 karto sukuria stiling\u0105 ir \u0161iuolaiki\u0161k\u0105 \u012fvaizd\u012f. Plati kle\u0161n\u0117, lengvai krentantis audinys ir subtilios si\u016bli\u0173 detal\u0117s vizualiai ilgina kojas bei suteikia siluetui lengvumo. Tai d\u017einsai, kuriuos apsivilkus viskas atrodo \u201esud\u0117liota\u201c \u2013 tiek su paprastu megztuku, tiek su eleganti\u0161kesniu deriniu. Puikus pasirinkimas, kai norisi patogumo, bet kartu ir i\u0161skirtinio&hellip;","jetpack_sharing_enabled":true,"_links":{"self":[{"href":"https:\/\/madoskampas.lt\/ru\/wp-json\/wp\/v2\/product\/31985","targetHints":{"allow":["GET"]}}],"collection":[{"href":"https:\/\/madoskampas.lt\/ru\/wp-json\/wp\/v2\/product"}],"about":[{"href":"https:\/\/madoskampas.lt\/ru\/wp-json\/wp\/v2\/types\/product"}],"replies":[{"embeddable":true,"href":"https:\/\/madoskampas.lt\/ru\/wp-json\/wp\/v2\/comments?post=31985"}],"wp:featuredmedia":[{"embeddable":true,"href":"https:\/\/madoskampas.lt\/ru\/wp-json\/wp\/v2\/media\/31956"}],"wp:attachment":[{"href":"https:\/\/madoskampas.lt\/ru\/wp-json\/wp\/v2\/media?parent=31985"}],"wp:term":[{"taxonomy":"product_brand","embeddable":true,"href":"https:\/\/madoskampas.lt\/ru\/wp-json\/wp\/v2\/product_brand?post=31985"},{"taxonomy":"product_cat","embeddable":true,"href":"https:\/\/madoskampas.lt\/ru\/wp-json\/wp\/v2\/product_cat?post=31985"},{"taxonomy":"product_tag","embeddable":true,"href":"https:\/\/madoskampas.lt\/ru\/wp-json\/wp\/v2\/product_tag?post=31985"}],"curies":[{"name":"wp","href":"https:\/\/api.w.org\/{rel}","templated":true}]}}