{"id":32061,"date":"2026-04-24T07:53:58","date_gmt":"2026-04-24T07:53:58","guid":{"rendered":"https:\/\/madoskampas.lt\/?post_type=product&#038;p=32061"},"modified":"2026-05-05T12:07:26","modified_gmt":"2026-05-05T12:07:26","slug":"geliu-lengvumo-marskinukai","status":"publish","type":"product","link":"https:\/\/madoskampas.lt\/ru\/product-2\/geliu-lengvumo-marskinukai\/","title":{"rendered":"G\u0117li\u0173 lengvumo mar\u0161kinukai"},"content":{"rendered":"<p>Lengvi, \u0161veln\u016bs ir kupini pavasario nuotaikos \u2013 \u0161ie mar\u0161kinukai su subtiliu g\u0117li\u0173 ra\u0161tu suteikia i\u0161skirtinio lengvumo poj\u016bt\u012f. Laisvai krentanti med\u017eiaga gra\u017eiai juda kartu su Jumis, o romanti\u0161kos detal\u0117s sukuria \u0161velniai eleganti\u0161k\u0105 \u012fvaizd\u012f.<\/p>","protected":false},"excerpt":{"rendered":"<section class=\"text-token-text-primary w-full focus:outline-none [--shadow-height:45px] has-data-writing-block:pointer-events-none has-data-writing-block:-mt-(--shadow-height) has-data-writing-block:pt-(--shadow-height) [&amp;:has([data-writing-block])&gt;*]:pointer-events-auto [content-visibility:auto] supports-[content-visibility:auto]:[contain-intrinsic-size:auto_100lvh] R6Vx5W_threadScrollVars scroll-mb-[calc(var(--scroll-root-safe-area-inset-bottom,0px)+var(--thread-response-height))] scroll-mt-[calc(var(--header-height)+min(200px,max(70px,20svh)))]\" dir=\"auto\" data-turn-id=\"request-WEB:26891775-7b76-41f7-981d-e85cc925e6d7-98\" data-testid=\"conversation-turn-84\" data-scroll-anchor=\"false\" data-turn=\"assistant\">\n<div class=\"text-base my-auto mx-auto pb-10 [--thread-content-margin:var(--thread-content-margin-xs,calc(var(--spacing)*4))] @w-sm\/main:[--thread-content-margin:var(--thread-content-margin-sm,calc(var(--spacing)*6))] @w-lg\/main:[--thread-content-margin:var(--thread-content-margin-lg,calc(var(--spacing)*16))] px-(--thread-content-margin)\">\n<div class=\"[--thread-content-max-width:40rem] @w-lg\/main:[--thread-content-max-width:48rem] mx-auto max-w-(--thread-content-max-width) flex-1 group\/turn-messages focus-visible:outline-hidden relative flex w-full min-w-0 flex-col agent-turn\">\n<div class=\"flex max-w-full flex-col gap-4 grow\">\n<div class=\"min-h-8 text-message relative flex w-full flex-col items-end gap-2 text-start break-words whitespace-normal outline-none keyboard-focused:focus-ring [.text-message+&amp;]:mt-1\" dir=\"auto\" tabindex=\"0\" data-message-author-role=\"assistant\" data-message-id=\"4071dffd-8b74-42c2-978f-98457222213c\" data-message-model-slug=\"gpt-5-3\" data-turn-start-message=\"true\">\n<div class=\"flex w-full flex-col gap-1 empty:hidden\">\n<div class=\"markdown prose dark:prose-invert w-full wrap-break-word light markdown-new-styling\">\n<p data-start=\"76\" data-end=\"317\">Lengvi, \u0161veln\u016bs ir kupini pavasario nuotaikos \u2013 \u0161ie mar\u0161kinukai su subtiliu g\u0117li\u0173 ra\u0161tu suteikia i\u0161skirtinio lengvumo poj\u016bt\u012f. Laisvai krentanti med\u017eiaga gra\u017eiai juda kartu su Jumis, o romanti\u0161kos detal\u0117s sukuria \u0161velniai eleganti\u0161k\u0105 \u012fvaizd\u012f.<\/p>\n<p data-start=\"319\" data-end=\"514\">Rai\u0161telis ties kaklu su kutais \u2013 ma\u017eas akcentas, kuris suteikia charakterio ir leid\u017eia mar\u0161kinukus stilizuoti tiek kasdienai, tiek jaukesn\u0117ms progoms. Puikiai dera su d\u017einsais, \u0161ortais ar sijonu.<\/p>\n<p data-start=\"516\" data-end=\"676\">\u2022 Laisvas modelis \u2013 tinka nuo S iki XL<br data-start=\"554\" data-end=\"557\" \/>\u2022 Lengva, kv\u0117puojanti med\u017eiaga \u2013 komfortas visai dienai<br data-start=\"612\" data-end=\"615\" \/>\u2022 Subtilus g\u0117li\u0173 ra\u0161tas \u2013 moteri\u0161kam ir \u0161velniam \u012fvaizd\u017eiui<\/p>\n<p data-start=\"678\" data-end=\"734\"><strong data-start=\"678\" data-end=\"694\">I\u0161matavimai:<\/strong><br data-start=\"694\" data-end=\"697\" \/>Ilgis \u2013 64 cm<br data-start=\"710\" data-end=\"713\" \/>Per kr\u016btin\u0119 \u2013 57 cm<\/p>\n<p data-start=\"736\" data-end=\"781\"><strong data-start=\"736\" data-end=\"748\">Sud\u0117tis:<\/strong><br data-start=\"748\" data-end=\"751\" \/>57% viskoz\u0117, 43% poliesteris<\/p>\n<p data-start=\"783\" data-end=\"863\" data-is-last-node=\"\" data-is-only-node=\"\">Tobulas pasirinkimas, kai norisi lengvumo, \u0161velnumo ir nat\u016bralios elegancijos \ud83c\udf38<\/p>\n<\/div>\n<\/div>\n<\/div>\n<\/div>\n<div class=\"z-0 flex min-h-[46px] justify-start\"><\/div>\n<div class=\"mt-3 w-full empty:hidden\">\n<div class=\"text-center\"><\/div>\n<\/div>\n<\/div>\n<\/div>\n<\/section>\n<div class=\"pointer-events-none -mt-px h-px translate-y-[calc(var(--scroll-root-safe-area-inset-bottom)-14*var(--spacing))]\" aria-hidden=\"true\"><\/div>\n","protected":false},"featured_media":31944,"comment_status":"open","ping_status":"closed","template":"","meta":{"_uag_custom_page_level_css":"","_monsterinsights_skip_tracking":false,"_monsterinsights_sitenote_active":false,"_monsterinsights_sitenote_note":"","_monsterinsights_sitenote_category":0},"product_brand":[],"product_cat":[203,66,72,95],"product_tag":[],"class_list":{"0":"post-32061","1":"product","2":"type-product","3":"status-publish","4":"has-post-thumbnail","6":"product_cat-dovanu-idejos","7":"product_cat-drabuziai","8":"product_cat-marskiniai","9":"product_cat-naujausi","10":"tm-has-options","12":"first","13":"outofstock","14":"shipping-taxable","15":"purchasable","16":"product-type-variable"},"yoast_head":"<!-- This site is optimized with the Yoast SEO plugin v27.6 - https:\/\/yoast.com\/product\/yoast-seo-wordpress\/ -->\n<title>G\u0117li\u0173 lengvumo mar\u0161kinukai - MadosKampas.lt<\/title>\n<meta name=\"robots\" content=\"index, follow, max-snippet:-1, max-image-preview:large, max-video-preview:-1\" \/>\n<link rel=\"canonical\" href=\"https:\/\/madoskampas.lt\/ru\/product-2\/geliu-lengvumo-marskinukai\/\" \/>\n<meta property=\"og:locale\" content=\"ru_RU\" \/>\n<meta property=\"og:type\" content=\"article\" \/>\n<meta property=\"og:title\" content=\"G\u0117li\u0173 lengvumo mar\u0161kinukai - MadosKampas.lt\" \/>\n<meta property=\"og:description\" content=\"Lengvi, \u0161veln\u016bs ir kupini pavasario nuotaikos \u2013 \u0161ie mar\u0161kinukai su subtiliu g\u0117li\u0173 ra\u0161tu suteikia i\u0161skirtinio lengvumo poj\u016bt\u012f. Laisvai krentanti med\u017eiaga gra\u017eiai juda kartu su Jumis, o romanti\u0161kos detal\u0117s sukuria \u0161velniai eleganti\u0161k\u0105 \u012fvaizd\u012f. Rai\u0161telis ties kaklu su kutais \u2013 ma\u017eas akcentas, kuris suteikia charakterio ir leid\u017eia mar\u0161kinukus stilizuoti tiek kasdienai, tiek jaukesn\u0117ms progoms. Puikiai dera su d\u017einsais, \u0161ortais ar sijonu. \u2022 Laisvas modelis \u2013 tinka nuo S iki XL\u2022 Lengva, kv\u0117puojanti med\u017eiaga \u2013 komfortas visai dienai\u2022 Subtilus g\u0117li\u0173 ra\u0161tas \u2013 moteri\u0161kam ir \u0161velniam \u012fvaizd\u017eiui I\u0161matavimai:Ilgis \u2013 64 cmPer kr\u016btin\u0119 \u2013 57 cm Sud\u0117tis:57% viskoz\u0117, 43% poliesteris Tobulas pasirinkimas, kai norisi lengvumo, \u0161velnumo ir nat\u016bralios elegancijos \ud83c\udf38\" \/>\n<meta property=\"og:url\" content=\"https:\/\/madoskampas.lt\/ru\/product-2\/geliu-lengvumo-marskinukai\/\" \/>\n<meta property=\"og:site_name\" content=\"MadosKampas.lt\" \/>\n<meta property=\"article:modified_time\" content=\"2026-05-05T12:07:26+00:00\" \/>\n<meta property=\"og:image\" content=\"https:\/\/madoskampas.lt\/wp-content\/uploads\/2026\/04\/IMG_6353-scaled.jpeg\" \/>\n\t<meta property=\"og:image:width\" content=\"1920\" \/>\n\t<meta property=\"og:image:height\" content=\"2560\" \/>\n\t<meta property=\"og:image:type\" content=\"image\/jpeg\" \/>\n<meta name=\"twitter:card\" content=\"summary_large_image\" \/>\n<meta name=\"twitter:label1\" content=\"\u041f\u0440\u0438\u043c\u0435\u0440\u043d\u043e\u0435 \u0432\u0440\u0435\u043c\u044f \u0434\u043b\u044f \u0447\u0442\u0435\u043d\u0438\u044f\" \/>\n\t<meta name=\"twitter:data1\" content=\"1 \u043c\u0438\u043d\u0443\u0442\u0430\" \/>\n<script type=\"application\/ld+json\" class=\"yoast-schema-graph\">{\"@context\":\"https:\\\/\\\/schema.org\",\"@graph\":[{\"@type\":\"WebPage\",\"@id\":\"https:\\\/\\\/madoskampas.lt\\\/produktas\\\/geliu-lengvumo-marskinukai\\\/\",\"url\":\"https:\\\/\\\/madoskampas.lt\\\/produktas\\\/geliu-lengvumo-marskinukai\\\/\",\"name\":\"G\u0117li\u0173 lengvumo mar\u0161kinukai - MadosKampas.lt\",\"isPartOf\":{\"@id\":\"https:\\\/\\\/madoskampas.lt\\\/#website\"},\"primaryImageOfPage\":{\"@id\":\"https:\\\/\\\/madoskampas.lt\\\/produktas\\\/geliu-lengvumo-marskinukai\\\/#primaryimage\"},\"image\":{\"@id\":\"https:\\\/\\\/madoskampas.lt\\\/produktas\\\/geliu-lengvumo-marskinukai\\\/#primaryimage\"},\"thumbnailUrl\":\"https:\\\/\\\/madoskampas.lt\\\/wp-content\\\/uploads\\\/2026\\\/04\\\/IMG_6353-scaled.jpeg\",\"datePublished\":\"2026-04-24T07:53:58+00:00\",\"dateModified\":\"2026-05-05T12:07:26+00:00\",\"breadcrumb\":{\"@id\":\"https:\\\/\\\/madoskampas.lt\\\/produktas\\\/geliu-lengvumo-marskinukai\\\/#breadcrumb\"},\"inLanguage\":\"ru-RU\",\"potentialAction\":[{\"@type\":\"ReadAction\",\"target\":[\"https:\\\/\\\/madoskampas.lt\\\/produktas\\\/geliu-lengvumo-marskinukai\\\/\"]}]},{\"@type\":\"ImageObject\",\"inLanguage\":\"ru-RU\",\"@id\":\"https:\\\/\\\/madoskampas.lt\\\/produktas\\\/geliu-lengvumo-marskinukai\\\/#primaryimage\",\"url\":\"https:\\\/\\\/madoskampas.lt\\\/wp-content\\\/uploads\\\/2026\\\/04\\\/IMG_6353-scaled.jpeg\",\"contentUrl\":\"https:\\\/\\\/madoskampas.lt\\\/wp-content\\\/uploads\\\/2026\\\/04\\\/IMG_6353-scaled.jpeg\",\"width\":1920,\"height\":2560},{\"@type\":\"BreadcrumbList\",\"@id\":\"https:\\\/\\\/madoskampas.lt\\\/produktas\\\/geliu-lengvumo-marskinukai\\\/#breadcrumb\",\"itemListElement\":[{\"@type\":\"ListItem\",\"position\":1,\"name\":\"Home\",\"item\":\"https:\\\/\\\/madoskampas.lt\\\/\"},{\"@type\":\"ListItem\",\"position\":2,\"name\":\"Parduotuv\u0117\",\"item\":\"https:\\\/\\\/madoskampas.lt\\\/parduotuve-2\\\/\"},{\"@type\":\"ListItem\",\"position\":3,\"name\":\"G\u0117li\u0173 lengvumo mar\u0161kinukai\"}]},{\"@type\":\"WebSite\",\"@id\":\"https:\\\/\\\/madoskampas.lt\\\/#website\",\"url\":\"https:\\\/\\\/madoskampas.lt\\\/\",\"name\":\"MadosKampas.lt\",\"description\":\"Stilingi drabu\u017eiai moterims\",\"potentialAction\":[{\"@type\":\"SearchAction\",\"target\":{\"@type\":\"EntryPoint\",\"urlTemplate\":\"https:\\\/\\\/madoskampas.lt\\\/?s={search_term_string}\"},\"query-input\":{\"@type\":\"PropertyValueSpecification\",\"valueRequired\":true,\"valueName\":\"search_term_string\"}}],\"inLanguage\":\"ru-RU\"}]}<\/script>\n<!-- \/ Yoast SEO plugin. -->","yoast_head_json":{"title":"G\u0117li\u0173 lengvumo mar\u0161kinukai - MadosKampas.lt","robots":{"index":"index","follow":"follow","max-snippet":"max-snippet:-1","max-image-preview":"max-image-preview:large","max-video-preview":"max-video-preview:-1"},"canonical":"https:\/\/madoskampas.lt\/ru\/product-2\/geliu-lengvumo-marskinukai\/","og_locale":"ru_RU","og_type":"article","og_title":"G\u0117li\u0173 lengvumo mar\u0161kinukai - MadosKampas.lt","og_description":"Lengvi, \u0161veln\u016bs ir kupini pavasario nuotaikos \u2013 \u0161ie mar\u0161kinukai su subtiliu g\u0117li\u0173 ra\u0161tu suteikia i\u0161skirtinio lengvumo poj\u016bt\u012f. Laisvai krentanti med\u017eiaga gra\u017eiai juda kartu su Jumis, o romanti\u0161kos detal\u0117s sukuria \u0161velniai eleganti\u0161k\u0105 \u012fvaizd\u012f. Rai\u0161telis ties kaklu su kutais \u2013 ma\u017eas akcentas, kuris suteikia charakterio ir leid\u017eia mar\u0161kinukus stilizuoti tiek kasdienai, tiek jaukesn\u0117ms progoms. Puikiai dera su d\u017einsais, \u0161ortais ar sijonu. \u2022 Laisvas modelis \u2013 tinka nuo S iki XL\u2022 Lengva, kv\u0117puojanti med\u017eiaga \u2013 komfortas visai dienai\u2022 Subtilus g\u0117li\u0173 ra\u0161tas \u2013 moteri\u0161kam ir \u0161velniam \u012fvaizd\u017eiui I\u0161matavimai:Ilgis \u2013 64 cmPer kr\u016btin\u0119 \u2013 57 cm Sud\u0117tis:57% viskoz\u0117, 43% poliesteris Tobulas pasirinkimas, kai norisi lengvumo, \u0161velnumo ir nat\u016bralios elegancijos \ud83c\udf38","og_url":"https:\/\/madoskampas.lt\/ru\/product-2\/geliu-lengvumo-marskinukai\/","og_site_name":"MadosKampas.lt","article_modified_time":"2026-05-05T12:07:26+00:00","og_image":[{"width":1920,"height":2560,"url":"https:\/\/madoskampas.lt\/wp-content\/uploads\/2026\/04\/IMG_6353-scaled.jpeg","type":"image\/jpeg"}],"twitter_card":"summary_large_image","twitter_misc":{"\u041f\u0440\u0438\u043c\u0435\u0440\u043d\u043e\u0435 \u0432\u0440\u0435\u043c\u044f \u0434\u043b\u044f \u0447\u0442\u0435\u043d\u0438\u044f":"1 \u043c\u0438\u043d\u0443\u0442\u0430"},"schema":{"@context":"https:\/\/schema.org","@graph":[{"@type":"WebPage","@id":"https:\/\/madoskampas.lt\/produktas\/geliu-lengvumo-marskinukai\/","url":"https:\/\/madoskampas.lt\/produktas\/geliu-lengvumo-marskinukai\/","name":"G\u0117li\u0173 lengvumo mar\u0161kinukai - MadosKampas.lt","isPartOf":{"@id":"https:\/\/madoskampas.lt\/#website"},"primaryImageOfPage":{"@id":"https:\/\/madoskampas.lt\/produktas\/geliu-lengvumo-marskinukai\/#primaryimage"},"image":{"@id":"https:\/\/madoskampas.lt\/produktas\/geliu-lengvumo-marskinukai\/#primaryimage"},"thumbnailUrl":"https:\/\/madoskampas.lt\/wp-content\/uploads\/2026\/04\/IMG_6353-scaled.jpeg","datePublished":"2026-04-24T07:53:58+00:00","dateModified":"2026-05-05T12:07:26+00:00","breadcrumb":{"@id":"https:\/\/madoskampas.lt\/produktas\/geliu-lengvumo-marskinukai\/#breadcrumb"},"inLanguage":"ru-RU","potentialAction":[{"@type":"ReadAction","target":["https:\/\/madoskampas.lt\/produktas\/geliu-lengvumo-marskinukai\/"]}]},{"@type":"ImageObject","inLanguage":"ru-RU","@id":"https:\/\/madoskampas.lt\/produktas\/geliu-lengvumo-marskinukai\/#primaryimage","url":"https:\/\/madoskampas.lt\/wp-content\/uploads\/2026\/04\/IMG_6353-scaled.jpeg","contentUrl":"https:\/\/madoskampas.lt\/wp-content\/uploads\/2026\/04\/IMG_6353-scaled.jpeg","width":1920,"height":2560},{"@type":"BreadcrumbList","@id":"https:\/\/madoskampas.lt\/produktas\/geliu-lengvumo-marskinukai\/#breadcrumb","itemListElement":[{"@type":"ListItem","position":1,"name":"Home","item":"https:\/\/madoskampas.lt\/"},{"@type":"ListItem","position":2,"name":"Parduotuv\u0117","item":"https:\/\/madoskampas.lt\/parduotuve-2\/"},{"@type":"ListItem","position":3,"name":"G\u0117li\u0173 lengvumo mar\u0161kinukai"}]},{"@type":"WebSite","@id":"https:\/\/madoskampas.lt\/#website","url":"https:\/\/madoskampas.lt\/","name":"FashionKampas.lt","description":"\u0421\u0442\u0438\u043b\u044c\u043d\u0430\u044f \u043e\u0434\u0435\u0436\u0434\u0430 \u0434\u043b\u044f \u0436\u0435\u043d\u0449\u0438\u043d","potentialAction":[{"@type":"SearchAction","target":{"@type":"EntryPoint","urlTemplate":"https:\/\/madoskampas.lt\/?s={search_term_string}"},"query-input":{"@type":"PropertyValueSpecification","valueRequired":true,"valueName":"search_term_string"}}],"inLanguage":"ru-RU"}]}},"uagb_featured_image_src":{"full":["https:\/\/madoskampas.lt\/wp-content\/uploads\/2026\/04\/IMG_6353-scaled.jpeg",1920,2560,false],"thumbnail":["https:\/\/madoskampas.lt\/wp-content\/uploads\/2026\/04\/IMG_6353-150x150.jpeg",150,150,true],"medium":["https:\/\/madoskampas.lt\/wp-content\/uploads\/2026\/04\/IMG_6353-225x300.jpeg",225,300,true],"medium_large":["https:\/\/madoskampas.lt\/wp-content\/uploads\/2026\/04\/IMG_6353-768x1024.jpeg",768,1024,true],"large":["https:\/\/madoskampas.lt\/wp-content\/uploads\/2026\/04\/IMG_6353-768x1024.jpeg",768,1024,true],"1536x1536":["https:\/\/madoskampas.lt\/wp-content\/uploads\/2026\/04\/IMG_6353-1152x1536.jpeg",1152,1536,true],"2048x2048":["https:\/\/madoskampas.lt\/wp-content\/uploads\/2026\/04\/IMG_6353-1536x2048.jpeg",1536,2048,true],"trp-custom-language-flag":["https:\/\/madoskampas.lt\/wp-content\/uploads\/2026\/04\/IMG_6353-9x12.jpeg",9,12,true],"nova-image-square":["https:\/\/madoskampas.lt\/wp-content\/uploads\/2026\/04\/IMG_6353-1100x1100.jpeg",1100,1100,true],"mixtas-product-03":["https:\/\/madoskampas.lt\/wp-content\/uploads\/2026\/04\/IMG_6353-600x345.jpeg",600,345,true],"woocommerce_thumbnail":["https:\/\/madoskampas.lt\/wp-content\/uploads\/2026\/04\/IMG_6353-700x700.jpeg",700,700,true],"woocommerce_single":["https:\/\/madoskampas.lt\/wp-content\/uploads\/2026\/04\/IMG_6353-1000x1333.jpeg",1000,1333,true],"woocommerce_gallery_thumbnail":["https:\/\/madoskampas.lt\/wp-content\/uploads\/2026\/04\/IMG_6353-250x250.jpeg",250,250,true],"variation_swatches_image_size":["https:\/\/madoskampas.lt\/wp-content\/uploads\/2026\/04\/IMG_6353-50x50.jpeg",50,50,true],"variation_swatches_tooltip_size":["https:\/\/madoskampas.lt\/wp-content\/uploads\/2026\/04\/IMG_6353-100x100.jpeg",100,100,true]},"uagb_author_info":{"display_name":"algirdasbart","author_link":"https:\/\/madoskampas.lt\/ru\/author\/"},"uagb_comment_info":0,"uagb_excerpt":"Lengvi, \u0161veln\u016bs ir kupini pavasario nuotaikos \u2013 \u0161ie mar\u0161kinukai su subtiliu g\u0117li\u0173 ra\u0161tu suteikia i\u0161skirtinio lengvumo poj\u016bt\u012f. Laisvai krentanti med\u017eiaga gra\u017eiai juda kartu su Jumis, o romanti\u0161kos detal\u0117s sukuria \u0161velniai eleganti\u0161k\u0105 \u012fvaizd\u012f. Rai\u0161telis ties kaklu su kutais \u2013 ma\u017eas akcentas, kuris suteikia charakterio ir leid\u017eia mar\u0161kinukus stilizuoti tiek kasdienai, tiek jaukesn\u0117ms progoms. Puikiai dera su&hellip;","jetpack_sharing_enabled":true,"_links":{"self":[{"href":"https:\/\/madoskampas.lt\/ru\/wp-json\/wp\/v2\/product\/32061","targetHints":{"allow":["GET"]}}],"collection":[{"href":"https:\/\/madoskampas.lt\/ru\/wp-json\/wp\/v2\/product"}],"about":[{"href":"https:\/\/madoskampas.lt\/ru\/wp-json\/wp\/v2\/types\/product"}],"replies":[{"embeddable":true,"href":"https:\/\/madoskampas.lt\/ru\/wp-json\/wp\/v2\/comments?post=32061"}],"wp:featuredmedia":[{"embeddable":true,"href":"https:\/\/madoskampas.lt\/ru\/wp-json\/wp\/v2\/media\/31944"}],"wp:attachment":[{"href":"https:\/\/madoskampas.lt\/ru\/wp-json\/wp\/v2\/media?parent=32061"}],"wp:term":[{"taxonomy":"product_brand","embeddable":true,"href":"https:\/\/madoskampas.lt\/ru\/wp-json\/wp\/v2\/product_brand?post=32061"},{"taxonomy":"product_cat","embeddable":true,"href":"https:\/\/madoskampas.lt\/ru\/wp-json\/wp\/v2\/product_cat?post=32061"},{"taxonomy":"product_tag","embeddable":true,"href":"https:\/\/madoskampas.lt\/ru\/wp-json\/wp\/v2\/product_tag?post=32061"}],"curies":[{"name":"wp","href":"https:\/\/api.w.org\/{rel}","templated":true}]}}