{"id":32341,"date":"2026-04-28T11:55:24","date_gmt":"2026-04-28T11:55:24","guid":{"rendered":"https:\/\/madoskampas.lt\/?post_type=product&#038;p=32341"},"modified":"2026-05-01T14:36:54","modified_gmt":"2026-05-01T14:36:54","slug":"free-line-platus-dzinsai-003","status":"publish","type":"product","link":"https:\/\/madoskampas.lt\/ru\/product-2\/free-line-platus-dzinsai-003\/","title":{"rendered":"\u201eFree Line\u201c plat\u016bs d\u017einsai (003)"},"content":{"rendered":"<p data-start=\"159\" data-end=\"195\">Laisv\u0117 jud\u0117ti ir jaustis savimi \ud83d\udc99<\/p>\n<p data-start=\"197\" data-end=\"409\">\u201eFree Line\u201c d\u017einsai i\u0161siskiria pla\u010diu, lengvai krentan\u010diu siluetu, kuris suteikia \u012fvaizd\u017eiui modernumo ir lengvumo. Auk\u0161tesnis liemuo subtiliai i\u0161ry\u0161kina fig\u016br\u0105, o platus kirpimas u\u017etikrina komfort\u0105 visai dienai.<\/p>\n<p data-start=\"411\" data-end=\"573\">Tai d\u017einsai, kurie prisitaiko prie tavo ritmo \u2013 puikiai dera tiek su laisvalaikio mar\u0161kin\u0117liais, tiek su eleganti\u0161kesniu \u0161varku. Vienas modelis \u2013 daugyb\u0117 derini\u0173.<\/p>","protected":false},"excerpt":{"rendered":"<p data-start=\"159\" data-end=\"195\">Laisv\u0117 jud\u0117ti ir jaustis savimi \ud83d\udc99<\/p>\n<p data-start=\"197\" data-end=\"409\">\u201eFree Line\u201c d\u017einsai i\u0161siskiria pla\u010diu, lengvai krentan\u010diu siluetu, kuris suteikia \u012fvaizd\u017eiui modernumo ir lengvumo. Auk\u0161tesnis liemuo subtiliai i\u0161ry\u0161kina fig\u016br\u0105, o platus kirpimas u\u017etikrina komfort\u0105 visai dienai.<\/p>\n<p data-start=\"411\" data-end=\"573\">Tai d\u017einsai, kurie prisitaiko prie tavo ritmo \u2013 puikiai dera tiek su laisvalaikio mar\u0161kin\u0117liais, tiek su eleganti\u0161kesniu \u0161varku. Vienas modelis \u2013 daugyb\u0117 derini\u0173.<\/p>\n<p data-start=\"575\" data-end=\"657\">Patog\u016bs, stilingi ir lengvai priderinami \u2013 pasirinkimas, kuris visada pasiteisina.<\/p>\n<table>\n<thead>\n<tr>\n<th>\u0420\u0430\u0437\u043c\u0435\u0440<\/th>\n<th>Liemuo (cm)<\/th>\n<th>\u0411\u0435\u0434\u0440\u0430 (\u0441\u043c)<\/th>\n<th>\u0414\u043b\u0438\u043d\u0430 (\u0441\u043c)<\/th>\n<\/tr>\n<\/thead>\n<tbody>\n<tr>\n<td>XS<\/td>\n<td>31<\/td>\n<td>45<\/td>\n<td>105<\/td>\n<\/tr>\n<tr>\n<td>S<\/td>\n<td>32<\/td>\n<td>46<\/td>\n<td>106<\/td>\n<\/tr>\n<tr>\n<td>M<\/td>\n<td>35<\/td>\n<td>50<\/td>\n<td>106<\/td>\n<\/tr>\n<tr>\n<td>L<\/td>\n<td>37<\/td>\n<td>52<\/td>\n<td>107<\/td>\n<\/tr>\n<tr>\n<td>XL<\/td>\n<td>39<\/td>\n<td>55<\/td>\n<td>107<\/td>\n<\/tr>\n<\/tbody>\n<\/table>","protected":false},"featured_media":32346,"comment_status":"open","ping_status":"closed","template":"","meta":{"_uag_custom_page_level_css":"","_monsterinsights_skip_tracking":false,"_monsterinsights_sitenote_active":false,"_monsterinsights_sitenote_note":"","_monsterinsights_sitenote_category":0},"product_brand":[],"product_cat":[66,67,95],"product_tag":[],"class_list":{"0":"post-32341","1":"product","2":"type-product","3":"status-publish","4":"has-post-thumbnail","6":"product_cat-drabuziai","7":"product_cat-dzinsai","8":"product_cat-naujausi","9":"tm-has-options","11":"first","12":"instock","13":"shipping-taxable","14":"purchasable","15":"product-type-variable"},"yoast_head":"<!-- This site is optimized with the Yoast SEO plugin v27.5 - https:\/\/yoast.com\/product\/yoast-seo-wordpress\/ -->\n<title>\u201eFree Line\u201c plat\u016bs d\u017einsai (003) - MadosKampas.lt<\/title>\n<meta name=\"robots\" content=\"index, follow, max-snippet:-1, max-image-preview:large, max-video-preview:-1\" \/>\n<link rel=\"canonical\" href=\"https:\/\/madoskampas.lt\/ru\/product-2\/free-line-platus-dzinsai-003\/\" \/>\n<meta property=\"og:locale\" content=\"ru_RU\" \/>\n<meta property=\"og:type\" content=\"article\" \/>\n<meta property=\"og:title\" content=\"\u201eFree Line\u201c plat\u016bs d\u017einsai (003) - MadosKampas.lt\" \/>\n<meta property=\"og:description\" content=\"Laisv\u0117 jud\u0117ti ir jaustis savimi \ud83d\udc99 \u201eFree Line\u201c d\u017einsai i\u0161siskiria pla\u010diu, lengvai krentan\u010diu siluetu, kuris suteikia \u012fvaizd\u017eiui modernumo ir lengvumo. Auk\u0161tesnis liemuo subtiliai i\u0161ry\u0161kina fig\u016br\u0105, o platus kirpimas u\u017etikrina komfort\u0105 visai dienai. Tai d\u017einsai, kurie prisitaiko prie tavo ritmo \u2013 puikiai dera tiek su laisvalaikio mar\u0161kin\u0117liais, tiek su eleganti\u0161kesniu \u0161varku. Vienas modelis \u2013 daugyb\u0117 derini\u0173. Patog\u016bs, stilingi ir lengvai priderinami \u2013 pasirinkimas, kuris visada pasiteisina.     Dydis Liemuo (cm) Klubai (cm) Ilgis (cm)     XS 31 45 105   S 32 46 106   M 35 50 106   L 37 52 107   XL 39 55 107\" \/>\n<meta property=\"og:url\" content=\"https:\/\/madoskampas.lt\/ru\/product-2\/free-line-platus-dzinsai-003\/\" \/>\n<meta property=\"og:site_name\" content=\"MadosKampas.lt\" \/>\n<meta property=\"article:modified_time\" content=\"2026-05-01T14:36:54+00:00\" \/>\n<meta property=\"og:image\" content=\"https:\/\/madoskampas.lt\/wp-content\/uploads\/2026\/04\/IMG_7214-scaled.jpeg\" \/>\n\t<meta property=\"og:image:width\" content=\"1920\" \/>\n\t<meta property=\"og:image:height\" content=\"2560\" \/>\n\t<meta property=\"og:image:type\" content=\"image\/jpeg\" \/>\n<meta name=\"twitter:card\" content=\"summary_large_image\" \/>\n<meta name=\"twitter:label1\" content=\"\u041f\u0440\u0438\u043c\u0435\u0440\u043d\u043e\u0435 \u0432\u0440\u0435\u043c\u044f \u0434\u043b\u044f \u0447\u0442\u0435\u043d\u0438\u044f\" \/>\n\t<meta name=\"twitter:data1\" content=\"1 \u043c\u0438\u043d\u0443\u0442\u0430\" \/>\n<script type=\"application\/ld+json\" class=\"yoast-schema-graph\">{\"@context\":\"https:\\\/\\\/schema.org\",\"@graph\":[{\"@type\":\"WebPage\",\"@id\":\"https:\\\/\\\/madoskampas.lt\\\/produktas\\\/free-line-platus-dzinsai-003\\\/\",\"url\":\"https:\\\/\\\/madoskampas.lt\\\/produktas\\\/free-line-platus-dzinsai-003\\\/\",\"name\":\"\u201eFree Line\u201c plat\u016bs d\u017einsai (003) - MadosKampas.lt\",\"isPartOf\":{\"@id\":\"https:\\\/\\\/madoskampas.lt\\\/#website\"},\"primaryImageOfPage\":{\"@id\":\"https:\\\/\\\/madoskampas.lt\\\/produktas\\\/free-line-platus-dzinsai-003\\\/#primaryimage\"},\"image\":{\"@id\":\"https:\\\/\\\/madoskampas.lt\\\/produktas\\\/free-line-platus-dzinsai-003\\\/#primaryimage\"},\"thumbnailUrl\":\"https:\\\/\\\/madoskampas.lt\\\/wp-content\\\/uploads\\\/2026\\\/04\\\/IMG_7214-scaled.jpeg\",\"datePublished\":\"2026-04-28T11:55:24+00:00\",\"dateModified\":\"2026-05-01T14:36:54+00:00\",\"breadcrumb\":{\"@id\":\"https:\\\/\\\/madoskampas.lt\\\/produktas\\\/free-line-platus-dzinsai-003\\\/#breadcrumb\"},\"inLanguage\":\"ru-RU\",\"potentialAction\":[{\"@type\":\"ReadAction\",\"target\":[\"https:\\\/\\\/madoskampas.lt\\\/produktas\\\/free-line-platus-dzinsai-003\\\/\"]}]},{\"@type\":\"ImageObject\",\"inLanguage\":\"ru-RU\",\"@id\":\"https:\\\/\\\/madoskampas.lt\\\/produktas\\\/free-line-platus-dzinsai-003\\\/#primaryimage\",\"url\":\"https:\\\/\\\/madoskampas.lt\\\/wp-content\\\/uploads\\\/2026\\\/04\\\/IMG_7214-scaled.jpeg\",\"contentUrl\":\"https:\\\/\\\/madoskampas.lt\\\/wp-content\\\/uploads\\\/2026\\\/04\\\/IMG_7214-scaled.jpeg\",\"width\":1920,\"height\":2560},{\"@type\":\"BreadcrumbList\",\"@id\":\"https:\\\/\\\/madoskampas.lt\\\/produktas\\\/free-line-platus-dzinsai-003\\\/#breadcrumb\",\"itemListElement\":[{\"@type\":\"ListItem\",\"position\":1,\"name\":\"Home\",\"item\":\"https:\\\/\\\/madoskampas.lt\\\/\"},{\"@type\":\"ListItem\",\"position\":2,\"name\":\"Parduotuv\u0117\",\"item\":\"https:\\\/\\\/madoskampas.lt\\\/parduotuve-2\\\/\"},{\"@type\":\"ListItem\",\"position\":3,\"name\":\"\u201eFree Line\u201c plat\u016bs d\u017einsai (003)\"}]},{\"@type\":\"WebSite\",\"@id\":\"https:\\\/\\\/madoskampas.lt\\\/#website\",\"url\":\"https:\\\/\\\/madoskampas.lt\\\/\",\"name\":\"MadosKampas.lt\",\"description\":\"Stilingi drabu\u017eiai moterims\",\"potentialAction\":[{\"@type\":\"SearchAction\",\"target\":{\"@type\":\"EntryPoint\",\"urlTemplate\":\"https:\\\/\\\/madoskampas.lt\\\/?s={search_term_string}\"},\"query-input\":{\"@type\":\"PropertyValueSpecification\",\"valueRequired\":true,\"valueName\":\"search_term_string\"}}],\"inLanguage\":\"ru-RU\"}]}<\/script>\n<!-- \/ Yoast SEO plugin. -->","yoast_head_json":{"title":"\u201eFree Line\u201c plat\u016bs d\u017einsai (003) - MadosKampas.lt","robots":{"index":"index","follow":"follow","max-snippet":"max-snippet:-1","max-image-preview":"max-image-preview:large","max-video-preview":"max-video-preview:-1"},"canonical":"https:\/\/madoskampas.lt\/ru\/product-2\/free-line-platus-dzinsai-003\/","og_locale":"ru_RU","og_type":"article","og_title":"\u201eFree Line\u201c plat\u016bs d\u017einsai (003) - MadosKampas.lt","og_description":"Laisv\u0117 jud\u0117ti ir jaustis savimi \ud83d\udc99 \u201eFree Line\u201c d\u017einsai i\u0161siskiria pla\u010diu, lengvai krentan\u010diu siluetu, kuris suteikia \u012fvaizd\u017eiui modernumo ir lengvumo. Auk\u0161tesnis liemuo subtiliai i\u0161ry\u0161kina fig\u016br\u0105, o platus kirpimas u\u017etikrina komfort\u0105 visai dienai. Tai d\u017einsai, kurie prisitaiko prie tavo ritmo \u2013 puikiai dera tiek su laisvalaikio mar\u0161kin\u0117liais, tiek su eleganti\u0161kesniu \u0161varku. Vienas modelis \u2013 daugyb\u0117 derini\u0173. Patog\u016bs, stilingi ir lengvai priderinami \u2013 pasirinkimas, kuris visada pasiteisina.     Dydis Liemuo (cm) Klubai (cm) Ilgis (cm)     XS 31 45 105   S 32 46 106   M 35 50 106   L 37 52 107   XL 39 55 107","og_url":"https:\/\/madoskampas.lt\/ru\/product-2\/free-line-platus-dzinsai-003\/","og_site_name":"MadosKampas.lt","article_modified_time":"2026-05-01T14:36:54+00:00","og_image":[{"width":1920,"height":2560,"url":"https:\/\/madoskampas.lt\/wp-content\/uploads\/2026\/04\/IMG_7214-scaled.jpeg","type":"image\/jpeg"}],"twitter_card":"summary_large_image","twitter_misc":{"\u041f\u0440\u0438\u043c\u0435\u0440\u043d\u043e\u0435 \u0432\u0440\u0435\u043c\u044f \u0434\u043b\u044f \u0447\u0442\u0435\u043d\u0438\u044f":"1 \u043c\u0438\u043d\u0443\u0442\u0430"},"schema":{"@context":"https:\/\/schema.org","@graph":[{"@type":"WebPage","@id":"https:\/\/madoskampas.lt\/produktas\/free-line-platus-dzinsai-003\/","url":"https:\/\/madoskampas.lt\/produktas\/free-line-platus-dzinsai-003\/","name":"\u201eFree Line\u201c plat\u016bs d\u017einsai (003) - MadosKampas.lt","isPartOf":{"@id":"https:\/\/madoskampas.lt\/#website"},"primaryImageOfPage":{"@id":"https:\/\/madoskampas.lt\/produktas\/free-line-platus-dzinsai-003\/#primaryimage"},"image":{"@id":"https:\/\/madoskampas.lt\/produktas\/free-line-platus-dzinsai-003\/#primaryimage"},"thumbnailUrl":"https:\/\/madoskampas.lt\/wp-content\/uploads\/2026\/04\/IMG_7214-scaled.jpeg","datePublished":"2026-04-28T11:55:24+00:00","dateModified":"2026-05-01T14:36:54+00:00","breadcrumb":{"@id":"https:\/\/madoskampas.lt\/produktas\/free-line-platus-dzinsai-003\/#breadcrumb"},"inLanguage":"ru-RU","potentialAction":[{"@type":"ReadAction","target":["https:\/\/madoskampas.lt\/produktas\/free-line-platus-dzinsai-003\/"]}]},{"@type":"ImageObject","inLanguage":"ru-RU","@id":"https:\/\/madoskampas.lt\/produktas\/free-line-platus-dzinsai-003\/#primaryimage","url":"https:\/\/madoskampas.lt\/wp-content\/uploads\/2026\/04\/IMG_7214-scaled.jpeg","contentUrl":"https:\/\/madoskampas.lt\/wp-content\/uploads\/2026\/04\/IMG_7214-scaled.jpeg","width":1920,"height":2560},{"@type":"BreadcrumbList","@id":"https:\/\/madoskampas.lt\/produktas\/free-line-platus-dzinsai-003\/#breadcrumb","itemListElement":[{"@type":"ListItem","position":1,"name":"Home","item":"https:\/\/madoskampas.lt\/"},{"@type":"ListItem","position":2,"name":"Parduotuv\u0117","item":"https:\/\/madoskampas.lt\/parduotuve-2\/"},{"@type":"ListItem","position":3,"name":"\u201eFree Line\u201c plat\u016bs d\u017einsai (003)"}]},{"@type":"WebSite","@id":"https:\/\/madoskampas.lt\/#website","url":"https:\/\/madoskampas.lt\/","name":"FashionKampas.lt","description":"\u0421\u0442\u0438\u043b\u044c\u043d\u0430\u044f \u043e\u0434\u0435\u0436\u0434\u0430 \u0434\u043b\u044f \u0436\u0435\u043d\u0449\u0438\u043d","potentialAction":[{"@type":"SearchAction","target":{"@type":"EntryPoint","urlTemplate":"https:\/\/madoskampas.lt\/?s={search_term_string}"},"query-input":{"@type":"PropertyValueSpecification","valueRequired":true,"valueName":"search_term_string"}}],"inLanguage":"ru-RU"}]}},"uagb_featured_image_src":{"full":["https:\/\/madoskampas.lt\/wp-content\/uploads\/2026\/04\/IMG_7214-scaled.jpeg",1920,2560,false],"thumbnail":["https:\/\/madoskampas.lt\/wp-content\/uploads\/2026\/04\/IMG_7214-150x150.jpeg",150,150,true],"medium":["https:\/\/madoskampas.lt\/wp-content\/uploads\/2026\/04\/IMG_7214-225x300.jpeg",225,300,true],"medium_large":["https:\/\/madoskampas.lt\/wp-content\/uploads\/2026\/04\/IMG_7214-768x1024.jpeg",768,1024,true],"large":["https:\/\/madoskampas.lt\/wp-content\/uploads\/2026\/04\/IMG_7214-768x1024.jpeg",768,1024,true],"1536x1536":["https:\/\/madoskampas.lt\/wp-content\/uploads\/2026\/04\/IMG_7214-1152x1536.jpeg",1152,1536,true],"2048x2048":["https:\/\/madoskampas.lt\/wp-content\/uploads\/2026\/04\/IMG_7214-1536x2048.jpeg",1536,2048,true],"trp-custom-language-flag":["https:\/\/madoskampas.lt\/wp-content\/uploads\/2026\/04\/IMG_7214-9x12.jpeg",9,12,true],"nova-image-square":["https:\/\/madoskampas.lt\/wp-content\/uploads\/2026\/04\/IMG_7214-1100x1100.jpeg",1100,1100,true],"mixtas-product-03":["https:\/\/madoskampas.lt\/wp-content\/uploads\/2026\/04\/IMG_7214-600x345.jpeg",600,345,true],"woocommerce_thumbnail":["https:\/\/madoskampas.lt\/wp-content\/uploads\/2026\/04\/IMG_7214-700x700.jpeg",700,700,true],"woocommerce_single":["https:\/\/madoskampas.lt\/wp-content\/uploads\/2026\/04\/IMG_7214-1000x1333.jpeg",1000,1333,true],"woocommerce_gallery_thumbnail":["https:\/\/madoskampas.lt\/wp-content\/uploads\/2026\/04\/IMG_7214-250x250.jpeg",250,250,true],"variation_swatches_image_size":["https:\/\/madoskampas.lt\/wp-content\/uploads\/2026\/04\/IMG_7214-50x50.jpeg",50,50,true],"variation_swatches_tooltip_size":["https:\/\/madoskampas.lt\/wp-content\/uploads\/2026\/04\/IMG_7214-100x100.jpeg",100,100,true]},"uagb_author_info":{"display_name":"algirdasbart","author_link":"https:\/\/madoskampas.lt\/ru\/author\/"},"uagb_comment_info":0,"uagb_excerpt":"Laisv\u0117 jud\u0117ti ir jaustis savimi \ud83d\udc99 \u201eFree Line\u201c d\u017einsai i\u0161siskiria pla\u010diu, lengvai krentan\u010diu siluetu, kuris suteikia \u012fvaizd\u017eiui modernumo ir lengvumo. Auk\u0161tesnis liemuo subtiliai i\u0161ry\u0161kina fig\u016br\u0105, o platus kirpimas u\u017etikrina komfort\u0105 visai dienai. Tai d\u017einsai, kurie prisitaiko prie tavo ritmo \u2013 puikiai dera tiek su laisvalaikio mar\u0161kin\u0117liais, tiek su eleganti\u0161kesniu \u0161varku. Vienas modelis \u2013 daugyb\u0117 derini\u0173.&hellip;","jetpack_sharing_enabled":true,"_links":{"self":[{"href":"https:\/\/madoskampas.lt\/ru\/wp-json\/wp\/v2\/product\/32341","targetHints":{"allow":["GET"]}}],"collection":[{"href":"https:\/\/madoskampas.lt\/ru\/wp-json\/wp\/v2\/product"}],"about":[{"href":"https:\/\/madoskampas.lt\/ru\/wp-json\/wp\/v2\/types\/product"}],"replies":[{"embeddable":true,"href":"https:\/\/madoskampas.lt\/ru\/wp-json\/wp\/v2\/comments?post=32341"}],"wp:featuredmedia":[{"embeddable":true,"href":"https:\/\/madoskampas.lt\/ru\/wp-json\/wp\/v2\/media\/32346"}],"wp:attachment":[{"href":"https:\/\/madoskampas.lt\/ru\/wp-json\/wp\/v2\/media?parent=32341"}],"wp:term":[{"taxonomy":"product_brand","embeddable":true,"href":"https:\/\/madoskampas.lt\/ru\/wp-json\/wp\/v2\/product_brand?post=32341"},{"taxonomy":"product_cat","embeddable":true,"href":"https:\/\/madoskampas.lt\/ru\/wp-json\/wp\/v2\/product_cat?post=32341"},{"taxonomy":"product_tag","embeddable":true,"href":"https:\/\/madoskampas.lt\/ru\/wp-json\/wp\/v2\/product_tag?post=32341"}],"curies":[{"name":"wp","href":"https:\/\/api.w.org\/{rel}","templated":true}]}}