{"id":5171,"date":"2024-09-09T15:41:37","date_gmt":"2024-09-09T15:41:37","guid":{"rendered":"https:\/\/madoskampas.lt\/?post_type=product&#038;p=5171"},"modified":"2026-04-10T09:24:09","modified_gmt":"2026-04-10T09:24:09","slug":"megztinis-su-apykakle-ilgom-rankovem","status":"publish","type":"product","link":"https:\/\/madoskampas.lt\/ru\/product-2\/megztinis-su-apykakle-ilgom-rankovem\/","title":{"rendered":"\u0414\u0436\u0435\u043c\u043f\u0435\u0440 \u0441 \u0434\u043b\u0438\u043d\u043d\u044b\u043c\u0438 \u0440\u0443\u043a\u0430\u0432\u0430\u043c\u0438 \u0438 \u0432\u043e\u0434\u043e\u043b\u0430\u0437\u043a\u043e\u0439"},"content":{"rendered":"<div dir=\"auto\">\n<p><strong>Atrask tobul\u0105 megztin\u012f rudeniui ir \u017eiemai!<\/strong><\/p>\n<p>\u0160ie i\u0161skirtinio dizaino megztukai ne tik trauks ak\u012f, bet ir suteiks jaukumo kiekvien\u0105 dien\u0105. Pagaminti i\u0161 kruop\u0161\u010diai parinkto audini\u0173 mi\u0161inio, jie puikiai balansuoja tarp \u0161ilumos, komforto ir stilingo \u012fvaizd\u017eio.<\/p>\n<p><strong>Kokyb\u0117 ir sud\u0117tis:<\/strong><\/p>\n<ul>\n<li>25% \u0161velnios vilnos suteikia nat\u016bral\u0173 \u0161ilumos poj\u016bt\u012f,<\/li>\n<li>20% medviln\u0117s u\u017etikrina odos draugi\u0161kum\u0105,<\/li>\n<li>33% viskoz\u0117s suteikia \u0161velnumo ir mink\u0161tumo,<\/li>\n<li>22% poliesterio pluo\u0161tas u\u017etikrina ilgaam\u017ei\u0161kum\u0105 bei atsparum\u0105 susid\u0117v\u0117jimui.<\/li>\n<\/ul>\n<p><strong>Universali\u0173 matmen\u0173 megztukas:<\/strong><\/p>\n<ul>\n<li>Plotis per pa\u017eastis: 52 cm \u2013 lengvai priglunda ir puikiai tinka \u012fvairioms fig\u016broms,<\/li>\n<li>Ilgis: 60 cm \u2013 idealus balansas tarp ilgio ir prakti\u0161kumo, kad jaustum\u0117t\u0117s tiek eleganti\u0161kai, tiek patogiai.<\/li>\n<\/ul>\n<p>\u0160is megztukas yra <strong>universalaus dyd\u017eio<\/strong>, tod\u0117l puikiai tiks tiek S, tiek L dyd\u017eius d\u0117vin\u010dioms moterims. Tai megztukas, kuris prisitaiko prie j\u016bs\u0173 k\u016bno form\u0173 ir kasdienio stiliaus!<\/p>\n<p><strong>\u0426\u0432\u0435\u0442\u043e\u0432\u0430\u044f \u043f\u0430\u043b\u0438\u0442\u0440\u0430:<\/strong><br \/>\nRinkit\u0117s i\u0161 spalvingos megztini\u0173 kolekcijos, kuri tinka tiek dr\u0105sioms, tiek neutralioms derini\u0173 variacijoms \u2013 nuo ry\u0161kaus ro\u017einio iki klasikinio kremo atspalvio. Pakeiskite savo kasdienyb\u0119 su \u0161iuo eleganti\u0161ku ir funkcionaliu megztiniu!<\/p>\n<p><strong>Puikiai tinka visoms progoms \u2013 ar tai b\u016bt\u0173 pasivaik\u0161\u010diojimas parke, ar jaukus vakaras mieste.<\/strong> Nepamir\u0161kite, kad universalumas yra stilingos moters draugas!<\/p>\n<p>\u012esigykite dabar ir patirkite komforto bei stiliaus harmonij\u0105!<\/p>\n<\/div>","protected":false},"excerpt":{"rendered":"<div dir=\"auto\">\n<p><strong>Atrask tobul\u0105 megztin\u012f rudeniui ir \u017eiemai!<\/strong><\/p>\n<p>\u0160ie i\u0161skirtinio dizaino megztukai ne tik trauks ak\u012f, bet ir suteiks jaukumo kiekvien\u0105 dien\u0105. Pagaminti i\u0161 kruop\u0161\u010diai parinkto audini\u0173 mi\u0161inio, jie puikiai balansuoja tarp \u0161ilumos, komforto ir stilingo \u012fvaizd\u017eio.<\/p>\n<p><strong>Kokyb\u0117 ir sud\u0117tis:<\/strong><\/p>\n<ul>\n<li>25% \u0161velnios vilnos suteikia nat\u016bral\u0173 \u0161ilumos poj\u016bt\u012f,<\/li>\n<li>20% medviln\u0117s u\u017etikrina odos draugi\u0161kum\u0105,<\/li>\n<li>33% viskoz\u0117s suteikia \u0161velnumo ir mink\u0161tumo,<\/li>\n<li>22% poliesterio pluo\u0161tas u\u017etikrina ilgaam\u017ei\u0161kum\u0105 bei atsparum\u0105 susid\u0117v\u0117jimui.<\/li>\n<\/ul>\n<p><strong>Universali\u0173 matmen\u0173 megztukas:<\/strong><\/p>\n<ul>\n<li>Plotis per pa\u017eastis: 52 cm \u2013 lengvai priglunda ir puikiai tinka \u012fvairioms fig\u016broms,<\/li>\n<li>Ilgis: 60 cm \u2013 idealus balansas tarp ilgio ir prakti\u0161kumo, kad jaustum\u0117t\u0117s tiek eleganti\u0161kai, tiek patogiai.<\/li>\n<\/ul>\n<p>\u0160is megztukas yra <strong>universalaus dyd\u017eio<\/strong>, tod\u0117l puikiai tiks tiek S, tiek L dyd\u017eius d\u0117vin\u010dioms moterims. Tai megztukas, kuris prisitaiko prie j\u016bs\u0173 k\u016bno form\u0173 ir kasdienio stiliaus!<\/p>\n<p><strong>\u0426\u0432\u0435\u0442\u043e\u0432\u0430\u044f \u043f\u0430\u043b\u0438\u0442\u0440\u0430:<\/strong><br \/>\nRinkit\u0117s i\u0161 spalvingos megztini\u0173 kolekcijos, kuri tinka tiek dr\u0105sioms, tiek neutralioms derini\u0173 variacijoms \u2013 nuo ry\u0161kaus ro\u017einio iki klasikinio kremo atspalvio. Pakeiskite savo kasdienyb\u0119 su \u0161iuo eleganti\u0161ku ir funkcionaliu megztiniu!<\/p>\n<p><strong>Puikiai tinka visoms progoms \u2013 ar tai b\u016bt\u0173 pasivaik\u0161\u010diojimas parke, ar jaukus vakaras mieste.<\/strong> Nepamir\u0161kite, kad universalumas yra stilingos moters draugas!<\/p>\n<p>\u012esigykite dabar ir patirkite komforto bei stiliaus harmonij\u0105!<\/p>\n<\/div>","protected":false},"featured_media":18076,"comment_status":"open","ping_status":"closed","template":"","meta":{"_uag_custom_page_level_css":"","_monsterinsights_skip_tracking":false,"_monsterinsights_sitenote_active":false,"_monsterinsights_sitenote_note":"","_monsterinsights_sitenote_category":0},"product_brand":[],"product_cat":[66,73],"product_tag":[],"class_list":{"0":"post-5171","1":"product","2":"type-product","3":"status-publish","4":"has-post-thumbnail","6":"product_cat-drabuziai","7":"product_cat-megztiniai","8":"tm-has-options","10":"first","11":"instock","12":"sale","13":"shipping-taxable","14":"purchasable","15":"product-type-variable"},"yoast_head":"<!-- This site is optimized with the Yoast SEO plugin v27.5 - https:\/\/yoast.com\/product\/yoast-seo-wordpress\/ -->\n<title>Megztinis su apykakle ilgom rankov\u0117m - MadosKampas.lt<\/title>\n<meta name=\"robots\" content=\"index, follow, max-snippet:-1, max-image-preview:large, max-video-preview:-1\" \/>\n<link rel=\"canonical\" href=\"https:\/\/madoskampas.lt\/ru\/product-2\/megztinis-su-apykakle-ilgom-rankovem\/\" \/>\n<meta property=\"og:locale\" content=\"ru_RU\" \/>\n<meta property=\"og:type\" content=\"article\" \/>\n<meta property=\"og:title\" content=\"Megztinis su apykakle ilgom rankov\u0117m - MadosKampas.lt\" \/>\n<meta property=\"og:description\" content=\"Atrask tobul\u0105 megztin\u012f rudeniui ir \u017eiemai!  \u0160ie i\u0161skirtinio dizaino megztukai ne tik trauks ak\u012f, bet ir suteiks jaukumo kiekvien\u0105 dien\u0105. Pagaminti i\u0161 kruop\u0161\u010diai parinkto audini\u0173 mi\u0161inio, jie puikiai balansuoja tarp \u0161ilumos, komforto ir stilingo \u012fvaizd\u017eio.  Kokyb\u0117 ir sud\u0117tis:   25% \u0161velnios vilnos suteikia nat\u016bral\u0173 \u0161ilumos poj\u016bt\u012f,  20% medviln\u0117s u\u017etikrina odos draugi\u0161kum\u0105,  33% viskoz\u0117s suteikia \u0161velnumo ir mink\u0161tumo,  22% poliesterio pluo\u0161tas u\u017etikrina ilgaam\u017ei\u0161kum\u0105 bei atsparum\u0105 susid\u0117v\u0117jimui.  Universali\u0173 matmen\u0173 megztukas:   Plotis per pa\u017eastis: 52 cm \u2013 lengvai priglunda ir puikiai tinka \u012fvairioms fig\u016broms,  Ilgis: 60 cm \u2013 idealus balansas tarp ilgio ir prakti\u0161kumo, kad jaustum\u0117t\u0117s tiek eleganti\u0161kai, tiek patogiai.  \u0160is megztukas yra universalaus dyd\u017eio, tod\u0117l puikiai tiks tiek S, tiek L dyd\u017eius d\u0117vin\u010dioms moterims. Tai megztukas, kuris prisitaiko prie j\u016bs\u0173 k\u016bno form\u0173 ir kasdienio stiliaus!  Spalv\u0173 palet\u0117: Rinkit\u0117s i\u0161 spalvingos megztini\u0173 kolekcijos, kuri tinka tiek dr\u0105sioms, tiek neutralioms derini\u0173 variacijoms \u2013 nuo ry\u0161kaus ro\u017einio iki klasikinio kremo atspalvio. Pakeiskite savo kasdienyb\u0119 su \u0161iuo eleganti\u0161ku ir funkcionaliu megztiniu!  Puikiai tinka visoms progoms \u2013 ar tai b\u016bt\u0173 pasivaik\u0161\u010diojimas parke, ar jaukus vakaras mieste. Nepamir\u0161kite, kad universalumas yra stilingos moters draugas!  \u012esigykite dabar ir patirkite komforto bei stiliaus harmonij\u0105!\" \/>\n<meta property=\"og:url\" content=\"https:\/\/madoskampas.lt\/ru\/product-2\/megztinis-su-apykakle-ilgom-rankovem\/\" \/>\n<meta property=\"og:site_name\" content=\"MadosKampas.lt\" \/>\n<meta property=\"article:modified_time\" content=\"2026-04-10T09:24:09+00:00\" \/>\n<meta property=\"og:image\" content=\"https:\/\/madoskampas.lt\/wp-content\/uploads\/2024\/09\/IMG_1630.jpeg\" \/>\n\t<meta property=\"og:image:width\" content=\"1536\" \/>\n\t<meta property=\"og:image:height\" content=\"2048\" \/>\n\t<meta property=\"og:image:type\" content=\"image\/jpeg\" \/>\n<meta name=\"twitter:card\" content=\"summary_large_image\" \/>\n<meta name=\"twitter:label1\" content=\"\u041f\u0440\u0438\u043c\u0435\u0440\u043d\u043e\u0435 \u0432\u0440\u0435\u043c\u044f \u0434\u043b\u044f \u0447\u0442\u0435\u043d\u0438\u044f\" \/>\n\t<meta name=\"twitter:data1\" content=\"2 \u043c\u0438\u043d\u0443\u0442\u044b\" \/>\n<script type=\"application\/ld+json\" class=\"yoast-schema-graph\">{\"@context\":\"https:\\\/\\\/schema.org\",\"@graph\":[{\"@type\":\"WebPage\",\"@id\":\"https:\\\/\\\/madoskampas.lt\\\/produktas\\\/megztinis-su-apykakle-ilgom-rankovem\\\/\",\"url\":\"https:\\\/\\\/madoskampas.lt\\\/produktas\\\/megztinis-su-apykakle-ilgom-rankovem\\\/\",\"name\":\"Megztinis su apykakle ilgom rankov\u0117m - MadosKampas.lt\",\"isPartOf\":{\"@id\":\"https:\\\/\\\/madoskampas.lt\\\/#website\"},\"primaryImageOfPage\":{\"@id\":\"https:\\\/\\\/madoskampas.lt\\\/produktas\\\/megztinis-su-apykakle-ilgom-rankovem\\\/#primaryimage\"},\"image\":{\"@id\":\"https:\\\/\\\/madoskampas.lt\\\/produktas\\\/megztinis-su-apykakle-ilgom-rankovem\\\/#primaryimage\"},\"thumbnailUrl\":\"https:\\\/\\\/madoskampas.lt\\\/wp-content\\\/uploads\\\/2024\\\/09\\\/IMG_1630.jpeg\",\"datePublished\":\"2024-09-09T15:41:37+00:00\",\"dateModified\":\"2026-04-10T09:24:09+00:00\",\"breadcrumb\":{\"@id\":\"https:\\\/\\\/madoskampas.lt\\\/produktas\\\/megztinis-su-apykakle-ilgom-rankovem\\\/#breadcrumb\"},\"inLanguage\":\"ru-RU\",\"potentialAction\":[{\"@type\":\"ReadAction\",\"target\":[\"https:\\\/\\\/madoskampas.lt\\\/produktas\\\/megztinis-su-apykakle-ilgom-rankovem\\\/\"]}]},{\"@type\":\"ImageObject\",\"inLanguage\":\"ru-RU\",\"@id\":\"https:\\\/\\\/madoskampas.lt\\\/produktas\\\/megztinis-su-apykakle-ilgom-rankovem\\\/#primaryimage\",\"url\":\"https:\\\/\\\/madoskampas.lt\\\/wp-content\\\/uploads\\\/2024\\\/09\\\/IMG_1630.jpeg\",\"contentUrl\":\"https:\\\/\\\/madoskampas.lt\\\/wp-content\\\/uploads\\\/2024\\\/09\\\/IMG_1630.jpeg\",\"width\":1536,\"height\":2048},{\"@type\":\"BreadcrumbList\",\"@id\":\"https:\\\/\\\/madoskampas.lt\\\/produktas\\\/megztinis-su-apykakle-ilgom-rankovem\\\/#breadcrumb\",\"itemListElement\":[{\"@type\":\"ListItem\",\"position\":1,\"name\":\"Home\",\"item\":\"https:\\\/\\\/madoskampas.lt\\\/\"},{\"@type\":\"ListItem\",\"position\":2,\"name\":\"Parduotuv\u0117\",\"item\":\"https:\\\/\\\/madoskampas.lt\\\/parduotuve-2\\\/\"},{\"@type\":\"ListItem\",\"position\":3,\"name\":\"Megztinis su apykakle ilgom rankov\u0117m\"}]},{\"@type\":\"WebSite\",\"@id\":\"https:\\\/\\\/madoskampas.lt\\\/#website\",\"url\":\"https:\\\/\\\/madoskampas.lt\\\/\",\"name\":\"MadosKampas.lt\",\"description\":\"Stilingi drabu\u017eiai moterims\",\"potentialAction\":[{\"@type\":\"SearchAction\",\"target\":{\"@type\":\"EntryPoint\",\"urlTemplate\":\"https:\\\/\\\/madoskampas.lt\\\/?s={search_term_string}\"},\"query-input\":{\"@type\":\"PropertyValueSpecification\",\"valueRequired\":true,\"valueName\":\"search_term_string\"}}],\"inLanguage\":\"ru-RU\"}]}<\/script>\n<!-- \/ Yoast SEO plugin. -->","yoast_head_json":{"title":"Megztinis su apykakle ilgom rankov\u0117m - MadosKampas.lt","robots":{"index":"index","follow":"follow","max-snippet":"max-snippet:-1","max-image-preview":"max-image-preview:large","max-video-preview":"max-video-preview:-1"},"canonical":"https:\/\/madoskampas.lt\/ru\/product-2\/megztinis-su-apykakle-ilgom-rankovem\/","og_locale":"ru_RU","og_type":"article","og_title":"Megztinis su apykakle ilgom rankov\u0117m - MadosKampas.lt","og_description":"Atrask tobul\u0105 megztin\u012f rudeniui ir \u017eiemai!  \u0160ie i\u0161skirtinio dizaino megztukai ne tik trauks ak\u012f, bet ir suteiks jaukumo kiekvien\u0105 dien\u0105. Pagaminti i\u0161 kruop\u0161\u010diai parinkto audini\u0173 mi\u0161inio, jie puikiai balansuoja tarp \u0161ilumos, komforto ir stilingo \u012fvaizd\u017eio.  Kokyb\u0117 ir sud\u0117tis:   25% \u0161velnios vilnos suteikia nat\u016bral\u0173 \u0161ilumos poj\u016bt\u012f,  20% medviln\u0117s u\u017etikrina odos draugi\u0161kum\u0105,  33% viskoz\u0117s suteikia \u0161velnumo ir mink\u0161tumo,  22% poliesterio pluo\u0161tas u\u017etikrina ilgaam\u017ei\u0161kum\u0105 bei atsparum\u0105 susid\u0117v\u0117jimui.  Universali\u0173 matmen\u0173 megztukas:   Plotis per pa\u017eastis: 52 cm \u2013 lengvai priglunda ir puikiai tinka \u012fvairioms fig\u016broms,  Ilgis: 60 cm \u2013 idealus balansas tarp ilgio ir prakti\u0161kumo, kad jaustum\u0117t\u0117s tiek eleganti\u0161kai, tiek patogiai.  \u0160is megztukas yra universalaus dyd\u017eio, tod\u0117l puikiai tiks tiek S, tiek L dyd\u017eius d\u0117vin\u010dioms moterims. Tai megztukas, kuris prisitaiko prie j\u016bs\u0173 k\u016bno form\u0173 ir kasdienio stiliaus!  Spalv\u0173 palet\u0117: Rinkit\u0117s i\u0161 spalvingos megztini\u0173 kolekcijos, kuri tinka tiek dr\u0105sioms, tiek neutralioms derini\u0173 variacijoms \u2013 nuo ry\u0161kaus ro\u017einio iki klasikinio kremo atspalvio. Pakeiskite savo kasdienyb\u0119 su \u0161iuo eleganti\u0161ku ir funkcionaliu megztiniu!  Puikiai tinka visoms progoms \u2013 ar tai b\u016bt\u0173 pasivaik\u0161\u010diojimas parke, ar jaukus vakaras mieste. Nepamir\u0161kite, kad universalumas yra stilingos moters draugas!  \u012esigykite dabar ir patirkite komforto bei stiliaus harmonij\u0105!","og_url":"https:\/\/madoskampas.lt\/ru\/product-2\/megztinis-su-apykakle-ilgom-rankovem\/","og_site_name":"MadosKampas.lt","article_modified_time":"2026-04-10T09:24:09+00:00","og_image":[{"width":1536,"height":2048,"url":"https:\/\/madoskampas.lt\/wp-content\/uploads\/2024\/09\/IMG_1630.jpeg","type":"image\/jpeg"}],"twitter_card":"summary_large_image","twitter_misc":{"\u041f\u0440\u0438\u043c\u0435\u0440\u043d\u043e\u0435 \u0432\u0440\u0435\u043c\u044f \u0434\u043b\u044f \u0447\u0442\u0435\u043d\u0438\u044f":"2 \u043c\u0438\u043d\u0443\u0442\u044b"},"schema":{"@context":"https:\/\/schema.org","@graph":[{"@type":"WebPage","@id":"https:\/\/madoskampas.lt\/produktas\/megztinis-su-apykakle-ilgom-rankovem\/","url":"https:\/\/madoskampas.lt\/produktas\/megztinis-su-apykakle-ilgom-rankovem\/","name":"Megztinis su apykakle ilgom rankov\u0117m - MadosKampas.lt","isPartOf":{"@id":"https:\/\/madoskampas.lt\/#website"},"primaryImageOfPage":{"@id":"https:\/\/madoskampas.lt\/produktas\/megztinis-su-apykakle-ilgom-rankovem\/#primaryimage"},"image":{"@id":"https:\/\/madoskampas.lt\/produktas\/megztinis-su-apykakle-ilgom-rankovem\/#primaryimage"},"thumbnailUrl":"https:\/\/madoskampas.lt\/wp-content\/uploads\/2024\/09\/IMG_1630.jpeg","datePublished":"2024-09-09T15:41:37+00:00","dateModified":"2026-04-10T09:24:09+00:00","breadcrumb":{"@id":"https:\/\/madoskampas.lt\/produktas\/megztinis-su-apykakle-ilgom-rankovem\/#breadcrumb"},"inLanguage":"ru-RU","potentialAction":[{"@type":"ReadAction","target":["https:\/\/madoskampas.lt\/produktas\/megztinis-su-apykakle-ilgom-rankovem\/"]}]},{"@type":"ImageObject","inLanguage":"ru-RU","@id":"https:\/\/madoskampas.lt\/produktas\/megztinis-su-apykakle-ilgom-rankovem\/#primaryimage","url":"https:\/\/madoskampas.lt\/wp-content\/uploads\/2024\/09\/IMG_1630.jpeg","contentUrl":"https:\/\/madoskampas.lt\/wp-content\/uploads\/2024\/09\/IMG_1630.jpeg","width":1536,"height":2048},{"@type":"BreadcrumbList","@id":"https:\/\/madoskampas.lt\/produktas\/megztinis-su-apykakle-ilgom-rankovem\/#breadcrumb","itemListElement":[{"@type":"ListItem","position":1,"name":"Home","item":"https:\/\/madoskampas.lt\/"},{"@type":"ListItem","position":2,"name":"Parduotuv\u0117","item":"https:\/\/madoskampas.lt\/parduotuve-2\/"},{"@type":"ListItem","position":3,"name":"Megztinis su apykakle ilgom rankov\u0117m"}]},{"@type":"WebSite","@id":"https:\/\/madoskampas.lt\/#website","url":"https:\/\/madoskampas.lt\/","name":"FashionKampas.lt","description":"\u0421\u0442\u0438\u043b\u044c\u043d\u0430\u044f \u043e\u0434\u0435\u0436\u0434\u0430 \u0434\u043b\u044f \u0436\u0435\u043d\u0449\u0438\u043d","potentialAction":[{"@type":"SearchAction","target":{"@type":"EntryPoint","urlTemplate":"https:\/\/madoskampas.lt\/?s={search_term_string}"},"query-input":{"@type":"PropertyValueSpecification","valueRequired":true,"valueName":"search_term_string"}}],"inLanguage":"ru-RU"}]}},"uagb_featured_image_src":{"full":["https:\/\/madoskampas.lt\/wp-content\/uploads\/2024\/09\/IMG_1630.jpeg",1536,2048,false],"thumbnail":["https:\/\/madoskampas.lt\/wp-content\/uploads\/2024\/09\/IMG_1630-150x150.jpeg",150,150,true],"medium":["https:\/\/madoskampas.lt\/wp-content\/uploads\/2024\/09\/IMG_1630-225x300.jpeg",225,300,true],"medium_large":["https:\/\/madoskampas.lt\/wp-content\/uploads\/2024\/09\/IMG_1630-768x1024.jpeg",768,1024,true],"large":["https:\/\/madoskampas.lt\/wp-content\/uploads\/2024\/09\/IMG_1630-768x1024.jpeg",768,1024,true],"1536x1536":["https:\/\/madoskampas.lt\/wp-content\/uploads\/2024\/09\/IMG_1630-1152x1536.jpeg",1152,1536,true],"2048x2048":["https:\/\/madoskampas.lt\/wp-content\/uploads\/2024\/09\/IMG_1630.jpeg",1536,2048,false],"trp-custom-language-flag":["https:\/\/madoskampas.lt\/wp-content\/uploads\/2024\/09\/IMG_1630.jpeg",9,12,false],"nova-image-square":["https:\/\/madoskampas.lt\/wp-content\/uploads\/2024\/09\/IMG_1630-1100x1100.jpeg",1100,1100,true],"mixtas-product-03":["https:\/\/madoskampas.lt\/wp-content\/uploads\/2024\/09\/IMG_1630-600x345.jpeg",600,345,true],"woocommerce_thumbnail":["https:\/\/madoskampas.lt\/wp-content\/uploads\/2024\/09\/IMG_1630-700x700.jpeg",700,700,true],"woocommerce_single":["https:\/\/madoskampas.lt\/wp-content\/uploads\/2024\/09\/IMG_1630-1000x1333.jpeg",1000,1333,true],"woocommerce_gallery_thumbnail":["https:\/\/madoskampas.lt\/wp-content\/uploads\/2024\/09\/IMG_1630-250x250.jpeg",250,250,true],"variation_swatches_image_size":["https:\/\/madoskampas.lt\/wp-content\/uploads\/2024\/09\/IMG_1630-50x50.jpeg",50,50,true],"variation_swatches_tooltip_size":["https:\/\/madoskampas.lt\/wp-content\/uploads\/2024\/09\/IMG_1630-100x100.jpeg",100,100,true]},"uagb_author_info":{"display_name":"algirdasbart","author_link":"https:\/\/madoskampas.lt\/ru\/author\/"},"uagb_comment_info":2,"uagb_excerpt":"Atrask tobul\u0105 megztin\u012f rudeniui ir \u017eiemai! \u0160ie i\u0161skirtinio dizaino megztukai ne tik trauks ak\u012f, bet ir suteiks jaukumo kiekvien\u0105 dien\u0105. Pagaminti i\u0161 kruop\u0161\u010diai parinkto audini\u0173 mi\u0161inio, jie puikiai balansuoja tarp \u0161ilumos, komforto ir stilingo \u012fvaizd\u017eio. Kokyb\u0117 ir sud\u0117tis: 25% \u0161velnios vilnos suteikia nat\u016bral\u0173 \u0161ilumos poj\u016bt\u012f, 20% medviln\u0117s u\u017etikrina odos draugi\u0161kum\u0105, 33% viskoz\u0117s suteikia \u0161velnumo ir&hellip;","jetpack_sharing_enabled":true,"_links":{"self":[{"href":"https:\/\/madoskampas.lt\/ru\/wp-json\/wp\/v2\/product\/5171","targetHints":{"allow":["GET"]}}],"collection":[{"href":"https:\/\/madoskampas.lt\/ru\/wp-json\/wp\/v2\/product"}],"about":[{"href":"https:\/\/madoskampas.lt\/ru\/wp-json\/wp\/v2\/types\/product"}],"replies":[{"embeddable":true,"href":"https:\/\/madoskampas.lt\/ru\/wp-json\/wp\/v2\/comments?post=5171"}],"wp:featuredmedia":[{"embeddable":true,"href":"https:\/\/madoskampas.lt\/ru\/wp-json\/wp\/v2\/media\/18076"}],"wp:attachment":[{"href":"https:\/\/madoskampas.lt\/ru\/wp-json\/wp\/v2\/media?parent=5171"}],"wp:term":[{"taxonomy":"product_brand","embeddable":true,"href":"https:\/\/madoskampas.lt\/ru\/wp-json\/wp\/v2\/product_brand?post=5171"},{"taxonomy":"product_cat","embeddable":true,"href":"https:\/\/madoskampas.lt\/ru\/wp-json\/wp\/v2\/product_cat?post=5171"},{"taxonomy":"product_tag","embeddable":true,"href":"https:\/\/madoskampas.lt\/ru\/wp-json\/wp\/v2\/product_tag?post=5171"}],"curies":[{"name":"wp","href":"https:\/\/api.w.org\/{rel}","templated":true}]}}