{"id":7213,"date":"2024-10-20T11:30:25","date_gmt":"2024-10-20T11:30:25","guid":{"rendered":"https:\/\/madoskampas.lt\/?post_type=product&#038;p=7213"},"modified":"2025-09-27T10:41:22","modified_gmt":"2025-09-27T10:41:22","slug":"striuke-odine-su-avies-ir-triusio-kailiu","status":"publish","type":"product","link":"https:\/\/madoskampas.lt\/ru\/product-2\/striuke-odine-su-avies-ir-triusio-kailiu\/","title":{"rendered":"\u041a\u043e\u0436\u0430\u043d\u0430\u044f \u043a\u0443\u0440\u0442\u043a\u0430 \u0441 \u043e\u0432\u0435\u0447\u044c\u0438\u043c \u0438 \u043a\u0440\u043e\u043b\u0438\u0447\u044c\u0438\u043c \u043c\u0435\u0445\u043e\u043c"},"content":{"rendered":"<p>\u0160i moderni juodos spalvos odin\u0117 striuk\u0117 sujungia prabang\u0105 ir dr\u0105s\u0173 stili\u0173. Vir\u0161us pagamintas i\u0161 auk\u0161\u010diausios kokyb\u0117s odos su avies kailio apdaila, suteikian\u010dia i\u0161skirtin\u0119 \u0161ilum\u0105 ir komfort\u0105. Viduje \u2013 \u0161velnus triu\u0161io kailis, kuris u\u017etikrina papildom\u0105 mink\u0161tum\u0105 ir jaukum\u0105.<\/p>\n<p>Universalus dydis (nuo S iki L) leid\u017eia \u0161i\u0105 striuk\u0119 prisitaikyti prie \u012fvairi\u0173 fig\u016br\u0173, o jos modernus ir \u201ekietas\u201c dizainas puikiai tiks tiek kasdieniams \u012fvaizd\u017eiams, tiek i\u0161skirtin\u0117ms progoms. \u0160i striuk\u0117 i\u0161siskiria ne tik savo funkcionalumu, bet ir stilingais detal\u0117mis \u2013 nuo kontrasting\u0173 si\u016bli\u0173 iki madingo u\u017etrauktuk\u0173 dizaino. Ideali moterims, kurios vertina unikal\u0173, bet prakti\u0161k\u0105 stili\u0173!<\/p>","protected":false},"excerpt":{"rendered":"<p>\u0160i moderni juodos spalvos odin\u0117 striuk\u0117 sujungia prabang\u0105 ir dr\u0105s\u0173 stili\u0173. Vir\u0161us pagamintas i\u0161 auk\u0161\u010diausios kokyb\u0117s odos su avies kailio apdaila, suteikian\u010dia i\u0161skirtin\u0119 \u0161ilum\u0105 ir komfort\u0105. Viduje \u2013 \u0161velnus triu\u0161io kailis, kuris u\u017etikrina papildom\u0105 mink\u0161tum\u0105 ir jaukum\u0105.<\/p>\n<p>Universalus dydis (nuo S iki L) leid\u017eia \u0161i\u0105 striuk\u0119 prisitaikyti prie \u012fvairi\u0173 fig\u016br\u0173, o jos modernus ir \u201ekietas\u201c dizainas puikiai tiks tiek kasdieniams \u012fvaizd\u017eiams, tiek i\u0161skirtin\u0117ms progoms. \u0160i striuk\u0117 i\u0161siskiria ne tik savo funkcionalumu, bet ir stilingais detal\u0117mis \u2013 nuo kontrasting\u0173 si\u016bli\u0173 iki madingo u\u017etrauktuk\u0173 dizaino. Ideali moterims, kurios vertina unikal\u0173, bet prakti\u0161k\u0105 stili\u0173!<\/p>","protected":false},"featured_media":7158,"comment_status":"open","ping_status":"closed","template":"","meta":{"_uag_custom_page_level_css":"","_monsterinsights_skip_tracking":false,"_monsterinsights_sitenote_active":false,"_monsterinsights_sitenote_note":"","_monsterinsights_sitenote_category":0},"product_brand":[],"product_cat":[66,77],"product_tag":[],"class_list":{"0":"post-7213","1":"product","2":"type-product","3":"status-publish","4":"has-post-thumbnail","6":"product_cat-drabuziai","7":"product_cat-striukes-paltai","8":"tm-has-options","10":"first","11":"instock","12":"shipping-taxable","13":"purchasable","14":"product-type-simple"},"yoast_head":"<!-- This site is optimized with the Yoast SEO plugin v27.3 - https:\/\/yoast.com\/product\/yoast-seo-wordpress\/ -->\n<title>Striuk\u0117 odin\u0117 su avies ir triu\u0161io kailiu - MadosKampas.lt<\/title>\n<meta name=\"robots\" content=\"index, follow, max-snippet:-1, max-image-preview:large, max-video-preview:-1\" \/>\n<link rel=\"canonical\" href=\"https:\/\/madoskampas.lt\/ru\/product-2\/striuke-odine-su-avies-ir-triusio-kailiu\/\" \/>\n<meta property=\"og:locale\" content=\"ru_RU\" \/>\n<meta property=\"og:type\" content=\"article\" \/>\n<meta property=\"og:title\" content=\"Striuk\u0117 odin\u0117 su avies ir triu\u0161io kailiu - MadosKampas.lt\" \/>\n<meta property=\"og:description\" content=\"\u0160i moderni juodos spalvos odin\u0117 striuk\u0117 sujungia prabang\u0105 ir dr\u0105s\u0173 stili\u0173. Vir\u0161us pagamintas i\u0161 auk\u0161\u010diausios kokyb\u0117s odos su avies kailio apdaila, suteikian\u010dia i\u0161skirtin\u0119 \u0161ilum\u0105 ir komfort\u0105. Viduje \u2013 \u0161velnus triu\u0161io kailis, kuris u\u017etikrina papildom\u0105 mink\u0161tum\u0105 ir jaukum\u0105.  Universalus dydis (nuo S iki L) leid\u017eia \u0161i\u0105 striuk\u0119 prisitaikyti prie \u012fvairi\u0173 fig\u016br\u0173, o jos modernus ir \u201ekietas\u201c dizainas puikiai tiks tiek kasdieniams \u012fvaizd\u017eiams, tiek i\u0161skirtin\u0117ms progoms. \u0160i striuk\u0117 i\u0161siskiria ne tik savo funkcionalumu, bet ir stilingais detal\u0117mis \u2013 nuo kontrasting\u0173 si\u016bli\u0173 iki madingo u\u017etrauktuk\u0173 dizaino. Ideali moterims, kurios vertina unikal\u0173, bet prakti\u0161k\u0105 stili\u0173!\" \/>\n<meta property=\"og:url\" content=\"https:\/\/madoskampas.lt\/ru\/product-2\/striuke-odine-su-avies-ir-triusio-kailiu\/\" \/>\n<meta property=\"og:site_name\" content=\"MadosKampas.lt\" \/>\n<meta property=\"article:modified_time\" content=\"2025-09-27T10:41:22+00:00\" \/>\n<meta property=\"og:image\" content=\"https:\/\/madoskampas.lt\/wp-content\/uploads\/2024\/10\/IMG_6552.jpeg\" \/>\n\t<meta property=\"og:image:width\" content=\"1536\" \/>\n\t<meta property=\"og:image:height\" content=\"2048\" \/>\n\t<meta property=\"og:image:type\" content=\"image\/jpeg\" \/>\n<meta name=\"twitter:card\" content=\"summary_large_image\" \/>\n<meta name=\"twitter:label1\" content=\"\u041f\u0440\u0438\u043c\u0435\u0440\u043d\u043e\u0435 \u0432\u0440\u0435\u043c\u044f \u0434\u043b\u044f \u0447\u0442\u0435\u043d\u0438\u044f\" \/>\n\t<meta name=\"twitter:data1\" content=\"1 \u043c\u0438\u043d\u0443\u0442\u0430\" \/>\n<script type=\"application\/ld+json\" class=\"yoast-schema-graph\">{\"@context\":\"https:\\\/\\\/schema.org\",\"@graph\":[{\"@type\":\"WebPage\",\"@id\":\"https:\\\/\\\/madoskampas.lt\\\/produktas\\\/striuke-odine-su-avies-ir-triusio-kailiu\\\/\",\"url\":\"https:\\\/\\\/madoskampas.lt\\\/produktas\\\/striuke-odine-su-avies-ir-triusio-kailiu\\\/\",\"name\":\"Striuk\u0117 odin\u0117 su avies ir triu\u0161io kailiu - MadosKampas.lt\",\"isPartOf\":{\"@id\":\"https:\\\/\\\/madoskampas.lt\\\/#website\"},\"primaryImageOfPage\":{\"@id\":\"https:\\\/\\\/madoskampas.lt\\\/produktas\\\/striuke-odine-su-avies-ir-triusio-kailiu\\\/#primaryimage\"},\"image\":{\"@id\":\"https:\\\/\\\/madoskampas.lt\\\/produktas\\\/striuke-odine-su-avies-ir-triusio-kailiu\\\/#primaryimage\"},\"thumbnailUrl\":\"https:\\\/\\\/madoskampas.lt\\\/wp-content\\\/uploads\\\/2024\\\/10\\\/IMG_6552.jpeg\",\"datePublished\":\"2024-10-20T11:30:25+00:00\",\"dateModified\":\"2025-09-27T10:41:22+00:00\",\"breadcrumb\":{\"@id\":\"https:\\\/\\\/madoskampas.lt\\\/produktas\\\/striuke-odine-su-avies-ir-triusio-kailiu\\\/#breadcrumb\"},\"inLanguage\":\"ru-RU\",\"potentialAction\":[{\"@type\":\"ReadAction\",\"target\":[\"https:\\\/\\\/madoskampas.lt\\\/produktas\\\/striuke-odine-su-avies-ir-triusio-kailiu\\\/\"]}]},{\"@type\":\"ImageObject\",\"inLanguage\":\"ru-RU\",\"@id\":\"https:\\\/\\\/madoskampas.lt\\\/produktas\\\/striuke-odine-su-avies-ir-triusio-kailiu\\\/#primaryimage\",\"url\":\"https:\\\/\\\/madoskampas.lt\\\/wp-content\\\/uploads\\\/2024\\\/10\\\/IMG_6552.jpeg\",\"contentUrl\":\"https:\\\/\\\/madoskampas.lt\\\/wp-content\\\/uploads\\\/2024\\\/10\\\/IMG_6552.jpeg\",\"width\":1536,\"height\":2048},{\"@type\":\"BreadcrumbList\",\"@id\":\"https:\\\/\\\/madoskampas.lt\\\/produktas\\\/striuke-odine-su-avies-ir-triusio-kailiu\\\/#breadcrumb\",\"itemListElement\":[{\"@type\":\"ListItem\",\"position\":1,\"name\":\"Home\",\"item\":\"https:\\\/\\\/madoskampas.lt\\\/\"},{\"@type\":\"ListItem\",\"position\":2,\"name\":\"Parduotuv\u0117\",\"item\":\"https:\\\/\\\/madoskampas.lt\\\/parduotuve-2\\\/\"},{\"@type\":\"ListItem\",\"position\":3,\"name\":\"Striuk\u0117 odin\u0117 su avies ir triu\u0161io kailiu\"}]},{\"@type\":\"WebSite\",\"@id\":\"https:\\\/\\\/madoskampas.lt\\\/#website\",\"url\":\"https:\\\/\\\/madoskampas.lt\\\/\",\"name\":\"MadosKampas.lt\",\"description\":\"Stilingi drabu\u017eiai moterims\",\"potentialAction\":[{\"@type\":\"SearchAction\",\"target\":{\"@type\":\"EntryPoint\",\"urlTemplate\":\"https:\\\/\\\/madoskampas.lt\\\/?s={search_term_string}\"},\"query-input\":{\"@type\":\"PropertyValueSpecification\",\"valueRequired\":true,\"valueName\":\"search_term_string\"}}],\"inLanguage\":\"ru-RU\"}]}<\/script>\n<!-- \/ Yoast SEO plugin. -->","yoast_head_json":{"title":"Striuk\u0117 odin\u0117 su avies ir triu\u0161io kailiu - MadosKampas.lt","robots":{"index":"index","follow":"follow","max-snippet":"max-snippet:-1","max-image-preview":"max-image-preview:large","max-video-preview":"max-video-preview:-1"},"canonical":"https:\/\/madoskampas.lt\/ru\/product-2\/striuke-odine-su-avies-ir-triusio-kailiu\/","og_locale":"ru_RU","og_type":"article","og_title":"Striuk\u0117 odin\u0117 su avies ir triu\u0161io kailiu - MadosKampas.lt","og_description":"\u0160i moderni juodos spalvos odin\u0117 striuk\u0117 sujungia prabang\u0105 ir dr\u0105s\u0173 stili\u0173. Vir\u0161us pagamintas i\u0161 auk\u0161\u010diausios kokyb\u0117s odos su avies kailio apdaila, suteikian\u010dia i\u0161skirtin\u0119 \u0161ilum\u0105 ir komfort\u0105. Viduje \u2013 \u0161velnus triu\u0161io kailis, kuris u\u017etikrina papildom\u0105 mink\u0161tum\u0105 ir jaukum\u0105.  Universalus dydis (nuo S iki L) leid\u017eia \u0161i\u0105 striuk\u0119 prisitaikyti prie \u012fvairi\u0173 fig\u016br\u0173, o jos modernus ir \u201ekietas\u201c dizainas puikiai tiks tiek kasdieniams \u012fvaizd\u017eiams, tiek i\u0161skirtin\u0117ms progoms. \u0160i striuk\u0117 i\u0161siskiria ne tik savo funkcionalumu, bet ir stilingais detal\u0117mis \u2013 nuo kontrasting\u0173 si\u016bli\u0173 iki madingo u\u017etrauktuk\u0173 dizaino. Ideali moterims, kurios vertina unikal\u0173, bet prakti\u0161k\u0105 stili\u0173!","og_url":"https:\/\/madoskampas.lt\/ru\/product-2\/striuke-odine-su-avies-ir-triusio-kailiu\/","og_site_name":"MadosKampas.lt","article_modified_time":"2025-09-27T10:41:22+00:00","og_image":[{"width":1536,"height":2048,"url":"https:\/\/madoskampas.lt\/wp-content\/uploads\/2024\/10\/IMG_6552.jpeg","type":"image\/jpeg"}],"twitter_card":"summary_large_image","twitter_misc":{"\u041f\u0440\u0438\u043c\u0435\u0440\u043d\u043e\u0435 \u0432\u0440\u0435\u043c\u044f \u0434\u043b\u044f \u0447\u0442\u0435\u043d\u0438\u044f":"1 \u043c\u0438\u043d\u0443\u0442\u0430"},"schema":{"@context":"https:\/\/schema.org","@graph":[{"@type":"WebPage","@id":"https:\/\/madoskampas.lt\/produktas\/striuke-odine-su-avies-ir-triusio-kailiu\/","url":"https:\/\/madoskampas.lt\/produktas\/striuke-odine-su-avies-ir-triusio-kailiu\/","name":"Striuk\u0117 odin\u0117 su avies ir triu\u0161io kailiu - MadosKampas.lt","isPartOf":{"@id":"https:\/\/madoskampas.lt\/#website"},"primaryImageOfPage":{"@id":"https:\/\/madoskampas.lt\/produktas\/striuke-odine-su-avies-ir-triusio-kailiu\/#primaryimage"},"image":{"@id":"https:\/\/madoskampas.lt\/produktas\/striuke-odine-su-avies-ir-triusio-kailiu\/#primaryimage"},"thumbnailUrl":"https:\/\/madoskampas.lt\/wp-content\/uploads\/2024\/10\/IMG_6552.jpeg","datePublished":"2024-10-20T11:30:25+00:00","dateModified":"2025-09-27T10:41:22+00:00","breadcrumb":{"@id":"https:\/\/madoskampas.lt\/produktas\/striuke-odine-su-avies-ir-triusio-kailiu\/#breadcrumb"},"inLanguage":"ru-RU","potentialAction":[{"@type":"ReadAction","target":["https:\/\/madoskampas.lt\/produktas\/striuke-odine-su-avies-ir-triusio-kailiu\/"]}]},{"@type":"ImageObject","inLanguage":"ru-RU","@id":"https:\/\/madoskampas.lt\/produktas\/striuke-odine-su-avies-ir-triusio-kailiu\/#primaryimage","url":"https:\/\/madoskampas.lt\/wp-content\/uploads\/2024\/10\/IMG_6552.jpeg","contentUrl":"https:\/\/madoskampas.lt\/wp-content\/uploads\/2024\/10\/IMG_6552.jpeg","width":1536,"height":2048},{"@type":"BreadcrumbList","@id":"https:\/\/madoskampas.lt\/produktas\/striuke-odine-su-avies-ir-triusio-kailiu\/#breadcrumb","itemListElement":[{"@type":"ListItem","position":1,"name":"Home","item":"https:\/\/madoskampas.lt\/"},{"@type":"ListItem","position":2,"name":"Parduotuv\u0117","item":"https:\/\/madoskampas.lt\/parduotuve-2\/"},{"@type":"ListItem","position":3,"name":"Striuk\u0117 odin\u0117 su avies ir triu\u0161io kailiu"}]},{"@type":"WebSite","@id":"https:\/\/madoskampas.lt\/#website","url":"https:\/\/madoskampas.lt\/","name":"FashionKampas.lt","description":"\u0421\u0442\u0438\u043b\u044c\u043d\u0430\u044f \u043e\u0434\u0435\u0436\u0434\u0430 \u0434\u043b\u044f \u0436\u0435\u043d\u0449\u0438\u043d","potentialAction":[{"@type":"SearchAction","target":{"@type":"EntryPoint","urlTemplate":"https:\/\/madoskampas.lt\/?s={search_term_string}"},"query-input":{"@type":"PropertyValueSpecification","valueRequired":true,"valueName":"search_term_string"}}],"inLanguage":"ru-RU"}]}},"uagb_featured_image_src":{"full":["https:\/\/madoskampas.lt\/wp-content\/uploads\/2024\/10\/IMG_6552.jpeg",1536,2048,false],"thumbnail":["https:\/\/madoskampas.lt\/wp-content\/uploads\/2024\/10\/IMG_6552-150x150.jpeg",150,150,true],"medium":["https:\/\/madoskampas.lt\/wp-content\/uploads\/2024\/10\/IMG_6552-225x300.jpeg",225,300,true],"medium_large":["https:\/\/madoskampas.lt\/wp-content\/uploads\/2024\/10\/IMG_6552-768x1024.jpeg",768,1024,true],"large":["https:\/\/madoskampas.lt\/wp-content\/uploads\/2024\/10\/IMG_6552-768x1024.jpeg",768,1024,true],"1536x1536":["https:\/\/madoskampas.lt\/wp-content\/uploads\/2024\/10\/IMG_6552-1152x1536.jpeg",1152,1536,true],"2048x2048":["https:\/\/madoskampas.lt\/wp-content\/uploads\/2024\/10\/IMG_6552.jpeg",1536,2048,false],"trp-custom-language-flag":["https:\/\/madoskampas.lt\/wp-content\/uploads\/2024\/10\/IMG_6552.jpeg",9,12,false],"nova-image-square":["https:\/\/madoskampas.lt\/wp-content\/uploads\/2024\/10\/IMG_6552-1100x1100.jpeg",1100,1100,true],"mixtas-product-03":["https:\/\/madoskampas.lt\/wp-content\/uploads\/2024\/10\/IMG_6552-600x345.jpeg",600,345,true],"woocommerce_thumbnail":["https:\/\/madoskampas.lt\/wp-content\/uploads\/2024\/10\/IMG_6552-700x700.jpeg",700,700,true],"woocommerce_single":["https:\/\/madoskampas.lt\/wp-content\/uploads\/2024\/10\/IMG_6552-1000x1333.jpeg",1000,1333,true],"woocommerce_gallery_thumbnail":["https:\/\/madoskampas.lt\/wp-content\/uploads\/2024\/10\/IMG_6552-250x250.jpeg",250,250,true],"variation_swatches_image_size":["https:\/\/madoskampas.lt\/wp-content\/uploads\/2024\/10\/IMG_6552-50x50.jpeg",50,50,true],"variation_swatches_tooltip_size":["https:\/\/madoskampas.lt\/wp-content\/uploads\/2024\/10\/IMG_6552-100x100.jpeg",100,100,true]},"uagb_author_info":{"display_name":"algirdasbart","author_link":"https:\/\/madoskampas.lt\/ru\/author\/"},"uagb_comment_info":1,"uagb_excerpt":"\u0160i moderni juodos spalvos odin\u0117 striuk\u0117 sujungia prabang\u0105 ir dr\u0105s\u0173 stili\u0173. Vir\u0161us pagamintas i\u0161 auk\u0161\u010diausios kokyb\u0117s odos su avies kailio apdaila, suteikian\u010dia i\u0161skirtin\u0119 \u0161ilum\u0105 ir komfort\u0105. Viduje \u2013 \u0161velnus triu\u0161io kailis, kuris u\u017etikrina papildom\u0105 mink\u0161tum\u0105 ir jaukum\u0105. Universalus dydis (nuo S iki L) leid\u017eia \u0161i\u0105 striuk\u0119 prisitaikyti prie \u012fvairi\u0173 fig\u016br\u0173, o jos modernus ir \u201ekietas\u201c&hellip;","jetpack_sharing_enabled":true,"_links":{"self":[{"href":"https:\/\/madoskampas.lt\/ru\/wp-json\/wp\/v2\/product\/7213","targetHints":{"allow":["GET"]}}],"collection":[{"href":"https:\/\/madoskampas.lt\/ru\/wp-json\/wp\/v2\/product"}],"about":[{"href":"https:\/\/madoskampas.lt\/ru\/wp-json\/wp\/v2\/types\/product"}],"replies":[{"embeddable":true,"href":"https:\/\/madoskampas.lt\/ru\/wp-json\/wp\/v2\/comments?post=7213"}],"wp:featuredmedia":[{"embeddable":true,"href":"https:\/\/madoskampas.lt\/ru\/wp-json\/wp\/v2\/media\/7158"}],"wp:attachment":[{"href":"https:\/\/madoskampas.lt\/ru\/wp-json\/wp\/v2\/media?parent=7213"}],"wp:term":[{"taxonomy":"product_brand","embeddable":true,"href":"https:\/\/madoskampas.lt\/ru\/wp-json\/wp\/v2\/product_brand?post=7213"},{"taxonomy":"product_cat","embeddable":true,"href":"https:\/\/madoskampas.lt\/ru\/wp-json\/wp\/v2\/product_cat?post=7213"},{"taxonomy":"product_tag","embeddable":true,"href":"https:\/\/madoskampas.lt\/ru\/wp-json\/wp\/v2\/product_tag?post=7213"}],"curies":[{"name":"wp","href":"https:\/\/api.w.org\/{rel}","templated":true}]}}